{"id":6,"date":"2020-11-11T11:44:23","date_gmt":"2020-11-11T10:44:23","guid":{"rendered":"https:\/\/frv.com\/en\/?page_id=6"},"modified":"2025-11-27T12:45:36","modified_gmt":"2025-11-27T11:45:36","slug":"the-future-happens-here","status":"publish","type":"page","link":"https:\/\/frv.com\/pl\/","title":{"rendered":""},"content":{"rendered":"","protected":false},"excerpt":{"rendered":"","protected":false},"author":1,"featured_media":20115,"parent":0,"menu_order":15,"comment_status":"closed","ping_status":"closed","template":"","meta":{"_acf_changed":false,"footnotes":""},"class_list":["post-6","page","type-page","status-publish","has-post-thumbnail","hentry"],"acf":[],"yoast_head":"<!-- This site is optimized with the Yoast SEO plugin v26.7 - https:\/\/yoast.com\/wordpress\/plugins\/seo\/ -->\n<title>FRV - The future happens here<\/title>\n<meta name=\"description\" content=\"We are world leaders in providing comprehensive renewable energy solutions for all. We are making progress a tangible reality.\" \/>\n<meta name=\"robots\" content=\"index, follow, max-snippet:-1, max-image-preview:large, max-video-preview:-1\" \/>\n<link rel=\"canonical\" href=\"https:\/\/frv.com\/pl\/\" \/>\n<meta property=\"og:locale\" content=\"pl_PL\" \/>\n<meta property=\"og:type\" content=\"article\" \/>\n<meta property=\"og:title\" content=\"El futuro sucede aqu\u00ed | The future happens here\" \/>\n<meta property=\"og:description\" content=\"Somos l\u00edderes mundiales en el suministro de soluciones integrales de energ\u00eda renovable. Aprovechamos el poder de la naturaleza para democratizar el acceso a la energ\u00eda sostenible y limpia, convirti\u00e9ndola en una opci\u00f3n econ\u00f3micamente viable para todos. | We are world leaders in providing comprehensive renewable energy solutions. We\u2019re harnessing the power of nature to democratize access to sustainable, clean energy, making it an economically viable choice for all.\" \/>\n<meta property=\"og:url\" content=\"https:\/\/frv.com\/pl\/en\/\" \/>\n<meta property=\"og:site_name\" content=\"FRV\" \/>\n<meta property=\"article:publisher\" content=\"https:\/\/www.facebook.com\/FRV.Official\" \/>\n<meta property=\"article:modified_time\" content=\"2025-11-27T11:45:36+00:00\" \/>\n<meta property=\"og:image\" content=\"https:\/\/frv.com\/wp-content\/uploads\/2019\/07\/ShadowPP-AJL-Madrid-0388-scaled.jpg\" \/>\n\t<meta property=\"og:image:width\" content=\"2560\" \/>\n\t<meta property=\"og:image:height\" content=\"1707\" \/>\n\t<meta property=\"og:image:type\" content=\"image\/jpeg\" \/>\n<meta name=\"twitter:card\" content=\"summary_large_image\" \/>\n<meta name=\"twitter:title\" content=\"The future happens here\" \/>\n<meta name=\"twitter:description\" content=\"We are world leaders in providing comprehensive renewable energy solutions.\" \/>\n<meta name=\"twitter:image\" content=\"https:\/\/frv.com\/wp-content\/uploads\/2019\/07\/ShadowPP-AJL-Madrid-0388-scaled.jpg\" \/>\n<meta name=\"twitter:site\" content=\"@FotowatioRV\" \/>\n<meta name=\"twitter:label1\" content=\"Szacowany czas czytania\" \/>\n\t<meta name=\"twitter:data1\" content=\"1 minuta\" \/>\n<script type=\"application\/ld+json\" class=\"yoast-schema-graph\">{\"@context\":\"https:\/\/schema.org\",\"@graph\":[{\"@type\":\"WebPage\",\"@id\":\"https:\/\/frv.com\/pl\/\",\"url\":\"https:\/\/frv.com\/pl\/\",\"name\":\"FRV - The future happens here\",\"isPartOf\":{\"@id\":\"https:\/\/frv.com\/pl\/#website\"},\"primaryImageOfPage\":{\"@id\":\"https:\/\/frv.com\/pl\/#primaryimage\"},\"image\":{\"@id\":\"https:\/\/frv.com\/#primaryimage\"},\"thumbnailUrl\":\"https:\/\/frv.com\/wp-content\/uploads\/2023\/01\/IJQL9778.jpg\",\"datePublished\":\"2020-11-11T10:44:23+00:00\",\"dateModified\":\"2025-11-27T11:45:36+00:00\",\"description\":\"We are world leaders in providing comprehensive renewable energy solutions for all. We are making progress a tangible reality.\",\"inLanguage\":\"pl-PL\",\"potentialAction\":[{\"@type\":\"ReadAction\",\"target\":[[\"https:\/\/frv.com\/pl\/\"]]}]},{\"@type\":\"ImageObject\",\"inLanguage\":\"pl-PL\",\"@id\":\"https:\/\/frv.com\/pl\/#primaryimage\",\"url\":\"https:\/\/frv.com\/wp-content\/uploads\/2023\/01\/IJQL9778.jpg\",\"contentUrl\":\"https:\/\/frv.com\/wp-content\/uploads\/2023\/01\/IJQL9778.jpg\",\"width\":1600,\"height\":1200,\"caption\":\"Carmonita Ministerio\"},{\"@type\":\"WebSite\",\"@id\":\"https:\/\/frv.com\/pl\/#website\",\"url\":\"https:\/\/frv.com\/pl\/\",\"name\":\"FRV\",\"description\":\"The future happens here\",\"potentialAction\":[{\"@type\":\"SearchAction\",\"target\":{\"@type\":\"EntryPoint\",\"urlTemplate\":\"https:\/\/frv.com\/pl\/?s={search_term_string}\"},\"query-input\":{\"@type\":\"PropertyValueSpecification\",\"valueRequired\":true,\"valueName\":\"search_term_string\"}}],\"inLanguage\":\"pl-PL\"}]}<\/script>\n<!-- \/ Yoast SEO plugin. -->","yoast_head_json":{"title":"FRV - The future happens here","description":"We are world leaders in providing comprehensive renewable energy solutions for all. We are making progress a tangible reality.","robots":{"index":"index","follow":"follow","max-snippet":"max-snippet:-1","max-image-preview":"max-image-preview:large","max-video-preview":"max-video-preview:-1"},"canonical":"https:\/\/frv.com\/pl\/","og_locale":"pl_PL","og_type":"article","og_title":"El futuro sucede aqu\u00ed | The future happens here","og_description":"Somos l\u00edderes mundiales en el suministro de soluciones integrales de energ\u00eda renovable. Aprovechamos el poder de la naturaleza para democratizar el acceso a la energ\u00eda sostenible y limpia, convirti\u00e9ndola en una opci\u00f3n econ\u00f3micamente viable para todos. | We are world leaders in providing comprehensive renewable energy solutions. We\u2019re harnessing the power of nature to democratize access to sustainable, clean energy, making it an economically viable choice for all.","og_url":"https:\/\/frv.com\/pl\/en\/","og_site_name":"FRV","article_publisher":"https:\/\/www.facebook.com\/FRV.Official","article_modified_time":"2025-11-27T11:45:36+00:00","og_image":[{"width":2560,"height":1707,"url":"https:\/\/frv.com\/wp-content\/uploads\/2019\/07\/ShadowPP-AJL-Madrid-0388-scaled.jpg","type":"image\/jpeg"}],"twitter_card":"summary_large_image","twitter_title":"The future happens here","twitter_description":"We are world leaders in providing comprehensive renewable energy solutions.","twitter_image":"https:\/\/frv.com\/wp-content\/uploads\/2019\/07\/ShadowPP-AJL-Madrid-0388-scaled.jpg","twitter_site":"@FotowatioRV","twitter_misc":{"Szacowany czas czytania":"1 minuta"},"schema":{"@context":"https:\/\/schema.org","@graph":[{"@type":"WebPage","@id":"https:\/\/frv.com\/pl\/","url":"https:\/\/frv.com\/pl\/","name":"FRV - The future happens here","isPartOf":{"@id":"https:\/\/frv.com\/pl\/#website"},"primaryImageOfPage":{"@id":"https:\/\/frv.com\/pl\/#primaryimage"},"image":{"@id":"https:\/\/frv.com\/#primaryimage"},"thumbnailUrl":"https:\/\/frv.com\/wp-content\/uploads\/2023\/01\/IJQL9778.jpg","datePublished":"2020-11-11T10:44:23+00:00","dateModified":"2025-11-27T11:45:36+00:00","description":"We are world leaders in providing comprehensive renewable energy solutions for all. We are making progress a tangible reality.","inLanguage":"pl-PL","potentialAction":[{"@type":"ReadAction","target":[["https:\/\/frv.com\/pl\/"]]}]},{"@type":"ImageObject","inLanguage":"pl-PL","@id":"https:\/\/frv.com\/pl\/#primaryimage","url":"https:\/\/frv.com\/wp-content\/uploads\/2023\/01\/IJQL9778.jpg","contentUrl":"https:\/\/frv.com\/wp-content\/uploads\/2023\/01\/IJQL9778.jpg","width":1600,"height":1200,"caption":"Carmonita Ministerio"},{"@type":"WebSite","@id":"https:\/\/frv.com\/pl\/#website","url":"https:\/\/frv.com\/pl\/","name":"FRV","description":"The future happens here","potentialAction":[{"@type":"SearchAction","target":{"@type":"EntryPoint","urlTemplate":"https:\/\/frv.com\/pl\/?s={search_term_string}"},"query-input":{"@type":"PropertyValueSpecification","valueRequired":true,"valueName":"search_term_string"}}],"inLanguage":"pl-PL"}]}},"search_content":" <h2 class=\"title\">Co roku<\/h2> >1,20 mln ton CO2, kt\u00f3rych uda\u0142o si\u0119 unikn\u0105\u0107 >0,79 million gospodarstw domowych zaopatrywanych <h2 class=\"title\">Wiod\u0105ca rola w transformacji przemys\u0142u energetycznego<\/h2> <p>Sprawiamy, \u017ce post\u0119p staje si\u0119 namacaln\u0105 rzeczywisto\u015bci\u0105. Ka\u017cdego dnia tworzymy rozwi\u0105zania, kt\u00f3re s\u0105 motorem zmian i nap\u0119dzaj\u0105 nasz\u0105 przysz\u0142o\u015b\u0107.<\/p> <a href='https:\/\/frv.com\/pl\/services\/expertise\/' target=\"\" class=\" button-secondary\">Poznaj nasze us\u0142ugi<\/a> <h2 class=\"title\">Innowacje, FRV-X what's next?<\/h2> <p>Tworzymy prze\u0142omowe rozwi\u0105zania w ca\u0142ym \u0142a\u0144cuchu warto\u015bci Nowej Energii.<\/p> <p>W 2019 r. uruchomili\u015bmy FRV-X jako nasz\u0105 platform\u0119 technologiczn\u0105 zdoln\u0105 do tworzenia innowacyjnych rozwi\u0105za\u0144 wzd\u0142u\u017c \u0142a\u0144cucha warto\u015bci nowej energii.<\/p> <p>Zesp\u00f3\u0142 FRV-X kontynuuje pioniersk\u0105 podr\u00f3\u017c FRV poprzez identyfikacj\u0119, badanie i inkubacj\u0119 innowacyjnych koncepcji w zakresie technologii, us\u0142ug i modeli biznesowych w celu dostarczania op\u0142acalnych i skalowalnych rozwi\u0105za\u0144, kt\u00f3re nadal nap\u0119dzaj\u0105 globalne przej\u015bcie na zr\u00f3wnowa\u017cony model energii odnawialnej.<\/p> Green Hydrogen and derivatives Behind the meter (BTM) New Digital Business Models <a href='https:\/\/frv.com\/en\/services\/frv-x\/' target=\"\" class=\" button-secondary\">Explore FRV-X, our innovation hub<\/a> <h2 class=\"title\">Przekszta\u0142cenie energii<\/h2> <p>A gdyby\u015bmy mogli pom\u00f3c Ci w bardziej efektywnym zarz\u0105dzaniu energi\u0105?<\/p> <a href='https:\/\/frv.com\/pl\/services\/operation-and-maintenance\/' target=\"\" class=\" button-secondary\">Zapoznaj si\u0119 z naszymi us\u0142ugami O&M<\/a> <h2 class=\"title\">Sukcesem najlepiej si\u0119 dzieli\u0107<\/h2> <p>Nasz cel wykracza poza zwyk\u0142y rozw\u00f3j infrastruktury i wytwarzanie energii. Chcemy przyczyni\u0107 si\u0119 do dobrobytu i rozwoju spo\u0142eczno\u015bci, w kt\u00f3rych dzia\u0142amy, aby osi\u0105gn\u0105\u0107 dekarbonizacj\u0119 systemu energetycznego i zdemokratyzowa\u0107 dost\u0119p do energii.<\/p> <a href='https:\/\/frv.com\/pl\/commitment\/environmental-social-governance\/' target=\"\" class=\" button-secondary\">Zapoznaj si\u0119 z naszym zaanga\u017cowaniem<\/a> <p>\u201dOczekiwana inwestycja o warto\u015bci 7 mld USD w aktywa i infrastruktur\u0119, kt\u00f3ra ma podwoi\u0107 moc zainstalowan\u0105 w zarz\u0105dzaniu do oko\u0142o 4 GW do 2026\u201d<\/p> <h2 class=\"title\">FRV overview<\/h2> 4 Kontynenty >50 Ro\u015bliny >5GW do\u015bwiadczenia w zakresie rozwoju >4US$ BILLION pl finansowanie projektu <h2 class=\"title\">Nasze do\u015bwiadczenie<\/h2> <p>Od 2006 roku FRV d\u0105\u017cy do przezwyci\u0119\u017cenia ogranicze\u0144 konwencjonalnego \u0142a\u0144cucha warto\u015bci w energetyce poprzez opracowywanie wielkoskalowych rozwi\u0105za\u0144 w zakresie energii odnawialnej, kt\u00f3re pomog\u0105 nam osi\u0105gn\u0105\u0107 lepsz\u0105 przysz\u0142o\u015b\u0107.<\/p> 0,00 MW DC Worldwide total Projects total Map Cards CountryArmeniaAustraliaChileFinlandItalyJordanMexicoNew ZealandSpainUnited KingdomUruguay StatusPPAsIn operationIn construction TechnologyPhotovoltaic PlantWind Power PlantEnergy Storage ProjectsHybrid Projects <a class=\"button-primary hide\" data-back-all>Back to World<\/a> All Projects found: No projects found. \u2039 \u203a <a class=\"link-block\" href=\"https:\/\/frv.com\/pl\/projects\/redipuglia-bess\/\"> 206,00 MW DC Energy Storage Projects Redipuglia Italy PPAs <\/a> <a class=\"link-block\" href=\"https:\/\/frv.com\/pl\/projects\/acciaiolo-bess\/\"> 50,00 MW DC Energy Storage Projects Acciaiolo Italy PPAs <\/a> <a class=\"link-block\" href=\"https:\/\/frv.com\/pl\/projects\/simo\/\"> 100,00 MW DC Energy Storage Projects Simo Finland In construction <\/a> <a class=\"link-block\" href=\"https:\/\/frv.com\/pl\/projects\/lauriston-pv-plant\/\"> 63,00 MW DC Photovoltaic Plant Lauriston Lauriston \/ New Zealand In operation <\/a> <a class=\"link-block\" href=\"https:\/\/frv.com\/pl\/projects\/alcores\/\"> 83,00 MW DC Photovoltaic Plant Alcores Andaluc\u00eda \/ Spain In operation <\/a> <a class=\"link-block\" href=\"https:\/\/frv.com\/pl\/projects\/carmonita-sur\/\"> 105,00 MW DC Photovoltaic Plant Carmonita Sur Extremadura \/ Spain In operation <\/a> <a class=\"link-block\" href=\"https:\/\/frv.com\/pl\/projects\/carmonita-iv\/\"> 50,00 MW DC Photovoltaic Plant Carmonita IV Spain In construction <\/a> <a class=\"link-block\" href=\"https:\/\/frv.com\/pl\/projects\/carmonita-ministerio\/\"> 477,00 MW DC Photovoltaic Plant Carmonita Ministerio Extremadura \/ Spain In operation <\/a> <a class=\"link-block\" href=\"https:\/\/frv.com\/pl\/projects\/loncualhue\/\"> 160,00 MW DC Wind Power Plant Loncualhue Regi\u00f3n de Maule \/ Chile PPAs <\/a> <a class=\"link-block\" href=\"https:\/\/frv.com\/pl\/projects\/terang-bess\/\"> 100,00 MW DC Energy Storage Projects Terang Terang \/ Australia In construction <\/a> <a class=\"link-block\" href=\"https:\/\/frv.com\/pl\/projects\/gnarwarre-bess\/\"> 250,00 MW DC Energy Storage Projects Gnarwarre Gnarwarre \/ Australia In construction <\/a> <a class=\"link-block\" href=\"https:\/\/frv.com\/pl\/projects\/carmonita-norte-115-mw\/\"> 115,00 MW DC Photovoltaic Plant Carmonita Norte Extremadura \/ Spain In operation <\/a> <a class=\"link-block\" href=\"https:\/\/frv.com\/pl\/projects\/san-servan-400\/\"> 150,00 MW DC Photovoltaic Plant San Serv\u00e1n 400 Spain In operation <\/a> <a class=\"link-block\" href=\"https:\/\/frv.com\/pl\/projects\/clay-tye-battery-energy-storage-system\/\"> 99,00 MW DC Energy Storage Projects Clay Tye United Kingdom In operation <\/a> <a class=\"link-block\" href=\"https:\/\/frv.com\/pl\/projects\/tarapaca\/\"> 504,00 MW DC Hybrid Projects Tarapac\u00e1 Chile In construction <\/a> <a class=\"link-block\" href=\"https:\/\/frv.com\/pl\/projects\/llanos-de-maranon-hybrid-renewable-energy-project\/\"> 458,00 MW DC Photovoltaic Plant Llanos de Mara\u00f1\u00f3n Chile PPAs <\/a> <a class=\"link-block\" href=\"https:\/\/frv.com\/pl\/projects\/frigarsa-energy-storage-as-a-service\/\"> 0,48 MW DC Energy Storage Projects Frigarsa Energy Storage-as-a-Service Mexico In operation <\/a> <a class=\"link-block\" href=\"https:\/\/frv.com\/pl\/projects\/san-servan\/\"> 138,00 MW DC Photovoltaic Plant San Serv\u00e1n Solana de los Barros, Extremadura \/ Spain In operation <\/a> <a class=\"link-block\" href=\"https:\/\/frv.com\/pl\/projects\/dalby\/\"> 5,00 MW DC Hybrid Projects Dalby Brisbane, Queensland \/ Australia In operation <\/a> <a class=\"link-block\" href=\"https:\/\/frv.com\/pl\/projects\/contego\/\"> 34,00 MW DC Energy Storage Projects Contego West Sussex \/ United Kingdom In operation <\/a> <a class=\"link-block\" href=\"https:\/\/frv.com\/pl\/projects\/metz\/\"> 141,00 MW DC Photovoltaic Plant Metz Australia In operation <\/a> <a class=\"link-block\" href=\"https:\/\/frv.com\/pl\/projects\/walla-walla\/\"> 353,00 MW DC Photovoltaic Plant Walla Walla Australia In operation <\/a> <a class=\"link-block\" href=\"https:\/\/frv.com\/pl\/projects\/sebastopol\/\"> 109,00 MW DC Photovoltaic Plant Sebastopol New South Wales \/ Australia In operation <\/a> <a class=\"link-block\" href=\"https:\/\/frv.com\/pl\/projects\/moree-solar-farm\/\"> 70,00 MW DC Photovoltaic Plant Moree Australia In operation <\/a> <a class=\"link-block\" href=\"https:\/\/frv.com\/pl\/projects\/holes-bay\/\"> 7,50 MW DC Energy Storage Projects Holes Bay Holes Bay, Dorset \/ United Kingdom In operation <\/a> <a class=\"link-block\" href=\"https:\/\/frv.com\/pl\/projects\/goonumbla\/\"> 89,00 MW DC Photovoltaic Plant Goonumbla Australia In operation <\/a> <a class=\"link-block\" href=\"https:\/\/frv.com\/pl\/projects\/la-solanilla\/\"> 50,00 MW DC Photovoltaic Plant La Solanilla Trujillo, Extremadura \/ Spain In operation <\/a> <a class=\"link-block\" href=\"https:\/\/frv.com\/pl\/projects\/potrero\/\"> 296,00 MW DC Photovoltaic Plant Potrero Mexico In operation <\/a> <a class=\"link-block\" href=\"https:\/\/frv.com\/pl\/projects\/masrik\/\"> 62,09 MW DC Photovoltaic Plant Masrik Gegharkunik \/ Armenia In operation <\/a> <a class=\"link-block\" href=\"https:\/\/frv.com\/pl\/projects\/winton\/\"> 100,00 MW DC Photovoltaic Plant Winton Victoria \/ Australia In operation <\/a> <a class=\"link-block\" href=\"https:\/\/frv.com\/pl\/projects\/al-safawi\/\"> 201,00 MW DC Photovoltaic Plant Mafraq I, Empire and Al Safawi Jordan In operation <\/a> <a class=\"link-block\" href=\"https:\/\/frv.com\/pl\/projects\/lilyvale\/\"> 126,00 MW DC Photovoltaic Plant Lilyvale Queensland \/ Australia In operation <\/a> <a class=\"link-block\" href=\"https:\/\/frv.com\/pl\/projects\/san-luis-de-potosi\/\"> 342,00 MW DC Photovoltaic Plant Potos\u00ed Solar Mexico In operation <\/a> <a class=\"link-block\" href=\"https:\/\/frv.com\/pl\/projects\/la-jacinta-uruguay\/\"> 65,00 MW DC Photovoltaic Plant La Jacinta Salto Department \/ Uruguay In operation <\/a> <h2 class=\"title\">Pipeline<\/h2> 24GW projekt\u00f3w b\u0119d\u0105cych obecnie w trakcie realizacji 13,40GW projekt\u00f3w dotycz\u0105ce energii odnawialnej 8,50GW projekt\u00f3w BESS 2,10GW projekt\u00f3w dotycz\u0105cych zielonego wodoru ","search_term":"","_links":{"self":[{"href":"https:\/\/frv.com\/pl\/wp-json\/wp\/v2\/pages\/6","targetHints":{"allow":["GET"]}}],"collection":[{"href":"https:\/\/frv.com\/pl\/wp-json\/wp\/v2\/pages"}],"about":[{"href":"https:\/\/frv.com\/pl\/wp-json\/wp\/v2\/types\/page"}],"author":[{"embeddable":true,"href":"https:\/\/frv.com\/pl\/wp-json\/wp\/v2\/users\/1"}],"replies":[{"embeddable":true,"href":"https:\/\/frv.com\/pl\/wp-json\/wp\/v2\/comments?post=6"}],"version-history":[{"count":129,"href":"https:\/\/frv.com\/pl\/wp-json\/wp\/v2\/pages\/6\/revisions"}],"predecessor-version":[{"id":21659,"href":"https:\/\/frv.com\/pl\/wp-json\/wp\/v2\/pages\/6\/revisions\/21659"}],"wp:featuredmedia":[{"embeddable":true,"href":"https:\/\/frv.com\/pl\/wp-json\/wp\/v2\/media\/20115"}],"wp:attachment":[{"href":"https:\/\/frv.com\/pl\/wp-json\/wp\/v2\/media?parent=6"}],"curies":[{"name":"wp","href":"https:\/\/api.w.org\/{rel}","templated":true}]}}