{"id":38,"date":"2016-04-29T14:38:08","date_gmt":"2016-04-29T12:38:08","guid":{"rendered":"http:\/\/frv.fullcircle.es\/?page_id=38"},"modified":"2024-10-21T12:11:34","modified_gmt":"2024-10-21T10:11:34","slug":"contact","status":"publish","type":"page","link":"https:\/\/frv.com\/pl\/contact\/","title":{"rendered":"Contact us"},"content":{"rendered":"","protected":false},"excerpt":{"rendered":"","protected":false},"author":1,"featured_media":15313,"parent":0,"menu_order":18,"comment_status":"closed","ping_status":"closed","template":"","meta":{"_acf_changed":false,"footnotes":""},"class_list":["post-38","page","type-page","status-publish","has-post-thumbnail","hentry"],"acf":[],"yoast_head":"<!-- This site is optimized with the Yoast SEO plugin v26.7 - https:\/\/yoast.com\/wordpress\/plugins\/seo\/ -->\n<title>FRV - Contact<\/title>\n<meta name=\"robots\" content=\"index, follow, max-snippet:-1, max-image-preview:large, max-video-preview:-1\" \/>\n<link rel=\"canonical\" href=\"https:\/\/frv.com\/pl\/contact\/\" \/>\n<meta property=\"og:locale\" content=\"pl_PL\" \/>\n<meta property=\"og:type\" content=\"article\" \/>\n<meta property=\"og:title\" content=\"FRV - Contact\" \/>\n<meta property=\"og:url\" content=\"https:\/\/frv.com\/pl\/contact\/en\/\" \/>\n<meta property=\"og:site_name\" content=\"FRV\" \/>\n<meta property=\"article:publisher\" content=\"https:\/\/www.facebook.com\/FRV.Official\" \/>\n<meta property=\"article:modified_time\" content=\"2024-10-21T10:11:34+00:00\" \/>\n<meta property=\"og:image\" content=\"https:\/\/frv.com\/wp-content\/uploads\/2020\/11\/spain.png\" \/>\n\t<meta property=\"og:image:width\" content=\"660\" \/>\n\t<meta property=\"og:image:height\" content=\"332\" \/>\n\t<meta property=\"og:image:type\" content=\"image\/png\" \/>\n<meta name=\"twitter:card\" content=\"summary_large_image\" \/>\n<meta name=\"twitter:image\" content=\"https:\/\/frv.com\/wp-content\/uploads\/2020\/11\/spain.png\" \/>\n<meta name=\"twitter:site\" content=\"@FotowatioRV\" \/>\n<meta name=\"twitter:label1\" content=\"Szacowany czas czytania\" \/>\n\t<meta name=\"twitter:data1\" content=\"1 minuta\" \/>\n<script type=\"application\/ld+json\" class=\"yoast-schema-graph\">{\"@context\":\"https:\/\/schema.org\",\"@graph\":[{\"@type\":\"WebPage\",\"@id\":\"https:\/\/frv.com\/pl\/contact\/\",\"url\":\"https:\/\/frv.com\/pl\/contact\/\",\"name\":\"FRV - Contact\",\"isPartOf\":{\"@id\":\"https:\/\/frv.com\/pl\/#website\"},\"primaryImageOfPage\":{\"@id\":\"https:\/\/frv.com\/pl\/contact\/#primaryimage\"},\"image\":{\"@id\":\"https:\/\/frv.com\/contact\/#primaryimage\"},\"thumbnailUrl\":\"https:\/\/frv.com\/wp-content\/uploads\/2020\/11\/spain.png\",\"datePublished\":\"2016-04-29T12:38:08+00:00\",\"dateModified\":\"2024-10-21T10:11:34+00:00\",\"breadcrumb\":{\"@id\":\"https:\/\/frv.com\/pl\/contact\/#breadcrumb\"},\"inLanguage\":\"pl-PL\",\"potentialAction\":[{\"@type\":\"ReadAction\",\"target\":[[\"https:\/\/frv.com\/pl\/contact\/\"]]}]},{\"@type\":\"ImageObject\",\"inLanguage\":\"pl-PL\",\"@id\":\"https:\/\/frv.com\/pl\/contact\/#primaryimage\",\"url\":\"https:\/\/frv.com\/wp-content\/uploads\/2020\/11\/spain.png\",\"contentUrl\":\"https:\/\/frv.com\/wp-content\/uploads\/2020\/11\/spain.png\",\"width\":660,\"height\":332,\"caption\":\"Madrid - Metr\u00f3poli\"},{\"@type\":\"BreadcrumbList\",\"@id\":\"https:\/\/frv.com\/pl\/contact\/#breadcrumb\",\"itemListElement\":[{\"@type\":\"ListItem\",\"position\":1,\"name\":\"Home\",\"item\":\"https:\/\/frv.com\/pl\/\"},{\"@type\":\"ListItem\",\"position\":2,\"name\":\"Contacto\"}]},{\"@type\":\"WebSite\",\"@id\":\"https:\/\/frv.com\/pl\/#website\",\"url\":\"https:\/\/frv.com\/pl\/\",\"name\":\"FRV\",\"description\":\"The future happens here\",\"potentialAction\":[{\"@type\":\"SearchAction\",\"target\":{\"@type\":\"EntryPoint\",\"urlTemplate\":\"https:\/\/frv.com\/pl\/?s={search_term_string}\"},\"query-input\":{\"@type\":\"PropertyValueSpecification\",\"valueRequired\":true,\"valueName\":\"search_term_string\"}}],\"inLanguage\":\"pl-PL\"}]}<\/script>\n<!-- \/ Yoast SEO plugin. -->","yoast_head_json":{"title":"FRV - Contact","robots":{"index":"index","follow":"follow","max-snippet":"max-snippet:-1","max-image-preview":"max-image-preview:large","max-video-preview":"max-video-preview:-1"},"canonical":"https:\/\/frv.com\/pl\/contact\/","og_locale":"pl_PL","og_type":"article","og_title":"FRV - Contact","og_url":"https:\/\/frv.com\/pl\/contact\/en\/","og_site_name":"FRV","article_publisher":"https:\/\/www.facebook.com\/FRV.Official","article_modified_time":"2024-10-21T10:11:34+00:00","og_image":[{"width":660,"height":332,"url":"https:\/\/frv.com\/wp-content\/uploads\/2020\/11\/spain.png","type":"image\/png"}],"twitter_card":"summary_large_image","twitter_image":"https:\/\/frv.com\/wp-content\/uploads\/2020\/11\/spain.png","twitter_site":"@FotowatioRV","twitter_misc":{"Szacowany czas czytania":"1 minuta"},"schema":{"@context":"https:\/\/schema.org","@graph":[{"@type":"WebPage","@id":"https:\/\/frv.com\/pl\/contact\/","url":"https:\/\/frv.com\/pl\/contact\/","name":"FRV - Contact","isPartOf":{"@id":"https:\/\/frv.com\/pl\/#website"},"primaryImageOfPage":{"@id":"https:\/\/frv.com\/pl\/contact\/#primaryimage"},"image":{"@id":"https:\/\/frv.com\/contact\/#primaryimage"},"thumbnailUrl":"https:\/\/frv.com\/wp-content\/uploads\/2020\/11\/spain.png","datePublished":"2016-04-29T12:38:08+00:00","dateModified":"2024-10-21T10:11:34+00:00","breadcrumb":{"@id":"https:\/\/frv.com\/pl\/contact\/#breadcrumb"},"inLanguage":"pl-PL","potentialAction":[{"@type":"ReadAction","target":[["https:\/\/frv.com\/pl\/contact\/"]]}]},{"@type":"ImageObject","inLanguage":"pl-PL","@id":"https:\/\/frv.com\/pl\/contact\/#primaryimage","url":"https:\/\/frv.com\/wp-content\/uploads\/2020\/11\/spain.png","contentUrl":"https:\/\/frv.com\/wp-content\/uploads\/2020\/11\/spain.png","width":660,"height":332,"caption":"Madrid - Metr\u00f3poli"},{"@type":"BreadcrumbList","@id":"https:\/\/frv.com\/pl\/contact\/#breadcrumb","itemListElement":[{"@type":"ListItem","position":1,"name":"Home","item":"https:\/\/frv.com\/pl\/"},{"@type":"ListItem","position":2,"name":"Contacto"}]},{"@type":"WebSite","@id":"https:\/\/frv.com\/pl\/#website","url":"https:\/\/frv.com\/pl\/","name":"FRV","description":"The future happens here","potentialAction":[{"@type":"SearchAction","target":{"@type":"EntryPoint","urlTemplate":"https:\/\/frv.com\/pl\/?s={search_term_string}"},"query-input":{"@type":"PropertyValueSpecification","valueRequired":true,"valueName":"search_term_string"}}],"inLanguage":"pl-PL"}]}},"search_content":" <h2 class=\"title\">Nasze biura<\/h2> <p>Nasza siedziba znajduje si\u0119 w Madrycie. Z ponad 200 profesjonalistami w naszym zespole, oferujemy nasze do\u015bwiadczenie i wiedz\u0119 w sektorze na ca\u0142ym \u015bwiecie.<\/p> <h3 class=\"item-title\">FRV Spain HQ<\/h3><p>Mar\u00eda de Molina, 40 &#8211; 5th floor 28006 Madrid, Spain<\/p> <h3 class=\"item-title\">FRV Iberia<\/h3><p>Vel\u00e1zquez &#8211; 5th floor 28006 Madrid, Spain<\/p> <h3 class=\"item-title\">FRV Chile<\/h3><p>Avenida Am\u00e9rico Vespucio Norte 1561, Office 11-A, 11th floor Vitacura, Santiago, Chile<\/p> <h3 class=\"item-title\">FRV Mexico<\/h3><p>Av. Ej\u00e9rcito Nacional, 418 &#8211; 10th Floor 11560 Polanco Chapultepec, Miguel Hidalgo, Mexico DF<\/p> <h3 class=\"item-title\">FRV Australia<\/h3><p>Suite 1001, 1 York Street Sydney, NSW, Australia<\/p> <h3 class=\"item-title\">FRV Italy<\/h3><p>Via Rubicone, 11 00198 Rome, Italy<\/p> <p><a href=\"http:\/\/info.italia@frv.com\" target=\"_blank\" rel=\"noopener\">info.italia@frv.com<\/a><\/p> <p>+39 06 9763 8294<\/p> <h3 class=\"item-title\">FRV Uruguay<\/h3><p>Gregorio Suarez 2727, of. 902 11300 | Montevideo | Uruguay<\/p> <h3 class=\"item-title\">FRV United Kingdom<\/h3><p>Building 7, 566 Chiswick High Road W4 5YG | London | United Kingdom<\/p> <h3 class=\"item-title\">FRV Germany<\/h3><p>Goetheplatz 1 80337 | Munich | Germany<\/p> <p>info.de@frv.com<\/p> <p> <a id=\"menurc67\" class=\"fui-Link ___1q1shib f2hkw1w f3rmtva f1ewtqcl fyind8e f1k6fduh f1w7gpdv fk6fouc fjoy568 figsok6 f1s184ao f1mk8lai fnbmjn9 f1o700av f13mvf36 f1cmlufx f9n3di6 f1ids18y f1tx3yz7 f1deo86v f1eh06m1 f1iescvh fhgqx19 f1olyrje f1p93eir f1nev41a f1h8hb77 f1lqvz6u f10aw75t fsle3fq f17ae5zn\" title=\"https:\/\/www.frv-energie.de\/\" href=\"https:\/\/www.frv-energie.de\" target=\"_blank\" rel=\"noreferrer noopener\" aria-label=\"V\u00ednculo www.frv-energie.de\">www.frv-energie.de<\/a> <\/p> <p>+49 89 45245580<\/p> ","search_term":"","_links":{"self":[{"href":"https:\/\/frv.com\/pl\/wp-json\/wp\/v2\/pages\/38","targetHints":{"allow":["GET"]}}],"collection":[{"href":"https:\/\/frv.com\/pl\/wp-json\/wp\/v2\/pages"}],"about":[{"href":"https:\/\/frv.com\/pl\/wp-json\/wp\/v2\/types\/page"}],"author":[{"embeddable":true,"href":"https:\/\/frv.com\/pl\/wp-json\/wp\/v2\/users\/1"}],"replies":[{"embeddable":true,"href":"https:\/\/frv.com\/pl\/wp-json\/wp\/v2\/comments?post=38"}],"version-history":[{"count":15,"href":"https:\/\/frv.com\/pl\/wp-json\/wp\/v2\/pages\/38\/revisions"}],"predecessor-version":[{"id":17580,"href":"https:\/\/frv.com\/pl\/wp-json\/wp\/v2\/pages\/38\/revisions\/17580"}],"wp:featuredmedia":[{"embeddable":true,"href":"https:\/\/frv.com\/pl\/wp-json\/wp\/v2\/media\/15313"}],"wp:attachment":[{"href":"https:\/\/frv.com\/pl\/wp-json\/wp\/v2\/media?parent=38"}],"curies":[{"name":"wp","href":"https:\/\/api.w.org\/{rel}","templated":true}]}}