{"id":154,"date":"2016-05-05T19:33:30","date_gmt":"2016-05-05T17:33:30","guid":{"rendered":"http:\/\/frv.fullcircle.es\/?page_id=154"},"modified":"2022-09-13T15:45:40","modified_gmt":"2022-09-13T13:45:40","slug":"copyright-notice-and-disclaimer","status":"publish","type":"page","link":"https:\/\/frv.com\/pl\/copyright-notice-and-disclaimer\/","title":{"rendered":"Copyright Notice and Disclaimer"},"content":{"rendered":"<p class=\"qtranxs-available-languages-message qtranxs-available-languages-message-pl\">Przepraszamy, ten wpis jest dost\u0119pny tylko w j\u0119zyku <a href=\"https:\/\/frv.com\/en\/wp-json\/wp\/v2\/pages\/154\" class=\"qtranxs-available-language-link qtranxs-available-language-link-en\" title=\"English\">English<\/a>, <a href=\"https:\/\/frv.com\/es\/wp-json\/wp\/v2\/pages\/154\" class=\"qtranxs-available-language-link qtranxs-available-language-link-es\" title=\"Espa\u00f1ol\">Espa\u00f1ol<\/a>, <a href=\"https:\/\/frv.com\/it\/wp-json\/wp\/v2\/pages\/154\" class=\"qtranxs-available-language-link qtranxs-available-language-link-it\" title=\"Italiano\">Italiano<\/a> i <a href=\"https:\/\/frv.com\/de\/wp-json\/wp\/v2\/pages\/154\" class=\"qtranxs-available-language-link qtranxs-available-language-link-de\" title=\"Deutsch\">Deutsch<\/a>.<\/p>","protected":false},"excerpt":{"rendered":"<p>Przepraszamy, ten wpis jest dost\u0119pny tylko w j\u0119zyku English, Espa\u00f1ol, Italiano i Deutsch.<\/p>\n","protected":false},"author":1,"featured_media":11404,"parent":0,"menu_order":22,"comment_status":"closed","ping_status":"closed","template":"","meta":{"_acf_changed":false,"footnotes":""},"class_list":["post-154","page","type-page","status-publish","has-post-thumbnail","hentry"],"acf":[],"yoast_head":"<!-- This site is optimized with the Yoast SEO plugin v26.7 - https:\/\/yoast.com\/wordpress\/plugins\/seo\/ -->\n<title>Copyright Notice and Disclaimer - FRV<\/title>\n<meta name=\"robots\" content=\"index, follow, max-snippet:-1, max-image-preview:large, max-video-preview:-1\" \/>\n<link rel=\"canonical\" href=\"https:\/\/frv.com\/pl\/copyright\/\" \/>\n<meta property=\"og:locale\" content=\"pl_PL\" \/>\n<meta property=\"og:type\" content=\"article\" \/>\n<meta property=\"og:title\" content=\"Copyright Notice and Disclaimer - FRV\" \/>\n<meta property=\"og:description\" content=\"Przepraszamy, ten wpis jest dost\u0119pny tylko w j\u0119zyku English, Espa\u00f1ol, Italiano i Deutsch.\" \/>\n<meta property=\"og:url\" content=\"https:\/\/frv.com\/pl\/copyright\/en\/\" \/>\n<meta property=\"og:site_name\" content=\"FRV\" \/>\n<meta property=\"article:publisher\" content=\"https:\/\/www.facebook.com\/FRV.Official\" \/>\n<meta property=\"article:modified_time\" content=\"2022-09-13T13:45:40+00:00\" \/>\n<meta property=\"og:image\" content=\"https:\/\/frv.com\/wp-content\/uploads\/2021\/04\/curiosidad-scaled.jpg\" \/>\n\t<meta property=\"og:image:width\" content=\"2560\" \/>\n\t<meta property=\"og:image:height\" content=\"1707\" \/>\n\t<meta property=\"og:image:type\" content=\"image\/jpeg\" \/>\n<meta name=\"twitter:card\" content=\"summary_large_image\" \/>\n<meta name=\"twitter:site\" content=\"@FotowatioRV\" \/>\n<meta name=\"twitter:label1\" content=\"Szacowany czas czytania\" \/>\n\t<meta name=\"twitter:data1\" content=\"2 minuty\" \/>\n<script type=\"application\/ld+json\" class=\"yoast-schema-graph\">{\"@context\":\"https:\/\/schema.org\",\"@graph\":[{\"@type\":\"WebPage\",\"@id\":\"https:\/\/frv.com\/pl\/copyright\/\",\"url\":\"https:\/\/frv.com\/pl\/copyright\/\",\"name\":\"Copyright Notice and Disclaimer - FRV\",\"isPartOf\":{\"@id\":\"https:\/\/frv.com\/pl\/#website\"},\"primaryImageOfPage\":{\"@id\":\"https:\/\/frv.com\/pl\/copyright\/#primaryimage\"},\"image\":{\"@id\":\"https:\/\/frv.com\/copyright\/#primaryimage\"},\"thumbnailUrl\":\"\",\"datePublished\":\"2016-05-05T17:33:30+00:00\",\"dateModified\":\"2022-09-13T13:45:40+00:00\",\"breadcrumb\":{\"@id\":\"https:\/\/frv.com\/pl\/copyright\/#breadcrumb\"},\"inLanguage\":\"pl-PL\",\"potentialAction\":[{\"@type\":\"ReadAction\",\"target\":[[\"https:\/\/frv.com\/pl\/copyright\/\"]]}]},{\"@type\":\"ImageObject\",\"inLanguage\":\"pl-PL\",\"@id\":\"https:\/\/frv.com\/pl\/copyright\/#primaryimage\",\"url\":\"\",\"contentUrl\":\"\"},{\"@type\":\"BreadcrumbList\",\"@id\":\"https:\/\/frv.com\/pl\/copyright\/#breadcrumb\",\"itemListElement\":[{\"@type\":\"ListItem\",\"position\":1,\"name\":\"Home\",\"item\":\"https:\/\/frv.com\/pl\/\"},{\"@type\":\"ListItem\",\"position\":2,\"name\":\"Aviso Legal y Derecho de Autor\"}]},{\"@type\":\"WebSite\",\"@id\":\"https:\/\/frv.com\/pl\/#website\",\"url\":\"https:\/\/frv.com\/pl\/\",\"name\":\"FRV\",\"description\":\"The future happens here\",\"potentialAction\":[{\"@type\":\"SearchAction\",\"target\":{\"@type\":\"EntryPoint\",\"urlTemplate\":\"https:\/\/frv.com\/pl\/?s={search_term_string}\"},\"query-input\":{\"@type\":\"PropertyValueSpecification\",\"valueRequired\":true,\"valueName\":\"search_term_string\"}}],\"inLanguage\":\"pl-PL\"}]}<\/script>\n<!-- \/ Yoast SEO plugin. -->","yoast_head_json":{"title":"Copyright Notice and Disclaimer - FRV","robots":{"index":"index","follow":"follow","max-snippet":"max-snippet:-1","max-image-preview":"max-image-preview:large","max-video-preview":"max-video-preview:-1"},"canonical":"https:\/\/frv.com\/pl\/copyright\/","og_locale":"pl_PL","og_type":"article","og_title":"Copyright Notice and Disclaimer - FRV","og_description":"Przepraszamy, ten wpis jest dost\u0119pny tylko w j\u0119zyku English, Espa\u00f1ol, Italiano i Deutsch.","og_url":"https:\/\/frv.com\/pl\/copyright\/en\/","og_site_name":"FRV","article_publisher":"https:\/\/www.facebook.com\/FRV.Official","article_modified_time":"2022-09-13T13:45:40+00:00","og_image":[{"width":2560,"height":1707,"url":"https:\/\/frv.com\/wp-content\/uploads\/2021\/04\/curiosidad-scaled.jpg","type":"image\/jpeg"}],"twitter_card":"summary_large_image","twitter_site":"@FotowatioRV","twitter_misc":{"Szacowany czas czytania":"2 minuty"},"schema":{"@context":"https:\/\/schema.org","@graph":[{"@type":"WebPage","@id":"https:\/\/frv.com\/pl\/copyright\/","url":"https:\/\/frv.com\/pl\/copyright\/","name":"Copyright Notice and Disclaimer - FRV","isPartOf":{"@id":"https:\/\/frv.com\/pl\/#website"},"primaryImageOfPage":{"@id":"https:\/\/frv.com\/pl\/copyright\/#primaryimage"},"image":{"@id":"https:\/\/frv.com\/copyright\/#primaryimage"},"thumbnailUrl":"","datePublished":"2016-05-05T17:33:30+00:00","dateModified":"2022-09-13T13:45:40+00:00","breadcrumb":{"@id":"https:\/\/frv.com\/pl\/copyright\/#breadcrumb"},"inLanguage":"pl-PL","potentialAction":[{"@type":"ReadAction","target":[["https:\/\/frv.com\/pl\/copyright\/"]]}]},{"@type":"ImageObject","inLanguage":"pl-PL","@id":"https:\/\/frv.com\/pl\/copyright\/#primaryimage","url":"","contentUrl":""},{"@type":"BreadcrumbList","@id":"https:\/\/frv.com\/pl\/copyright\/#breadcrumb","itemListElement":[{"@type":"ListItem","position":1,"name":"Home","item":"https:\/\/frv.com\/pl\/"},{"@type":"ListItem","position":2,"name":"Aviso Legal y Derecho de Autor"}]},{"@type":"WebSite","@id":"https:\/\/frv.com\/pl\/#website","url":"https:\/\/frv.com\/pl\/","name":"FRV","description":"The future happens here","potentialAction":[{"@type":"SearchAction","target":{"@type":"EntryPoint","urlTemplate":"https:\/\/frv.com\/pl\/?s={search_term_string}"},"query-input":{"@type":"PropertyValueSpecification","valueRequired":true,"valueName":"search_term_string"}}],"inLanguage":"pl-PL"}]}},"search_content":"<p class=\"qtranxs-available-languages-message qtranxs-available-languages-message-pl\">Przepraszamy, ten wpis jest dost\u0119pny tylko w j\u0119zyku <a href=\"https:\/\/frv.com\/en\/wp-json\/wp\/v2\/pages\/154\" class=\"qtranxs-available-language-link qtranxs-available-language-link-en\" title=\"English\">English<\/a>, <a href=\"https:\/\/frv.com\/es\/wp-json\/wp\/v2\/pages\/154\" class=\"qtranxs-available-language-link qtranxs-available-language-link-es\" title=\"Espa\u00f1ol\">Espa\u00f1ol<\/a>, <a href=\"https:\/\/frv.com\/it\/wp-json\/wp\/v2\/pages\/154\" class=\"qtranxs-available-language-link qtranxs-available-language-link-it\" title=\"Italiano\">Italiano<\/a> i <a href=\"https:\/\/frv.com\/de\/wp-json\/wp\/v2\/pages\/154\" class=\"qtranxs-available-language-link qtranxs-available-language-link-de\" title=\"Deutsch\">Deutsch<\/a>.<\/p>","search_term":"","_links":{"self":[{"href":"https:\/\/frv.com\/pl\/wp-json\/wp\/v2\/pages\/154","targetHints":{"allow":["GET"]}}],"collection":[{"href":"https:\/\/frv.com\/pl\/wp-json\/wp\/v2\/pages"}],"about":[{"href":"https:\/\/frv.com\/pl\/wp-json\/wp\/v2\/types\/page"}],"author":[{"embeddable":true,"href":"https:\/\/frv.com\/pl\/wp-json\/wp\/v2\/users\/1"}],"replies":[{"embeddable":true,"href":"https:\/\/frv.com\/pl\/wp-json\/wp\/v2\/comments?post=154"}],"version-history":[{"count":5,"href":"https:\/\/frv.com\/pl\/wp-json\/wp\/v2\/pages\/154\/revisions"}],"predecessor-version":[{"id":16981,"href":"https:\/\/frv.com\/pl\/wp-json\/wp\/v2\/pages\/154\/revisions\/16981"}],"wp:featuredmedia":[{"embeddable":true,"href":"https:\/\/frv.com\/pl\/wp-json\/"}],"wp:attachment":[{"href":"https:\/\/frv.com\/pl\/wp-json\/wp\/v2\/media?parent=154"}],"curies":[{"name":"wp","href":"https:\/\/api.w.org\/{rel}","templated":true}]}}