{"id":14689,"date":"2020-11-17T10:09:30","date_gmt":"2020-11-17T09:09:30","guid":{"rendered":"https:\/\/frv.com\/en\/?page_id=14689"},"modified":"2026-01-19T18:09:44","modified_gmt":"2026-01-19T17:09:44","slug":"sustainability","status":"publish","type":"page","link":"https:\/\/frv.com\/pl\/commitment\/sustainability\/","title":{"rendered":"Zr\u00f3wnowa\u017cony"},"content":{"rendered":"","protected":false},"excerpt":{"rendered":"","protected":false},"author":1,"featured_media":0,"parent":15980,"menu_order":7,"comment_status":"closed","ping_status":"closed","template":"","meta":{"_acf_changed":false,"footnotes":""},"class_list":["post-14689","page","type-page","status-publish","hentry"],"acf":[],"yoast_head":"<!-- This site is optimized with the Yoast SEO plugin v26.7 - https:\/\/yoast.com\/wordpress\/plugins\/seo\/ -->\n<title>Sustainability - FRV<\/title>\n<meta name=\"robots\" content=\"index, follow, max-snippet:-1, max-image-preview:large, max-video-preview:-1\" \/>\n<link rel=\"canonical\" href=\"https:\/\/frv.com\/pl\/commitment\/sustainability\/\" \/>\n<meta property=\"og:locale\" content=\"pl_PL\" \/>\n<meta property=\"og:type\" content=\"article\" \/>\n<meta property=\"og:title\" content=\"Sustainability - FRV\" \/>\n<meta property=\"og:url\" content=\"https:\/\/frv.com\/pl\/commitment\/sustainability\/en\/\" \/>\n<meta property=\"og:site_name\" content=\"FRV\" \/>\n<meta property=\"article:publisher\" content=\"https:\/\/www.facebook.com\/FRV.Official\" \/>\n<meta property=\"article:modified_time\" content=\"2026-01-19T17:09:44+00:00\" \/>\n<meta property=\"og:image\" content=\"https:\/\/frv.com\/wp-content\/uploads\/2021\/04\/curiosidad-scaled.jpg\" \/>\n\t<meta property=\"og:image:width\" content=\"2560\" \/>\n\t<meta property=\"og:image:height\" content=\"1707\" \/>\n\t<meta property=\"og:image:type\" content=\"image\/jpeg\" \/>\n<meta name=\"twitter:card\" content=\"summary_large_image\" \/>\n<meta name=\"twitter:site\" content=\"@FotowatioRV\" \/>\n<script type=\"application\/ld+json\" class=\"yoast-schema-graph\">{\"@context\":\"https:\/\/schema.org\",\"@graph\":[{\"@type\":\"WebPage\",\"@id\":\"https:\/\/frv.com\/pl\/commitment\/sustainability\/\",\"url\":\"https:\/\/frv.com\/pl\/commitment\/sustainability\/\",\"name\":\"Zr\u00f3wnowa\u017cony - FRV\",\"isPartOf\":{\"@id\":\"https:\/\/frv.com\/pl\/#website\"},\"datePublished\":\"2020-11-17T09:09:30+00:00\",\"dateModified\":\"2026-01-19T17:09:44+00:00\",\"breadcrumb\":{\"@id\":\"https:\/\/frv.com\/pl\/commitment\/sustainability\/#breadcrumb\"},\"inLanguage\":\"pl-PL\",\"potentialAction\":[{\"@type\":\"ReadAction\",\"target\":[[\"https:\/\/frv.com\/pl\/commitment\/sustainability\/\"]]}]},{\"@type\":\"BreadcrumbList\",\"@id\":\"https:\/\/frv.com\/pl\/commitment\/sustainability\/#breadcrumb\",\"itemListElement\":[{\"@type\":\"ListItem\",\"position\":1,\"name\":\"Home\",\"item\":\"https:\/\/frv.com\/pl\/\"},{\"@type\":\"ListItem\",\"position\":2,\"name\":\"Nuestro compromiso\",\"item\":\"https:\/\/frv.com\/pl\/commitment\/\"},{\"@type\":\"ListItem\",\"position\":3,\"name\":\"Sustainability\"}]},{\"@type\":\"WebSite\",\"@id\":\"https:\/\/frv.com\/pl\/#website\",\"url\":\"https:\/\/frv.com\/pl\/\",\"name\":\"FRV\",\"description\":\"The future happens here\",\"potentialAction\":[{\"@type\":\"SearchAction\",\"target\":{\"@type\":\"EntryPoint\",\"urlTemplate\":\"https:\/\/frv.com\/pl\/?s={search_term_string}\"},\"query-input\":{\"@type\":\"PropertyValueSpecification\",\"valueRequired\":true,\"valueName\":\"search_term_string\"}}],\"inLanguage\":\"pl-PL\"}]}<\/script>\n<!-- \/ Yoast SEO plugin. -->","yoast_head_json":{"title":"Sustainability - FRV","robots":{"index":"index","follow":"follow","max-snippet":"max-snippet:-1","max-image-preview":"max-image-preview:large","max-video-preview":"max-video-preview:-1"},"canonical":"https:\/\/frv.com\/pl\/commitment\/sustainability\/","og_locale":"pl_PL","og_type":"article","og_title":"Sustainability - FRV","og_url":"https:\/\/frv.com\/pl\/commitment\/sustainability\/en\/","og_site_name":"FRV","article_publisher":"https:\/\/www.facebook.com\/FRV.Official","article_modified_time":"2026-01-19T17:09:44+00:00","og_image":[{"width":2560,"height":1707,"url":"https:\/\/frv.com\/wp-content\/uploads\/2021\/04\/curiosidad-scaled.jpg","type":"image\/jpeg"}],"twitter_card":"summary_large_image","twitter_site":"@FotowatioRV","schema":{"@context":"https:\/\/schema.org","@graph":[{"@type":"WebPage","@id":"https:\/\/frv.com\/pl\/commitment\/sustainability\/","url":"https:\/\/frv.com\/pl\/commitment\/sustainability\/","name":"Zr\u00f3wnowa\u017cony - FRV","isPartOf":{"@id":"https:\/\/frv.com\/pl\/#website"},"datePublished":"2020-11-17T09:09:30+00:00","dateModified":"2026-01-19T17:09:44+00:00","breadcrumb":{"@id":"https:\/\/frv.com\/pl\/commitment\/sustainability\/#breadcrumb"},"inLanguage":"pl-PL","potentialAction":[{"@type":"ReadAction","target":[["https:\/\/frv.com\/pl\/commitment\/sustainability\/"]]}]},{"@type":"BreadcrumbList","@id":"https:\/\/frv.com\/pl\/commitment\/sustainability\/#breadcrumb","itemListElement":[{"@type":"ListItem","position":1,"name":"Home","item":"https:\/\/frv.com\/pl\/"},{"@type":"ListItem","position":2,"name":"Nuestro compromiso","item":"https:\/\/frv.com\/pl\/commitment\/"},{"@type":"ListItem","position":3,"name":"Sustainability"}]},{"@type":"WebSite","@id":"https:\/\/frv.com\/pl\/#website","url":"https:\/\/frv.com\/pl\/","name":"FRV","description":"The future happens here","potentialAction":[{"@type":"SearchAction","target":{"@type":"EntryPoint","urlTemplate":"https:\/\/frv.com\/pl\/?s={search_term_string}"},"query-input":{"@type":"PropertyValueSpecification","valueRequired":true,"valueName":"search_term_string"}}],"inLanguage":"pl-PL"}]}},"search_content":" <h2 class=\"title\">Environmental Sustainability<\/h2> <p>We work on developing sustainable projects with the utmost care and respect for the environment, undertaking a thorough impact study for each project before any work commences. Our solutions are designed to reduce any harmful impact on the environment as much as possible.<\/p> <a class=\"video-button button-secondary\" data-video-url=\"https:\/\/www.youtube.com\/embed\/gYh7Nt7VqSY\" data-video-title=\"FRV&#8217;s environmental commitment\" > Play <\/a> <h2 class=\"title\">FRV&#8217;s environmental commitment<\/h2> <h2 class=\"title\">Non-Financial information Statement<\/h2> <a href='https:\/\/frv.com\/wp-content\/uploads\/2023\/12\/FRV-Executive-Summary.pdf' target=\"_blank\" class=\" text-link\">ESG Memory 2023<\/a><a href='https:\/\/frv.com\/wp-content\/uploads\/2025\/05\/250409FRV-Memoria_ESG-EN-comprimido.pdf' target=\"_blank\" class=\" text-link\">ESG Memory 2024<\/a><a href='https:\/\/frv.com\/wp-content\/uploads\/2025\/07\/EINF-completo-con-informe-de-verificacion-y-firmas_Version-ingles.pdf' target=\"_blank\" class=\" text-link\">EINF 2024 - Independent verification report <\/a><a href='https:\/\/frv.com\/wp-content\/uploads\/2025\/05\/250520-Resumen-Ejecutivo-2024-EN-compressed.pdf' target=\"_blank\" class=\" text-link\">Executive Summary 2024<\/a> <p>FRV zr\u00f3wnowa\u017cony rozw\u00f3j le\u017cy u podstaw wszystkiego, co robimy. Nasze raporty zr\u00f3wnowa\u017conego rozwoju odzwierciedlaj\u0105 nasze niezachwiane zaanga\u017cowanie w tworzenie pozytywnego i trwa\u0142ego wp\u0142ywu na \u015brodowisko, spo\u0142ecze\u0144stwo i spo\u0142eczno\u015bci, w kt\u00f3rych dzia\u0142amy.<\/p> <p>Raporty te zapewniaj\u0105 przejrzysty przegl\u0105d naszych post\u0119p\u00f3w, wyzwa\u0144 i cel\u00f3w, poniewa\u017c nadal prowadzimy transformacj\u0119 w kierunku czystszej i bardziej zr\u00f3wnowa\u017conej przysz\u0142o\u015bci energetycznej<\/p> <h2 class=\"title\">Code of conduct and corporate policies<\/h2> <a href='https:\/\/frv.com\/wp-content\/uploads\/2021\/04\/Anti-Corruption-Policy-new-logo-.pdf' target=\"_blank\" class=\" text-link\">Anticorruption policy<\/a><a href='https:\/\/frv.com\/wp-content\/uploads\/2021\/10\/1.-Code-of-Conduct-FRV_30.09.21.pdf' target=\"_blank\" class=\" text-link\">Code of conduct<\/a><a href='https:\/\/frv.com\/wp-content\/uploads\/2022\/06\/IMM-Annex-03-FRV-QHSE-Policy-Ed03.pdf' target=\"_blank\" class=\" text-link\">QHSE policy<\/a><a href='https:\/\/frv.com\/wp-content\/uploads\/2021\/10\/3.-Anti-Slavery-Policy-FRV_30.09.21.pdf' target=\"_blank\" class=\" text-link\">Anti-Slavery Policy <\/a><a href='https:\/\/frv.com\/wp-content\/uploads\/2021\/10\/4.-Third-Parties-Ethics-Code_frv_30.09.21.pdf' target=\"\" class=\" text-link\">Third Parties Ethics Code<\/a><a href='https:\/\/frv.com\/wp-content\/uploads\/2024\/08\/FRV-SL-9001-FS-785698.pdf' target=\"_blank\" class=\" text-link\">ISO 9001<\/a><a href='https:\/\/frv.com\/wp-content\/uploads\/2024\/08\/FRV-SL-45001-OHS-785695.pdf' target=\"_blank\" class=\" text-link\">ISO 45001<\/a><a href='https:\/\/frv.com\/wp-content\/uploads\/2024\/08\/FRV-SL-14001-EMS-785649.pdf' target=\"_blank\" class=\" text-link\">ISO 14001<\/a><a href='https:\/\/frv.com\/wp-content\/uploads\/2024\/11\/FRV-ISMS-Policy-Ed02-ORIGINAL-SIGNED.pdf' target=\"_blank\" class=\" text-link\">INFORMATION SECURITY MANAGEMENT POLICY<\/a><a href='https:\/\/frv.com\/wp-content\/uploads\/2024\/09\/best-practice-charter.pdf' target=\"_blank\" class=\" text-link\">CEC Best Practice Charter<\/a> <h2 class=\"title\">Economic Sustainability<\/h2> <h2 class=\"title\">Social Sustainability<\/h2> <p>We are committed with the social development of our employees and of the communities of the countries where we operate. We do so, not only contributing with the sustainable economic growth associated with our business activities, but also through training and education programs or social initiatives that bring future value for our team and for local communities.<\/p> <a class=\"video-button button-secondary\" data-video-url=\"https:\/\/www.youtube.com\/embed\/X_6M4kUO214\" data-video-title=\"FRV and Peque\u00f1a Nowina social commitment\" > Play <\/a> <h2 class=\"title\">FRV and Peque\u00f1a Nowina social commitment<\/h2> <h2 class=\"title\">Our Promise<\/h2> <p>We make your future our reason for being. We strengthen that illusion by turning dreams into a contagious and inspiring energy that creates opportunities. We make progress a tangible reality. <\/p> <p>We power the future now.\u00a0<\/p> We can help you manage your energy. Help you be your best self. <p>\u201cImproving together, with good energy\u201d<\/p> We bring the energy of the future to the present: clean, sustainable energy with social conscience. <h2 class=\"title\">We invest in initiatives that nurture people and allow them to transform and improve their future<\/h2> <p>Thanks to our risk management in sustainability, we can understand the environmental, social and ethical issues that may emerge as a result of our business activities, which enables FRV to improve its decision- making, reduce unforeseen costs and identify new business opportunities and competitive advantages.<\/p> <a class=\"video-button button-secondary\" data-video-url=\"https:\/\/www.youtube.com\/embed\/3A5Jum0dz1I\" data-video-title=\"Jordan launches its first nanosatellite with the support of FRV\" > Play <\/a> <h2 class=\"title\">Jordan launches its first nanosatellite with the support of FRV<\/h2> <h2 class=\"title\">Business with a green conscience<\/h2> <p>Environmental, social and governance (ESG) investments \u2013 in other words, investments that are responsible, sustainable and principled \u2013 are set to prosper. Today we need to think about our investment decisions differently. It is not just important to earn something, but to do something.<\/p> <a href='https:\/\/frv.com\/wp-content\/uploads\/2021\/07\/FRV-Green-Financing-Framework-Second-Party-Opinion.pdf' target=\"_blank\" class=\" text-link\">Second Party Opinion (SPO) of our Green Framework Agreement <\/a> <p>Reliable, measurable and transparent: climate bonds represent another step in the right direction for green funding.<\/p> <p>They are the financial guarantees that promote the funding of environmental projects worldwide, or a way for investors to bet on all our futures, with confidence.<\/p> >0,27 >500 >0,62 <h2 class=\"title\">Value creation for clients<\/h2> <p>Our business activities are responsible for much more than the mere generation of economic returns; they have a direct impact on society and the environment.<\/p> ","search_term":"","_links":{"self":[{"href":"https:\/\/frv.com\/pl\/wp-json\/wp\/v2\/pages\/14689","targetHints":{"allow":["GET"]}}],"collection":[{"href":"https:\/\/frv.com\/pl\/wp-json\/wp\/v2\/pages"}],"about":[{"href":"https:\/\/frv.com\/pl\/wp-json\/wp\/v2\/types\/page"}],"author":[{"embeddable":true,"href":"https:\/\/frv.com\/pl\/wp-json\/wp\/v2\/users\/1"}],"replies":[{"embeddable":true,"href":"https:\/\/frv.com\/pl\/wp-json\/wp\/v2\/comments?post=14689"}],"version-history":[{"count":81,"href":"https:\/\/frv.com\/pl\/wp-json\/wp\/v2\/pages\/14689\/revisions"}],"predecessor-version":[{"id":21842,"href":"https:\/\/frv.com\/pl\/wp-json\/wp\/v2\/pages\/14689\/revisions\/21842"}],"up":[{"embeddable":true,"href":"https:\/\/frv.com\/pl\/wp-json\/wp\/v2\/pages\/15980"}],"wp:attachment":[{"href":"https:\/\/frv.com\/pl\/wp-json\/wp\/v2\/media?parent=14689"}],"curies":[{"name":"wp","href":"https:\/\/api.w.org\/{rel}","templated":true}]}}