{"id":14689,"date":"2020-11-17T10:09:30","date_gmt":"2020-11-17T09:09:30","guid":{"rendered":"https:\/\/frv.com\/en\/?page_id=14689"},"modified":"2026-01-19T18:09:44","modified_gmt":"2026-01-19T17:09:44","slug":"sustainability","status":"publish","type":"page","link":"https:\/\/frv.com\/it\/commitment\/sustainability\/","title":{"rendered":"Sostenibilit\u00e0"},"content":{"rendered":"","protected":false},"excerpt":{"rendered":"","protected":false},"author":1,"featured_media":0,"parent":15980,"menu_order":7,"comment_status":"closed","ping_status":"closed","template":"","meta":{"_acf_changed":false,"footnotes":""},"class_list":["post-14689","page","type-page","status-publish","hentry"],"acf":[],"yoast_head":"<!-- This site is optimized with the Yoast SEO plugin v26.7 - https:\/\/yoast.com\/wordpress\/plugins\/seo\/ -->\n<title>Sustainability - FRV<\/title>\n<meta name=\"robots\" content=\"index, follow, max-snippet:-1, max-image-preview:large, max-video-preview:-1\" \/>\n<link rel=\"canonical\" href=\"https:\/\/frv.com\/it\/commitment\/sustainability\/\" \/>\n<meta property=\"og:locale\" content=\"it_IT\" \/>\n<meta property=\"og:type\" content=\"article\" \/>\n<meta property=\"og:title\" content=\"Sustainability - FRV\" \/>\n<meta property=\"og:url\" content=\"https:\/\/frv.com\/it\/commitment\/sustainability\/en\/\" \/>\n<meta property=\"og:site_name\" content=\"FRV\" \/>\n<meta property=\"article:publisher\" content=\"https:\/\/www.facebook.com\/FRV.Official\" \/>\n<meta property=\"article:modified_time\" content=\"2026-01-19T17:09:44+00:00\" \/>\n<meta property=\"og:image\" content=\"https:\/\/frv.com\/wp-content\/uploads\/2021\/04\/curiosidad-scaled.jpg\" \/>\n\t<meta property=\"og:image:width\" content=\"2560\" \/>\n\t<meta property=\"og:image:height\" content=\"1707\" \/>\n\t<meta property=\"og:image:type\" content=\"image\/jpeg\" \/>\n<meta name=\"twitter:card\" content=\"summary_large_image\" \/>\n<meta name=\"twitter:site\" content=\"@FotowatioRV\" \/>\n<script type=\"application\/ld+json\" class=\"yoast-schema-graph\">{\"@context\":\"https:\/\/schema.org\",\"@graph\":[{\"@type\":\"WebPage\",\"@id\":\"https:\/\/frv.com\/it\/commitment\/sustainability\/\",\"url\":\"https:\/\/frv.com\/it\/commitment\/sustainability\/\",\"name\":\"Sostenibilit\u00e0 - FRV\",\"isPartOf\":{\"@id\":\"https:\/\/frv.com\/it\/#website\"},\"datePublished\":\"2020-11-17T09:09:30+00:00\",\"dateModified\":\"2026-01-19T17:09:44+00:00\",\"breadcrumb\":{\"@id\":\"https:\/\/frv.com\/it\/commitment\/sustainability\/#breadcrumb\"},\"inLanguage\":\"it-IT\",\"potentialAction\":[{\"@type\":\"ReadAction\",\"target\":[[\"https:\/\/frv.com\/it\/commitment\/sustainability\/\"]]}]},{\"@type\":\"BreadcrumbList\",\"@id\":\"https:\/\/frv.com\/it\/commitment\/sustainability\/#breadcrumb\",\"itemListElement\":[{\"@type\":\"ListItem\",\"position\":1,\"name\":\"Home\",\"item\":\"https:\/\/frv.com\/it\/\"},{\"@type\":\"ListItem\",\"position\":2,\"name\":\"Nuestro compromiso\",\"item\":\"https:\/\/frv.com\/it\/commitment\/\"},{\"@type\":\"ListItem\",\"position\":3,\"name\":\"Sustainability\"}]},{\"@type\":\"WebSite\",\"@id\":\"https:\/\/frv.com\/it\/#website\",\"url\":\"https:\/\/frv.com\/it\/\",\"name\":\"FRV\",\"description\":\"The future happens here\",\"potentialAction\":[{\"@type\":\"SearchAction\",\"target\":{\"@type\":\"EntryPoint\",\"urlTemplate\":\"https:\/\/frv.com\/it\/?s={search_term_string}\"},\"query-input\":{\"@type\":\"PropertyValueSpecification\",\"valueRequired\":true,\"valueName\":\"search_term_string\"}}],\"inLanguage\":\"it-IT\"}]}<\/script>\n<!-- \/ Yoast SEO plugin. -->","yoast_head_json":{"title":"Sustainability - FRV","robots":{"index":"index","follow":"follow","max-snippet":"max-snippet:-1","max-image-preview":"max-image-preview:large","max-video-preview":"max-video-preview:-1"},"canonical":"https:\/\/frv.com\/it\/commitment\/sustainability\/","og_locale":"it_IT","og_type":"article","og_title":"Sustainability - FRV","og_url":"https:\/\/frv.com\/it\/commitment\/sustainability\/en\/","og_site_name":"FRV","article_publisher":"https:\/\/www.facebook.com\/FRV.Official","article_modified_time":"2026-01-19T17:09:44+00:00","og_image":[{"width":2560,"height":1707,"url":"https:\/\/frv.com\/wp-content\/uploads\/2021\/04\/curiosidad-scaled.jpg","type":"image\/jpeg"}],"twitter_card":"summary_large_image","twitter_site":"@FotowatioRV","schema":{"@context":"https:\/\/schema.org","@graph":[{"@type":"WebPage","@id":"https:\/\/frv.com\/it\/commitment\/sustainability\/","url":"https:\/\/frv.com\/it\/commitment\/sustainability\/","name":"Sostenibilit\u00e0 - FRV","isPartOf":{"@id":"https:\/\/frv.com\/it\/#website"},"datePublished":"2020-11-17T09:09:30+00:00","dateModified":"2026-01-19T17:09:44+00:00","breadcrumb":{"@id":"https:\/\/frv.com\/it\/commitment\/sustainability\/#breadcrumb"},"inLanguage":"it-IT","potentialAction":[{"@type":"ReadAction","target":[["https:\/\/frv.com\/it\/commitment\/sustainability\/"]]}]},{"@type":"BreadcrumbList","@id":"https:\/\/frv.com\/it\/commitment\/sustainability\/#breadcrumb","itemListElement":[{"@type":"ListItem","position":1,"name":"Home","item":"https:\/\/frv.com\/it\/"},{"@type":"ListItem","position":2,"name":"Nuestro compromiso","item":"https:\/\/frv.com\/it\/commitment\/"},{"@type":"ListItem","position":3,"name":"Sustainability"}]},{"@type":"WebSite","@id":"https:\/\/frv.com\/it\/#website","url":"https:\/\/frv.com\/it\/","name":"FRV","description":"The future happens here","potentialAction":[{"@type":"SearchAction","target":{"@type":"EntryPoint","urlTemplate":"https:\/\/frv.com\/it\/?s={search_term_string}"},"query-input":{"@type":"PropertyValueSpecification","valueRequired":true,"valueName":"search_term_string"}}],"inLanguage":"it-IT"}]}},"search_content":" <h2 class=\"title\">Sostenibilit\u00e0 ambientale<\/h2> <p>Lavoriamo allo sviluppo di progetti sostenibili con la massima cura e il massimo rispetto per l&#8217;ambiente, effettuando uno studio approfondito dell&#8217;impatto di ogni progetto prima di iniziare qualsiasi attivit\u00e0. Le nostre soluzioni sono progettate per ridurre il pi\u00f9 possibile qualsiasi impatto ambientale dannoso associato alla produzione di energia.<\/p> <a class=\"video-button button-secondary\" data-video-url=\"https:\/\/www.youtube.com\/embed\/gYh7Nt7VqSY\" data-video-title=\"FRV&#8217;s environmental commitment\" > Play <\/a> <h2 class=\"title\">FRV&#8217;s environmental commitment<\/h2> <h2 class=\"title\">Non-Financial information Statement<\/h2> <a href='https:\/\/frv.com\/wp-content\/uploads\/2024\/08\/240802-FRV-Executive-Summary-comprimido-comprimido.pdf' target=\"_blank\" class=\" text-link\">ESG Memory 2023<\/a><a href='https:\/\/frv.com\/wp-content\/uploads\/2025\/05\/250409FRV-Memoria_ESG-EN-comprimido.pdf' target=\"_blank\" class=\" text-link\">ESG Memory 2024<\/a><a href='https:\/\/frv.com\/wp-content\/uploads\/2025\/07\/EINF-completo-con-informe-de-verificacion-y-firmas_Version-ingles.pdf' target=\"_blank\" class=\" text-link\">EINF 2024 - Independent verification report <\/a><a href='https:\/\/frv.com\/wp-content\/uploads\/2025\/05\/250520-Resumen-Ejecutivo-2024-EN-compressed.pdf' target=\"_blank\" class=\" text-link\">Executive Summary 2024<\/a> <p>In FRV la sostenibilit\u00e0 \u00e8 al centro di tutto ci\u00f2 che facciamo. I nostri rapporti di sostenibilit\u00e0 riflettono il nostro impegno costante nel creare un impatto positivo e duraturo sull&#8217;ambiente, sulla societ\u00e0 e sulle comunit\u00e0 in cui operiamo.<\/p> <p>Questi rapporti forniscono una panoramica trasparente dei nostri progressi, sfide e obiettivi, mentre continuiamo a guidare la transizione verso un futuro energetico pi\u00f9 pulito e sostenibile.<\/p> <h2 class=\"title\">Code of conduct and corporate policies<\/h2> <a href='https:\/\/frv.com\/wp-content\/uploads\/2021\/04\/Anti-Corruption-Policy-new-logo-.pdf%20' target=\"\" class=\" text-link\">POLITICA ANTICORRUZIONE<\/a><a href='https:\/\/frv.com\/wp-content\/uploads\/2021\/10\/1.-Code-of-Conduct-FRV_30.09.21.pdf%20' target=\"\" class=\" text-link\">CODICE DI COMPORTAMENTO<\/a><a href='https:\/\/frv.com\/wp-content\/uploads\/2022\/06\/IMM-Annex-03-FRV-QHSE-Policy-Ed03.pdf' target=\"\" class=\" text-link\">POLITICA QHSE<\/a><a href='https:\/\/frv.com\/wp-content\/uploads\/2021\/10\/3.-Anti-Slavery-Policy-FRV_30.09.21.pdf' target=\"\" class=\" text-link\">POLITICA CONTRO PRATICHE DI LAVORO FORZATO<\/a><a href='https:\/\/frv.com\/wp-content\/uploads\/2021\/10\/4.-Third-Parties-Ethics-Code_frv_30.09.21.pdf' target=\"\" class=\" text-link\">CODICE ETICO DI TERZE PARTI<\/a><a href='https:\/\/frv.com\/wp-content\/uploads\/2024\/08\/FRV-SL-9001-FS-785698.pdf' target=\"_blank\" class=\" text-link\">ISO 9001<\/a><a href='https:\/\/frv.com\/wp-content\/uploads\/2024\/08\/FRV-SL-45001-OHS-785695.pdf' target=\"_blank\" class=\" text-link\">ISO 45001<\/a><a href='https:\/\/frv.com\/wp-content\/uploads\/2024\/08\/FRV-SL-14001-EMS-785649.pdf' target=\"_blank\" class=\" text-link\">ISO 14001<\/a><a href='https:\/\/frv.com\/wp-content\/uploads\/2024\/11\/FRV-ISMS-Policy-Ed02-ORIGINAL-SIGNED.pdf' target=\"_blank\" class=\" text-link\">INFORMATION SECURITY MANAGEMENT POLICY<\/a><a href='https:\/\/frv.com\/wp-content\/uploads\/2024\/09\/best-practice-charter.pdf' target=\"_blank\" class=\" text-link\">CEC Best Practice Charter<\/a> <p>Operiamo nel rispetto dei pi\u00f9 elevati standard morali, legali ed etici in ciascuno dei paesi in cui siamo presenti. La nostra integrit\u00e0 nei rapporti commerciali \u00e8 uno dei valori principali della nostra organizzazione e tutti i dipendenti di FRV si impegnano per prendersi cura e sostenere questo pilastro fondamentale.<\/p> <p>FRV offre ai propri dipendenti e terzi un canale etico esterno gestito da una societ\u00e0 specializzata a cui \u00e8 possibile <a href=\"https:\/\/frv.canalhelas.com\/home\">accedere qui.<\/a><\/p> <h2 class=\"title\">Sostenibilit\u00e0 economica<\/h2> <p>Attraverso le nostre attivit\u00e0 di generiamo valore adottando tecnologie rinnovabili sempre pi\u00f9 competitive in termini di costi. In tal modo, contribuiamo allo sviluppo economico, garantendo l&#8217;accesso a energie pi\u00f9 accessibili, creando ricchezza e favorendo la crescita delle regioni in cui siamo presenti.<\/p> <h2 class=\"title\">Sostenibilit\u00e0 sociale<\/h2> <p>Ci impegniamo per lo sviluppo sociale dei nostri dipendenti e delle comunit\u00e0 nei Paesi in cui operiamo. Contribuiamo a questo sviluppo non solo grazie alla crescita economica e sostenibile associata alle nostre attivit\u00e0, ma anche attraverso programmi di istruzione e formazione che apportano valore al team e alle comunit\u00e0 locali.<\/p> <a class=\"video-button button-secondary\" data-video-url=\"https:\/\/www.youtube.com\/embed\/X_6M4kUO214\" data-video-title=\"FRV and Peque\u00f1a Nowina social commitment\" > Play <\/a> <h2 class=\"title\">FRV and Peque\u00f1a Nowina social commitment<\/h2> <h2 class=\"title\">La nostra promessa<\/h2> <p> Facciamo del tuo futuro la nostra ragion d&#8217;essere. Rafforziamo questo entusiasmo trasformando i sogni in un&#8217;energia contagiosa e stimolante che crea opportunit\u00e0 reali. Trasformiamo il progresso in una realt\u00e0 tangibile. <\/p> <p> Siamo l&#8217;energia che guida il futuro qui e ora. \u00a0<\/p> POSSIAMO AIUTARTI A GESTIRE LA TUA ENERGIA. AIUTARTI A ESSERE LA MIGLIORE VERSIONE DI TE. <p>\u201cVogliamo crescere insieme, con la migliore energia\u201d<\/p> OGGI OFFRIAMO L'ENERGIA DEL FUTURO, ENERGIA PULITA E SOSTENIBILE CON COSCIENZA SOCIALE. <h2 class=\"title\">Investiamo in iniziative che arricchiscono le persone e le aiutano a trasformare e migliorare il loro futuro<\/h2> <p>Grazie alla nostra gestione sostenibile del rischio, comprendiamo le questioni ambientali, sociali ed etiche che possono sorgere a seguito delle nostre attivit\u00e0. Questo ci permette di essere pi\u00f9 prudenti nei processi decisionali, ridurre i costi imprevisti e individuare vantaggi competitivi e nuove opportunit\u00e0 di business.<\/p> <a class=\"video-button button-secondary\" data-video-url=\"https:\/\/www.youtube.com\/embed\/3A5Jum0dz1I\" data-video-title=\"Jordan launches its first nanosatellite with the support of FRV\" > Play <\/a> <h2 class=\"title\">Jordan launches its first nanosatellite with the support of FRV<\/h2> <h2 class=\"title\">Business con una coscienza ecologica<\/h2> <p>Nel mondo finanziario sono sempre pi\u00f9 richiesti investimenti consapevoli dei fattori ambientali, sociali e di corporate governance (environmental, social and governance, ESG), vale a dire investimenti responsabili, sostenibili ed ecologici. Oggi \u00e8 necessario affrontare le decisioni di investimento in modo diverso, non \u00e8 importante solo guadagnare qualcosa, ma contribuire a qualcosa.<\/p> <a href='https:\/\/frv.com\/wp-content\/uploads\/2021\/07\/FRV-Green-Financing-Framework-Second-Party-Opinion.pdf' target=\"\" class=\" text-link\">SECOND PARTY OPINION (SPO) DEL NOSTRO ACCORDO QUADRO ECOLOGICO<\/a> <p>Affidabili, misurabili e trasparenti: le obbligazioni climaticamente responsabili (Climate Awareness Bond, CAB) rappresentano un altro passo nella giusta direzione verso i finanziamenti ecologici.<\/p> <p>Sono le garanzie che promuovono il finanziamento di progetti ambientali in tutto il mondo, si tratta di un modo per far s\u00ec che gli investitori puntino tutto sul nostro futuro, in sicurezza.<\/p> <h2 class=\"title\">Ogni anno<\/h2> >0,27 MILIONE DI TONNELLATE DI CO2 EVITATO >500 MILA CASE FORNITE >0,62 MILIONE DI AUTO RIMOSSE DALLE STRADE <h2 class=\"title\">Creazione di valore per i clienti<\/h2> <p>L&#8217;effetto della nostra attivit\u00e0 va oltre la generazione di benefici economici: ha un impatto diretto sulla societ\u00e0 e sull&#8217;ambiente.<\/p> <p>In qualit\u00e0 di leader nel settore delle energie rinnovabili, siamo consapevoli della nostra influenza sulle persone e sull&#8217;ambiente e prendiamo molto sul serio questa responsabilit\u00e0.<\/p> ","search_term":"","_links":{"self":[{"href":"https:\/\/frv.com\/it\/wp-json\/wp\/v2\/pages\/14689","targetHints":{"allow":["GET"]}}],"collection":[{"href":"https:\/\/frv.com\/it\/wp-json\/wp\/v2\/pages"}],"about":[{"href":"https:\/\/frv.com\/it\/wp-json\/wp\/v2\/types\/page"}],"author":[{"embeddable":true,"href":"https:\/\/frv.com\/it\/wp-json\/wp\/v2\/users\/1"}],"replies":[{"embeddable":true,"href":"https:\/\/frv.com\/it\/wp-json\/wp\/v2\/comments?post=14689"}],"version-history":[{"count":81,"href":"https:\/\/frv.com\/it\/wp-json\/wp\/v2\/pages\/14689\/revisions"}],"predecessor-version":[{"id":21842,"href":"https:\/\/frv.com\/it\/wp-json\/wp\/v2\/pages\/14689\/revisions\/21842"}],"up":[{"embeddable":true,"href":"https:\/\/frv.com\/it\/wp-json\/wp\/v2\/pages\/15980"}],"wp:attachment":[{"href":"https:\/\/frv.com\/it\/wp-json\/wp\/v2\/media?parent=14689"}],"curies":[{"name":"wp","href":"https:\/\/api.w.org\/{rel}","templated":true}]}}