{"id":14684,"date":"2020-11-17T10:07:57","date_gmt":"2020-11-17T09:07:57","guid":{"rendered":"https:\/\/frv.com\/en\/?page_id=14684"},"modified":"2024-08-07T10:58:54","modified_gmt":"2024-08-07T08:58:54","slug":"frv-values","status":"publish","type":"page","link":"https:\/\/frv.com\/it\/professionals\/frv-values\/","title":{"rendered":"FRV Values"},"content":{"rendered":"","protected":false},"excerpt":{"rendered":"","protected":false},"author":1,"featured_media":0,"parent":14683,"menu_order":13,"comment_status":"closed","ping_status":"closed","template":"","meta":{"_acf_changed":false,"footnotes":""},"class_list":["post-14684","page","type-page","status-publish","hentry"],"acf":[],"yoast_head":"<!-- This site is optimized with the Yoast SEO plugin v26.7 - https:\/\/yoast.com\/wordpress\/plugins\/seo\/ -->\n<title>FRV Values - FRV<\/title>\n<meta name=\"robots\" content=\"index, follow, max-snippet:-1, max-image-preview:large, max-video-preview:-1\" \/>\n<link rel=\"canonical\" href=\"https:\/\/frv.com\/it\/professionals\/frv-values\/\" \/>\n<meta property=\"og:locale\" content=\"it_IT\" \/>\n<meta property=\"og:type\" content=\"article\" \/>\n<meta property=\"og:title\" content=\"FRV Values - FRV\" \/>\n<meta property=\"og:url\" content=\"https:\/\/frv.com\/it\/professionals\/frv-values\/en\/\" \/>\n<meta property=\"og:site_name\" content=\"FRV\" \/>\n<meta property=\"article:publisher\" content=\"https:\/\/www.facebook.com\/FRV.Official\" \/>\n<meta property=\"article:modified_time\" content=\"2024-08-07T08:58:54+00:00\" \/>\n<meta property=\"og:image\" content=\"https:\/\/frv.com\/wp-content\/uploads\/2021\/04\/curiosidad-scaled.jpg\" \/>\n\t<meta property=\"og:image:width\" content=\"2560\" \/>\n\t<meta property=\"og:image:height\" content=\"1707\" \/>\n\t<meta property=\"og:image:type\" content=\"image\/jpeg\" \/>\n<meta name=\"twitter:card\" content=\"summary_large_image\" \/>\n<meta name=\"twitter:site\" content=\"@FotowatioRV\" \/>\n<script type=\"application\/ld+json\" class=\"yoast-schema-graph\">{\"@context\":\"https:\/\/schema.org\",\"@graph\":[{\"@type\":\"WebPage\",\"@id\":\"https:\/\/frv.com\/it\/professionals\/frv-values\/\",\"url\":\"https:\/\/frv.com\/it\/professionals\/frv-values\/\",\"name\":\"FRV Values - FRV\",\"isPartOf\":{\"@id\":\"https:\/\/frv.com\/it\/#website\"},\"datePublished\":\"2020-11-17T09:07:57+00:00\",\"dateModified\":\"2024-08-07T08:58:54+00:00\",\"breadcrumb\":{\"@id\":\"https:\/\/frv.com\/it\/professionals\/frv-values\/#breadcrumb\"},\"inLanguage\":\"it-IT\",\"potentialAction\":[{\"@type\":\"ReadAction\",\"target\":[[\"https:\/\/frv.com\/it\/professionals\/frv-values\/\"]]}]},{\"@type\":\"BreadcrumbList\",\"@id\":\"https:\/\/frv.com\/it\/professionals\/frv-values\/#breadcrumb\",\"itemListElement\":[{\"@type\":\"ListItem\",\"position\":1,\"name\":\"Home\",\"item\":\"https:\/\/frv.com\/it\/\"},{\"@type\":\"ListItem\",\"position\":2,\"name\":\"Profesionales\",\"item\":\"https:\/\/frv.com\/it\/professionals\/\"},{\"@type\":\"ListItem\",\"position\":3,\"name\":\"FRV Values\"}]},{\"@type\":\"WebSite\",\"@id\":\"https:\/\/frv.com\/it\/#website\",\"url\":\"https:\/\/frv.com\/it\/\",\"name\":\"FRV\",\"description\":\"The future happens here\",\"potentialAction\":[{\"@type\":\"SearchAction\",\"target\":{\"@type\":\"EntryPoint\",\"urlTemplate\":\"https:\/\/frv.com\/it\/?s={search_term_string}\"},\"query-input\":{\"@type\":\"PropertyValueSpecification\",\"valueRequired\":true,\"valueName\":\"search_term_string\"}}],\"inLanguage\":\"it-IT\"}]}<\/script>\n<!-- \/ Yoast SEO plugin. -->","yoast_head_json":{"title":"FRV Values - FRV","robots":{"index":"index","follow":"follow","max-snippet":"max-snippet:-1","max-image-preview":"max-image-preview:large","max-video-preview":"max-video-preview:-1"},"canonical":"https:\/\/frv.com\/it\/professionals\/frv-values\/","og_locale":"it_IT","og_type":"article","og_title":"FRV Values - FRV","og_url":"https:\/\/frv.com\/it\/professionals\/frv-values\/en\/","og_site_name":"FRV","article_publisher":"https:\/\/www.facebook.com\/FRV.Official","article_modified_time":"2024-08-07T08:58:54+00:00","og_image":[{"width":2560,"height":1707,"url":"https:\/\/frv.com\/wp-content\/uploads\/2021\/04\/curiosidad-scaled.jpg","type":"image\/jpeg"}],"twitter_card":"summary_large_image","twitter_site":"@FotowatioRV","schema":{"@context":"https:\/\/schema.org","@graph":[{"@type":"WebPage","@id":"https:\/\/frv.com\/it\/professionals\/frv-values\/","url":"https:\/\/frv.com\/it\/professionals\/frv-values\/","name":"FRV Values - FRV","isPartOf":{"@id":"https:\/\/frv.com\/it\/#website"},"datePublished":"2020-11-17T09:07:57+00:00","dateModified":"2024-08-07T08:58:54+00:00","breadcrumb":{"@id":"https:\/\/frv.com\/it\/professionals\/frv-values\/#breadcrumb"},"inLanguage":"it-IT","potentialAction":[{"@type":"ReadAction","target":[["https:\/\/frv.com\/it\/professionals\/frv-values\/"]]}]},{"@type":"BreadcrumbList","@id":"https:\/\/frv.com\/it\/professionals\/frv-values\/#breadcrumb","itemListElement":[{"@type":"ListItem","position":1,"name":"Home","item":"https:\/\/frv.com\/it\/"},{"@type":"ListItem","position":2,"name":"Profesionales","item":"https:\/\/frv.com\/it\/professionals\/"},{"@type":"ListItem","position":3,"name":"FRV Values"}]},{"@type":"WebSite","@id":"https:\/\/frv.com\/it\/#website","url":"https:\/\/frv.com\/it\/","name":"FRV","description":"The future happens here","potentialAction":[{"@type":"SearchAction","target":{"@type":"EntryPoint","urlTemplate":"https:\/\/frv.com\/it\/?s={search_term_string}"},"query-input":{"@type":"PropertyValueSpecification","valueRequired":true,"valueName":"search_term_string"}}],"inLanguage":"it-IT"}]}},"search_content":" <h2 class=\"title\">La nostra promessa<\/h2> <p>In quanto forte sostenitrice della crescita sostenibile, FRV \u00e8 un&#8217;azienda giovane e intraprendente. Siamo riusciti a consolidare la nostra posizione nel mercato delle energie rinnovabili grazie alla trasparenza e all&#8217;eccellenza delle nostre operazioni e ai risultati comprovati che abbiamo raggiunto.<\/p> <h2 class=\"title\">Come lavoriamo<\/h2> <p>I nostri valori costituiscono le fondamenta della nostra cultura e guidano la nostra attivit\u00e0 e il modo in cui lavoriamo<\/p> <h3 class=\"item-title\">Siamo incessantemente alla ricerca di nuovi modi per migliorare<\/h3> CURIOSIT\u00c0 <p>Mettiamo sempre in discussione tutto. La nostra curiosit\u00e0 senza limiti ci permette di imparare continuamente. Non diamo mai nulla per scontato in una costante sfida creativa con il business, con il team e con noi stessi. Non smettiamo mai di esplorare nuovi orizzonti e siamo aperti a ogni tipo di opportunit\u00e0.<\/p> <h3 class=\"item-title\">Abbiamo la prontezza necessaria per agire<\/h3> PRONTEZZA <p>Identifichiamo le opportunit\u00e0 reali in modo rapido ed efficiente sfruttandole al massimo e massimizzandone la redditivit\u00e0. Contiamo su una cultura aziendale orizzontale, aperta e ambiziosa che favorisce un ambiente dinamico e interattivo in cui tutti giocano un ruolo decisivo. Promuoviamo la partecipazione attiva di tutto il team per raggiungere una rapida ed efficiente realizzazione degli obiettivi prefissati.<\/p> <h3 class=\"item-title\">Percorriamo la nostra strada<\/h3> SPIRITO PIONIERISTICO <p>Con la tenacia necessaria per risolvere qualsiasi tipo di problema, accogliamo il cambiamento e l&#8217;innovazione per definire il nostro futuro. Non ci spaventa provare cose nuove, ma agiamo sempre con buon senso. In questo modo, implementiamo gli ultimi progressi tecnologici per soddisfare le nostre esigenze e quelle dei nostri clienti. Ma l&#8217;innovazione va oltre la tecnologia. Tutte le persone che fanno parte del nostro team condividono questo coraggio e questo supporto al progresso con l&#8217;obiettivo del miglioramento continuo. Siamo innovatori non solo per le nostre soluzioni tecniche, ma anche per il nostro modo di lavorare e di vedere il mondo.<\/p> <h3 class=\"item-title\">Ci impegniamo a mantenere le nostre promesse<\/h3> IMPEGNO <p>Manteniamo sempre le nostre promesse, raggiungendo i risultati e gli obiettivi prefissati con totale trasparenza e integrit\u00e0. Siamo orgogliosi di affermare che ciascuno dei nostri progetti ha soddisfatto o superato le aspettative di qualit\u00e0, produttivit\u00e0 e redditivit\u00e0 sia per i nostri partner e investitori, sia per i nostri clienti e consumatori finali.<\/p> <p>Questa responsabilit\u00e0 di offrire valore reale ha portato a un livello di credibilit\u00e0 di cui siamo orgogliosi e che ci consente di creare relazioni solide e durature basate sulla fiducia e sul rispetto reciproco.<\/p> <h3 class=\"item-title\">Attraverso l&#8217;eccellenza nell&#8217;esecuzione, offriamo soluzioni di massima qualit\u00e0 a livello mondiale<\/h3> ECCELLENZA <p>Ci sforziamo di raggiungere l&#8217;eccellenza nell&#8217;esecuzione di tutto ci\u00f2 che facciamo. La nostra perseveranza, il nostro impegno e l&#8217;impeccabile attenzione ai dettagli significano che forniamo sempre soluzioni reali, redditizie e innovative della migliore qualit\u00e0. Cerchiamo di dare il meglio di noi stessi, andare oltre, dare il 100% in ogni situazione. Questo non significa che dobbiamo sempre essere necessariamente i migliori, tuttavia, in ogni occasione facciamo del nostro meglio per sfruttare appieno il nostro potenziale e quello dei nostri clienti.<\/p> <h3 class=\"item-title\">\u2026 che generano emozioni nelle persone, dato che queste ultime danno il massimo in ci\u00f2 che fanno, con una passione che \u00e8 d&#8217;ispirazione per i nostri clienti<\/h3> EMOZIONE <p>La nostra passione pervade tutto ci\u00f2 che facciamo. Intraprendiamo ognuno dei nostri progetti con lo stesso entusiasmo del primo giorno. Siamo un&#8217;azienda dinamica ed emozionante per i nostri clienti, perch\u00e9 facciamo nostro il loro entusiasmo: i loro risultati sono anche i nostri risultati e i loro successi sono anche i nostri successi. Vedere come migliorano, crescono e raggiungono il loro massimo potenziale \u00e8 per noi la soddisfazione pi\u00f9 grande.<\/p> <h3 class=\"item-title\">Perch\u00e9 \u00e8 il nostro team che fa la differenza per tutti<\/h3> TEAM <p>Trasmettiamo energia positiva, sia nel nostro atteggiamento sia nei servizi forniti. Grazie a un ambiente di lavoro di squadra amichevole, creiamo un&#8217;atmosfera vibrante e dinamica dove tutto \u00e8 possibile. La nostra \u00e8 una cultura aperta e orizzontale in cui la comunicazione \u00e8 essenziale per stimolare un clima sano e positivo in grado di diffondere il nostro ottimismo e guidare le nostre azioni. Abbiamo fiducia nei nostri colleghi, sosteniamo l&#8217;importanza della crescita personale di ognuno e aiutiamo sempre gli altri a raggiungere i propri obiettivi individuali in linea con gli obiettivi del gruppo. Siamo molto esigenti con noi stessi e con il nostro team per soddisfare gli standard elevati che ci siamo prefissati e, di conseguenza, otteniamo sempre il massimo quando lavoriamo insieme, come un team.<\/p> ","search_term":"","_links":{"self":[{"href":"https:\/\/frv.com\/it\/wp-json\/wp\/v2\/pages\/14684","targetHints":{"allow":["GET"]}}],"collection":[{"href":"https:\/\/frv.com\/it\/wp-json\/wp\/v2\/pages"}],"about":[{"href":"https:\/\/frv.com\/it\/wp-json\/wp\/v2\/types\/page"}],"author":[{"embeddable":true,"href":"https:\/\/frv.com\/it\/wp-json\/wp\/v2\/users\/1"}],"replies":[{"embeddable":true,"href":"https:\/\/frv.com\/it\/wp-json\/wp\/v2\/comments?post=14684"}],"version-history":[{"count":47,"href":"https:\/\/frv.com\/it\/wp-json\/wp\/v2\/pages\/14684\/revisions"}],"predecessor-version":[{"id":19324,"href":"https:\/\/frv.com\/it\/wp-json\/wp\/v2\/pages\/14684\/revisions\/19324"}],"up":[{"embeddable":true,"href":"https:\/\/frv.com\/it\/wp-json\/wp\/v2\/pages\/14683"}],"wp:attachment":[{"href":"https:\/\/frv.com\/it\/wp-json\/wp\/v2\/media?parent=14684"}],"curies":[{"name":"wp","href":"https:\/\/api.w.org\/{rel}","templated":true}]}}