{"id":14683,"date":"2020-11-17T10:07:43","date_gmt":"2020-11-17T09:07:43","guid":{"rendered":"https:\/\/frv.com\/en\/?page_id=14683"},"modified":"2023-05-11T11:56:06","modified_gmt":"2023-05-11T09:56:06","slug":"professionals","status":"publish","type":"page","link":"https:\/\/frv.com\/it\/professionals\/","title":{"rendered":"Professionisti"},"content":{"rendered":"","protected":false},"excerpt":{"rendered":"","protected":false},"author":1,"featured_media":15555,"parent":0,"menu_order":11,"comment_status":"closed","ping_status":"closed","template":"","meta":{"_acf_changed":false,"footnotes":""},"class_list":["post-14683","page","type-page","status-publish","has-post-thumbnail","hentry"],"acf":[],"yoast_head":"<!-- This site is optimized with the Yoast SEO plugin v26.7 - https:\/\/yoast.com\/wordpress\/plugins\/seo\/ -->\n<title>FRV - Professionals<\/title>\n<meta name=\"robots\" content=\"index, follow, max-snippet:-1, max-image-preview:large, max-video-preview:-1\" \/>\n<link rel=\"canonical\" href=\"https:\/\/frv.com\/it\/professionals\/\" \/>\n<meta property=\"og:locale\" content=\"it_IT\" \/>\n<meta property=\"og:type\" content=\"article\" \/>\n<meta property=\"og:title\" content=\"FRV - Professionals\" \/>\n<meta property=\"og:url\" content=\"https:\/\/frv.com\/it\/professionals\/en\/\" \/>\n<meta property=\"og:site_name\" content=\"FRV\" \/>\n<meta property=\"article:publisher\" content=\"https:\/\/www.facebook.com\/FRV.Official\" \/>\n<meta property=\"article:modified_time\" content=\"2023-05-11T09:56:06+00:00\" \/>\n<meta property=\"og:image\" content=\"https:\/\/frv.com\/wp-content\/uploads\/2021\/04\/leadership.jpg\" \/>\n\t<meta property=\"og:image:width\" content=\"2362\" \/>\n\t<meta property=\"og:image:height\" content=\"989\" \/>\n\t<meta property=\"og:image:type\" content=\"image\/jpeg\" \/>\n<meta name=\"twitter:card\" content=\"summary_large_image\" \/>\n<meta name=\"twitter:image\" content=\"https:\/\/frv.com\/wp-content\/uploads\/2021\/04\/leadership.jpg\" \/>\n<meta name=\"twitter:site\" content=\"@FotowatioRV\" \/>\n<script type=\"application\/ld+json\" class=\"yoast-schema-graph\">{\"@context\":\"https:\/\/schema.org\",\"@graph\":[{\"@type\":\"WebPage\",\"@id\":\"https:\/\/frv.com\/it\/professionals\/\",\"url\":\"https:\/\/frv.com\/it\/professionals\/\",\"name\":\"FRV - Professionals\",\"isPartOf\":{\"@id\":\"https:\/\/frv.com\/it\/#website\"},\"primaryImageOfPage\":{\"@id\":\"https:\/\/frv.com\/it\/professionals\/#primaryimage\"},\"image\":{\"@id\":\"https:\/\/frv.com\/professionals\/#primaryimage\"},\"thumbnailUrl\":\"https:\/\/frv.com\/wp-content\/uploads\/2021\/01\/box-1.png\",\"datePublished\":\"2020-11-17T09:07:43+00:00\",\"dateModified\":\"2023-05-11T09:56:06+00:00\",\"breadcrumb\":{\"@id\":\"https:\/\/frv.com\/it\/professionals\/#breadcrumb\"},\"inLanguage\":\"it-IT\",\"potentialAction\":[{\"@type\":\"ReadAction\",\"target\":[[\"https:\/\/frv.com\/it\/professionals\/\"]]}]},{\"@type\":\"ImageObject\",\"inLanguage\":\"it-IT\",\"@id\":\"https:\/\/frv.com\/it\/professionals\/#primaryimage\",\"url\":\"https:\/\/frv.com\/wp-content\/uploads\/2021\/01\/box-1.png\",\"contentUrl\":\"https:\/\/frv.com\/wp-content\/uploads\/2021\/01\/box-1.png\",\"width\":370,\"height\":370},{\"@type\":\"BreadcrumbList\",\"@id\":\"https:\/\/frv.com\/it\/professionals\/#breadcrumb\",\"itemListElement\":[{\"@type\":\"ListItem\",\"position\":1,\"name\":\"Home\",\"item\":\"https:\/\/frv.com\/it\/\"},{\"@type\":\"ListItem\",\"position\":2,\"name\":\"Profesionales\"}]},{\"@type\":\"WebSite\",\"@id\":\"https:\/\/frv.com\/it\/#website\",\"url\":\"https:\/\/frv.com\/it\/\",\"name\":\"FRV\",\"description\":\"The future happens here\",\"potentialAction\":[{\"@type\":\"SearchAction\",\"target\":{\"@type\":\"EntryPoint\",\"urlTemplate\":\"https:\/\/frv.com\/it\/?s={search_term_string}\"},\"query-input\":{\"@type\":\"PropertyValueSpecification\",\"valueRequired\":true,\"valueName\":\"search_term_string\"}}],\"inLanguage\":\"it-IT\"}]}<\/script>\n<!-- \/ Yoast SEO plugin. -->","yoast_head_json":{"title":"FRV - Professionals","robots":{"index":"index","follow":"follow","max-snippet":"max-snippet:-1","max-image-preview":"max-image-preview:large","max-video-preview":"max-video-preview:-1"},"canonical":"https:\/\/frv.com\/it\/professionals\/","og_locale":"it_IT","og_type":"article","og_title":"FRV - Professionals","og_url":"https:\/\/frv.com\/it\/professionals\/en\/","og_site_name":"FRV","article_publisher":"https:\/\/www.facebook.com\/FRV.Official","article_modified_time":"2023-05-11T09:56:06+00:00","og_image":[{"width":2362,"height":989,"url":"https:\/\/frv.com\/wp-content\/uploads\/2021\/04\/leadership.jpg","type":"image\/jpeg"}],"twitter_card":"summary_large_image","twitter_image":"https:\/\/frv.com\/wp-content\/uploads\/2021\/04\/leadership.jpg","twitter_site":"@FotowatioRV","schema":{"@context":"https:\/\/schema.org","@graph":[{"@type":"WebPage","@id":"https:\/\/frv.com\/it\/professionals\/","url":"https:\/\/frv.com\/it\/professionals\/","name":"FRV - Professionals","isPartOf":{"@id":"https:\/\/frv.com\/it\/#website"},"primaryImageOfPage":{"@id":"https:\/\/frv.com\/it\/professionals\/#primaryimage"},"image":{"@id":"https:\/\/frv.com\/professionals\/#primaryimage"},"thumbnailUrl":"https:\/\/frv.com\/wp-content\/uploads\/2021\/01\/box-1.png","datePublished":"2020-11-17T09:07:43+00:00","dateModified":"2023-05-11T09:56:06+00:00","breadcrumb":{"@id":"https:\/\/frv.com\/it\/professionals\/#breadcrumb"},"inLanguage":"it-IT","potentialAction":[{"@type":"ReadAction","target":[["https:\/\/frv.com\/it\/professionals\/"]]}]},{"@type":"ImageObject","inLanguage":"it-IT","@id":"https:\/\/frv.com\/it\/professionals\/#primaryimage","url":"https:\/\/frv.com\/wp-content\/uploads\/2021\/01\/box-1.png","contentUrl":"https:\/\/frv.com\/wp-content\/uploads\/2021\/01\/box-1.png","width":370,"height":370},{"@type":"BreadcrumbList","@id":"https:\/\/frv.com\/it\/professionals\/#breadcrumb","itemListElement":[{"@type":"ListItem","position":1,"name":"Home","item":"https:\/\/frv.com\/it\/"},{"@type":"ListItem","position":2,"name":"Profesionales"}]},{"@type":"WebSite","@id":"https:\/\/frv.com\/it\/#website","url":"https:\/\/frv.com\/it\/","name":"FRV","description":"The future happens here","potentialAction":[{"@type":"SearchAction","target":{"@type":"EntryPoint","urlTemplate":"https:\/\/frv.com\/it\/?s={search_term_string}"},"query-input":{"@type":"PropertyValueSpecification","valueRequired":true,"valueName":"search_term_string"}}],"inLanguage":"it-IT"}]}},"search_content":" <h2 class=\"title\">Un team straordinario<\/h2> <p>Il successo di FRV si basa sulle persone; un team internazionale di professionisti con una vasta esperienza nel settore e altamente qualificato<\/p> Leader con spirito imprenditoriale <p>Un team manageriale di alto profilo con oltre 70 anni di esperienza accumulata nel settore e una media di 10 anni di esperienza individuale nel settore delle energie rinnovabili.<\/p> GESTIONE La crescita non avviene mai per caso <p>Con profili tecnici volti a supportare tutte le aree della catena di valore dei nostri progetti: sviluppo commerciale, mercati energetici, ingegneria (progettazione, fattibilit\u00e0 del progetto, interconnessione) Due Diligence, approvvigionamento di apparecchiature, IT, costruzione, centro di controllo, QHSE, Asset management, O&amp;M, R&amp;S).<\/p> SVILUPPO TECNICO E COMMERCIALE Il nostro team \u00e8 il nostro asset pi\u00f9 prezioso <p>Con posizioni in campi come finance, fiscalit\u00e0, tesoreria, rischio e pianificazione, finanza strutturata e M&amp;A.<\/p> FINANCE Nessuna organizzazione pu\u00f2 prosperare senza innovazione <p>Piattaforma di innovazione progettata per operare secondo i principi di start up in modo da essere pi\u00f9 agile e flessibile. Dobbiamo adattarci a un ambiente aziendale in continua evoluzione, con nuove tecnologie, nuovi modelli di business e nuovi ruoli e professionisti che ci aiuteranno a stare al passo con i progressi e le tendenze digitali pi\u00f9 recenti nel settore.<\/p> FRV-X Mantenimento degli standard pi\u00f9 elevati <p>Un team multidisciplinare di professionisti certificati da standard internazionali di audit interno, le cui principali responsabilit\u00e0 comprendono: &#8211; La valutazione e la revisione di tutti i sistemi di controllo e gestione dei rischi per l&#8217;azienda &#8211; Monitoraggio dei rischi specifici relativi a corruzione e concussione, frode e altre pratiche irregolari contrarie al codice di condotta FRV che possono essere poste in essere dai dipendenti o da terzi.<\/p> CORPORATE GOVERNANCE Prendiamo le nostre responsabilit\u00e0 molto seriamente <p>Una delle nostre principali responsabilit\u00e0 \u00e8 garantire che tutte le nostre transazioni e attivit\u00e0 commerciali siano conformi ai regolamenti aziendali e alle varie normative. Il nostro team legale gestisce tutte le transazioni legali dell&#8217;azienda, delle partnership e dei progetti. Garantisce che tutte le transazioni della nostra azienda siano conformi alle leggi e ai regolamenti statali, oltre ad aiutare a evitare tutti i possibili rischi associati alla nostra attivit\u00e0 e al mancato rispetto della legge.<\/p> LEGALE <h2 class=\"title\">Ecco il nostro team<\/h2> <p>I nostri professionisti hanno un atteggiamento impeccabile; si impegnano per il successo, l&#8217;innovazione, la responsabilit\u00e0 e la trasparenza. Sono i migliori ambasciatori di FRV.<\/p> \u2039 \u203a RESPONSABILE DELLA DIVISIONE LEGALE - CORPORATE MadridPilar L\u00f3pez<p>&#8221;Entrare a far parte di FRV mi ha permesso di utilizzare le mie conoscenze e la mia esperienza legale per contribuire alla missione dell&#8217;azienda e apportare un cambiamento positivo nella vita delle persone in tutto il mondo. La passione, le competenze e l&#8217;energia positiva di tutti nell&#8217;organizzazione creano un&#8217;atmosfera di lavoro dove tutto \u00e8 possibile!&#8221;<\/p> DIVISIONE FINANCE - CORPORATE MADRIDRoc\u00edo Villalba<p>&#8220;L&#8217;aspetto migliore del lavorare per FRV \u00e8 l&#8217;apprendimento costante e le nuove sfide che appaiono e che ti fanno crescere sia professionalmente sia personalmente&#8221;.<\/p> DIRETTORE DI O&M MADRIDJorge Garrido<p>&#8220;Quando sono entrato in FRV 6 anni fa, l&#8217;azienda si concentrava solo su alcuni mercati. Da allora l&#8217;azienda \u00e8 cresciuta molto pi\u00f9 di quanto mi aspettassi. Ci siamo espansi in tutto il mondo, abbiamo un portfolio di progetti di oltre 2 GW, siamo pionieri nell&#8217;implementazione delle nuove tecnologie e offriamo un&#8217;ampia variet\u00e0 di servizi nei nostri progetti, mentre continuiamo a crescere in modo esponenziale. Tutto ci\u00f2 non sarebbe stato possibile senza l&#8217;impegno del nostro team, il nostro entusiasmo per l&#8217;innovazione e il nostro desiderio di offrire sempre le migliori prestazioni sia nei nostri progetti sia nei servizi offerti a terzi. Noi di FRV ci sforziamo sempre di superare le aspettative. Proprio per questo il futuro accade qui e ora!&#8221;<\/p> <h2 class=\"title\">Il team FRV<\/h2> <h3 class=\"item-title\">Un team internazionale riconosciuto<\/h3> <p>Con oltre 200 professionisti altamente qualificati<\/p> <h3 class=\"item-title\">Una ricerca continua<\/h3> <p>per attirare e sviluppare talenti<\/p> <h3 class=\"item-title\">Una gestione disciplinata del capitale<\/h3> <p>Con particolare attenzione alla creazione di valore a lungo termine<\/p> ","search_term":"","_links":{"self":[{"href":"https:\/\/frv.com\/it\/wp-json\/wp\/v2\/pages\/14683","targetHints":{"allow":["GET"]}}],"collection":[{"href":"https:\/\/frv.com\/it\/wp-json\/wp\/v2\/pages"}],"about":[{"href":"https:\/\/frv.com\/it\/wp-json\/wp\/v2\/types\/page"}],"author":[{"embeddable":true,"href":"https:\/\/frv.com\/it\/wp-json\/wp\/v2\/users\/1"}],"replies":[{"embeddable":true,"href":"https:\/\/frv.com\/it\/wp-json\/wp\/v2\/comments?post=14683"}],"version-history":[{"count":39,"href":"https:\/\/frv.com\/it\/wp-json\/wp\/v2\/pages\/14683\/revisions"}],"predecessor-version":[{"id":17751,"href":"https:\/\/frv.com\/it\/wp-json\/wp\/v2\/pages\/14683\/revisions\/17751"}],"wp:featuredmedia":[{"embeddable":true,"href":"https:\/\/frv.com\/it\/wp-json\/wp\/v2\/media\/15555"}],"wp:attachment":[{"href":"https:\/\/frv.com\/it\/wp-json\/wp\/v2\/media?parent=14683"}],"curies":[{"name":"wp","href":"https:\/\/api.w.org\/{rel}","templated":true}]}}