{"id":6,"date":"2020-11-11T11:44:23","date_gmt":"2020-11-11T10:44:23","guid":{"rendered":"https:\/\/frv.com\/en\/?page_id=6"},"modified":"2025-11-27T12:45:36","modified_gmt":"2025-11-27T11:45:36","slug":"the-future-happens-here","status":"publish","type":"page","link":"https:\/\/frv.com\/en\/","title":{"rendered":""},"content":{"rendered":"","protected":false},"excerpt":{"rendered":"","protected":false},"author":1,"featured_media":20115,"parent":0,"menu_order":15,"comment_status":"closed","ping_status":"closed","template":"","meta":{"_acf_changed":false,"footnotes":""},"class_list":["post-6","page","type-page","status-publish","has-post-thumbnail","hentry"],"acf":[],"yoast_head":"<!-- This site is optimized with the Yoast SEO plugin v26.7 - https:\/\/yoast.com\/wordpress\/plugins\/seo\/ -->\n<title>FRV - The future happens here<\/title>\n<meta name=\"description\" content=\"We are world leaders in providing comprehensive renewable energy solutions for all. We are making progress a tangible reality.\" \/>\n<meta name=\"robots\" content=\"index, follow, max-snippet:-1, max-image-preview:large, max-video-preview:-1\" \/>\n<link rel=\"canonical\" href=\"https:\/\/frv.com\/en\/\" \/>\n<meta property=\"og:locale\" content=\"en_US\" \/>\n<meta property=\"og:type\" content=\"article\" \/>\n<meta property=\"og:title\" content=\"El futuro sucede aqu\u00ed | The future happens here\" \/>\n<meta property=\"og:description\" content=\"Somos l\u00edderes mundiales en el suministro de soluciones integrales de energ\u00eda renovable. Aprovechamos el poder de la naturaleza para democratizar el acceso a la energ\u00eda sostenible y limpia, convirti\u00e9ndola en una opci\u00f3n econ\u00f3micamente viable para todos. | We are world leaders in providing comprehensive renewable energy solutions. We\u2019re harnessing the power of nature to democratize access to sustainable, clean energy, making it an economically viable choice for all.\" \/>\n<meta property=\"og:url\" content=\"https:\/\/frv.com\/en\/en\/\" \/>\n<meta property=\"og:site_name\" content=\"FRV\" \/>\n<meta property=\"article:publisher\" content=\"https:\/\/www.facebook.com\/FRV.Official\" \/>\n<meta property=\"article:modified_time\" content=\"2025-11-27T11:45:36+00:00\" \/>\n<meta property=\"og:image\" content=\"https:\/\/frv.com\/wp-content\/uploads\/2019\/07\/ShadowPP-AJL-Madrid-0388-scaled.jpg\" \/>\n\t<meta property=\"og:image:width\" content=\"2560\" \/>\n\t<meta property=\"og:image:height\" content=\"1707\" \/>\n\t<meta property=\"og:image:type\" content=\"image\/jpeg\" \/>\n<meta name=\"twitter:card\" content=\"summary_large_image\" \/>\n<meta name=\"twitter:title\" content=\"The future happens here\" \/>\n<meta name=\"twitter:description\" content=\"We are world leaders in providing comprehensive renewable energy solutions.\" \/>\n<meta name=\"twitter:image\" content=\"https:\/\/frv.com\/wp-content\/uploads\/2019\/07\/ShadowPP-AJL-Madrid-0388-scaled.jpg\" \/>\n<meta name=\"twitter:site\" content=\"@FotowatioRV\" \/>\n<meta name=\"twitter:label1\" content=\"Est. reading time\" \/>\n\t<meta name=\"twitter:data1\" content=\"1 minute\" \/>\n<script type=\"application\/ld+json\" class=\"yoast-schema-graph\">{\"@context\":\"https:\/\/schema.org\",\"@graph\":[{\"@type\":\"WebPage\",\"@id\":\"https:\/\/frv.com\/en\/\",\"url\":\"https:\/\/frv.com\/en\/\",\"name\":\"FRV - The future happens here\",\"isPartOf\":{\"@id\":\"https:\/\/frv.com\/en\/#website\"},\"primaryImageOfPage\":{\"@id\":\"https:\/\/frv.com\/en\/#primaryimage\"},\"image\":{\"@id\":\"https:\/\/frv.com\/#primaryimage\"},\"thumbnailUrl\":\"https:\/\/frv.com\/wp-content\/uploads\/2023\/01\/IJQL9778.jpg\",\"datePublished\":\"2020-11-11T10:44:23+00:00\",\"dateModified\":\"2025-11-27T11:45:36+00:00\",\"description\":\"We are world leaders in providing comprehensive renewable energy solutions for all. We are making progress a tangible reality.\",\"inLanguage\":\"en-US\",\"potentialAction\":[{\"@type\":\"ReadAction\",\"target\":[[\"https:\/\/frv.com\/en\/\"]]}]},{\"@type\":\"ImageObject\",\"inLanguage\":\"en-US\",\"@id\":\"https:\/\/frv.com\/en\/#primaryimage\",\"url\":\"https:\/\/frv.com\/wp-content\/uploads\/2023\/01\/IJQL9778.jpg\",\"contentUrl\":\"https:\/\/frv.com\/wp-content\/uploads\/2023\/01\/IJQL9778.jpg\",\"width\":1600,\"height\":1200,\"caption\":\"Carmonita Ministerio\"},{\"@type\":\"WebSite\",\"@id\":\"https:\/\/frv.com\/en\/#website\",\"url\":\"https:\/\/frv.com\/en\/\",\"name\":\"FRV\",\"description\":\"The future happens here\",\"potentialAction\":[{\"@type\":\"SearchAction\",\"target\":{\"@type\":\"EntryPoint\",\"urlTemplate\":\"https:\/\/frv.com\/en\/?s={search_term_string}\"},\"query-input\":{\"@type\":\"PropertyValueSpecification\",\"valueRequired\":true,\"valueName\":\"search_term_string\"}}],\"inLanguage\":\"en-US\"}]}<\/script>\n<!-- \/ Yoast SEO plugin. -->","yoast_head_json":{"title":"FRV - The future happens here","description":"We are world leaders in providing comprehensive renewable energy solutions for all. We are making progress a tangible reality.","robots":{"index":"index","follow":"follow","max-snippet":"max-snippet:-1","max-image-preview":"max-image-preview:large","max-video-preview":"max-video-preview:-1"},"canonical":"https:\/\/frv.com\/en\/","og_locale":"en_US","og_type":"article","og_title":"El futuro sucede aqu\u00ed | The future happens here","og_description":"Somos l\u00edderes mundiales en el suministro de soluciones integrales de energ\u00eda renovable. Aprovechamos el poder de la naturaleza para democratizar el acceso a la energ\u00eda sostenible y limpia, convirti\u00e9ndola en una opci\u00f3n econ\u00f3micamente viable para todos. | We are world leaders in providing comprehensive renewable energy solutions. We\u2019re harnessing the power of nature to democratize access to sustainable, clean energy, making it an economically viable choice for all.","og_url":"https:\/\/frv.com\/en\/en\/","og_site_name":"FRV","article_publisher":"https:\/\/www.facebook.com\/FRV.Official","article_modified_time":"2025-11-27T11:45:36+00:00","og_image":[{"width":2560,"height":1707,"url":"https:\/\/frv.com\/wp-content\/uploads\/2019\/07\/ShadowPP-AJL-Madrid-0388-scaled.jpg","type":"image\/jpeg"}],"twitter_card":"summary_large_image","twitter_title":"The future happens here","twitter_description":"We are world leaders in providing comprehensive renewable energy solutions.","twitter_image":"https:\/\/frv.com\/wp-content\/uploads\/2019\/07\/ShadowPP-AJL-Madrid-0388-scaled.jpg","twitter_site":"@FotowatioRV","twitter_misc":{"Est. reading time":"1 minute"},"schema":{"@context":"https:\/\/schema.org","@graph":[{"@type":"WebPage","@id":"https:\/\/frv.com\/en\/","url":"https:\/\/frv.com\/en\/","name":"FRV - The future happens here","isPartOf":{"@id":"https:\/\/frv.com\/en\/#website"},"primaryImageOfPage":{"@id":"https:\/\/frv.com\/en\/#primaryimage"},"image":{"@id":"https:\/\/frv.com\/#primaryimage"},"thumbnailUrl":"https:\/\/frv.com\/wp-content\/uploads\/2023\/01\/IJQL9778.jpg","datePublished":"2020-11-11T10:44:23+00:00","dateModified":"2025-11-27T11:45:36+00:00","description":"We are world leaders in providing comprehensive renewable energy solutions for all. We are making progress a tangible reality.","inLanguage":"en-US","potentialAction":[{"@type":"ReadAction","target":[["https:\/\/frv.com\/en\/"]]}]},{"@type":"ImageObject","inLanguage":"en-US","@id":"https:\/\/frv.com\/en\/#primaryimage","url":"https:\/\/frv.com\/wp-content\/uploads\/2023\/01\/IJQL9778.jpg","contentUrl":"https:\/\/frv.com\/wp-content\/uploads\/2023\/01\/IJQL9778.jpg","width":1600,"height":1200,"caption":"Carmonita Ministerio"},{"@type":"WebSite","@id":"https:\/\/frv.com\/en\/#website","url":"https:\/\/frv.com\/en\/","name":"FRV","description":"The future happens here","potentialAction":[{"@type":"SearchAction","target":{"@type":"EntryPoint","urlTemplate":"https:\/\/frv.com\/en\/?s={search_term_string}"},"query-input":{"@type":"PropertyValueSpecification","valueRequired":true,"valueName":"search_term_string"}}],"inLanguage":"en-US"}]}},"search_content":" <h2 class=\"title\">Each year<\/h2> >1,20 million tons of CO2 avoided >0,79 Million homes powered <h2 class=\"title\">Leading the transformation of the Power Industry<\/h2> <p>We are making progress a tangible reality. We create real world solutions that drive change and power our future every day.<\/p> <a href='https:\/\/frv.com\/en\/services\/expertise\/' target=\"\" class=\" button-secondary\">Explore services<\/a> <h2 class=\"title\">Innovation, pioneering what\u2019s next<\/h2> <p>We create breakthrough solutions along the New Energy value chain.<\/p> <p>In 2019, we launched FRV-X as our technology platform able to create innovative solutions along New Energy Value chain.<\/p> <p>The FRV-X team continues FRV\u2019s pioneering journey through identifying, exploring and incubating innovative concepts in technology, service and business models to deliver viable and scalable solutions that continue to drive the global transition to a sustainable renewable energy model.<\/p> Green Hydrogen and derivatives Behind the meter (BTM) New Digital Business Models <a href='https:\/\/frv.com\/en\/services\/frv-x\/' target=\"\" class=\" button-secondary\">Explore FRV-X, our innovation hub<\/a> <h2 class=\"title\">Reshaping the future energy industry<\/h2> <p>What if we can help you manage your energy more efficiently?<\/p> <a href='https:\/\/frv.com\/en\/services\/operation-and-maintenance\/' target=\"\" class=\" button-secondary\">Explore O&M<\/a> <h2 class=\"title\">Our success is always better shared<\/h2> <p>Our ultimate objective goes far beyond just developing infrastructure and generating energy but extends to meaningful contributions to welfare and development in communities where we operate.<\/p> <a href='https:\/\/frv.com\/en\/commitment\/environmental-social-governance\/' target=\"\" class=\" button-secondary\">Explore our commitment<\/a> <p>\u201dAn expected $US\u00a07 billion investment in asset and infrastructure to increase the installed capacity under management to around 4\u00a0GW by 2026\u201d<\/p> <h2 class=\"title\">FRV overview<\/h2> 4 Continents >50 Plants >5GW Of Project development experience >4US$ BILLION In project financing <h2 class=\"title\">Proven Experience<\/h2> <p>Since our foundation in 2006, FRV has consistently striven to surpass the limitations of conventional energy value chains, developing utility-scale sustainable renewable energy solutions that contribute to a new world future.<\/p> 0,00 MW DC Worldwide total Projects total Map Cards CountryArmeniaAustraliaChileFinlandItalyJordanMexicoNew ZealandSpainUnited KingdomUruguay StatusPPAsIn operationIn construction TechnologyPhotovoltaic PlantWind Power PlantEnergy Storage ProjectsHybrid Projects <a class=\"button-primary hide\" data-back-all>Back to World<\/a> All Projects found: No projects found. \u2039 \u203a <a class=\"link-block\" href=\"https:\/\/frv.com\/en\/projects\/redipuglia-bess\/\"> 206,00 MW DC Energy Storage Projects Redipuglia Fogliano Redipuglia \/ Italy PPAs <\/a> <a class=\"link-block\" href=\"https:\/\/frv.com\/en\/projects\/acciaiolo-bess\/\"> 50,00 MW DC Energy Storage Projects Acciaiolo Fauglia \/ Italy PPAs <\/a> <a class=\"link-block\" href=\"https:\/\/frv.com\/en\/projects\/simo\/\"> 100,00 MW DC Energy Storage Projects Simo Simo \/ Finland In construction <\/a> <a class=\"link-block\" href=\"https:\/\/frv.com\/en\/projects\/lauriston-pv-plant\/\"> 63,00 MW DC Photovoltaic Plant Lauriston Lauriston \/ New Zealand In operation <\/a> <a class=\"link-block\" href=\"https:\/\/frv.com\/en\/projects\/alcores\/\"> 83,00 MW DC Photovoltaic Plant Alcores Andaluc\u00eda \/ Spain In operation <\/a> <a class=\"link-block\" href=\"https:\/\/frv.com\/en\/projects\/carmonita-sur\/\"> 105,00 MW DC Photovoltaic Plant Carmonita Sur Extremadura \/ Spain In operation <\/a> <a class=\"link-block\" href=\"https:\/\/frv.com\/en\/projects\/carmonita-iv\/\"> 50,00 MW DC Photovoltaic Plant Carmonita IV Spain In construction <\/a> <a class=\"link-block\" href=\"https:\/\/frv.com\/en\/projects\/carmonita-ministerio\/\"> 477,00 MW DC Photovoltaic Plant Carmonita Ministerio Extremadura \/ Spain In operation <\/a> <a class=\"link-block\" href=\"https:\/\/frv.com\/en\/projects\/loncualhue\/\"> 160,00 MW DC Wind Power Plant Loncualhue Regi\u00f3n de Maule \/ Chile PPAs <\/a> <a class=\"link-block\" href=\"https:\/\/frv.com\/en\/projects\/terang-bess\/\"> 100,00 MW DC Energy Storage Projects Terang Terang \/ Australia In construction <\/a> <a class=\"link-block\" href=\"https:\/\/frv.com\/en\/projects\/gnarwarre-bess\/\"> 250,00 MW DC Energy Storage Projects Gnarwarre Gnarwarre \/ Australia In construction <\/a> <a class=\"link-block\" href=\"https:\/\/frv.com\/en\/projects\/carmonita-norte-115-mw\/\"> 115,00 MW DC Photovoltaic Plant Carmonita Norte Extremadura \/ Spain In operation <\/a> <a class=\"link-block\" href=\"https:\/\/frv.com\/en\/projects\/san-servan-400\/\"> 150,00 MW DC Photovoltaic Plant San Serv\u00e1n 400 M\u00e9rida, Extremadura \/ Spain In operation <\/a> <a class=\"link-block\" href=\"https:\/\/frv.com\/en\/projects\/clay-tye-battery-energy-storage-system\/\"> 99,00 MW DC Energy Storage Projects Clay Tye United Kingdom In operation <\/a> <a class=\"link-block\" href=\"https:\/\/frv.com\/en\/projects\/tarapaca\/\"> 504,00 MW DC Hybrid Projects Tarapac\u00e1 Tarapac\u00e1 \/ Chile In construction <\/a> <a class=\"link-block\" href=\"https:\/\/frv.com\/en\/projects\/llanos-de-maranon-hybrid-renewable-energy-project\/\"> 458,00 MW DC Photovoltaic Plant Llanos de Mara\u00f1\u00f3n Vallenar \/ Chile PPAs <\/a> <a class=\"link-block\" href=\"https:\/\/frv.com\/en\/projects\/frigarsa-energy-storage-as-a-service\/\"> 0,48 MW DC Energy Storage Projects Frigarsa Energy Storage-as-a-Service Mexico City \/ Mexico In operation <\/a> <a class=\"link-block\" href=\"https:\/\/frv.com\/en\/projects\/san-servan\/\"> 138,00 MW DC Photovoltaic Plant San Serv\u00e1n 220 Solana de los Barros, Extremadura \/ Spain In operation <\/a> <a class=\"link-block\" href=\"https:\/\/frv.com\/en\/projects\/dalby\/\"> 5,00 MW DC Hybrid Projects Dalby Brisbane, Queensland \/ Australia In operation <\/a> <a class=\"link-block\" href=\"https:\/\/frv.com\/en\/projects\/contego\/\"> 34,00 MW DC Energy Storage Projects Contego West Sussex \/ United Kingdom In operation <\/a> <a class=\"link-block\" href=\"https:\/\/frv.com\/en\/projects\/metz\/\"> 141,00 MW DC Photovoltaic Plant Metz New South Wales \/ Australia In operation <\/a> <a class=\"link-block\" href=\"https:\/\/frv.com\/en\/projects\/walla-walla\/\"> 353,00 MW DC Photovoltaic Plant Walla Walla New South Wales \/ Australia In operation <\/a> <a class=\"link-block\" href=\"https:\/\/frv.com\/en\/projects\/sebastopol\/\"> 109,00 MW DC Photovoltaic Plant Sebastopol New South Wales \/ Australia In operation <\/a> <a class=\"link-block\" href=\"https:\/\/frv.com\/en\/projects\/moree-solar-farm\/\"> 70,00 MW DC Photovoltaic Plant Moree Moree, New South Wales \/ Australia In operation <\/a> <a class=\"link-block\" href=\"https:\/\/frv.com\/en\/projects\/holes-bay\/\"> 7,50 MW DC Energy Storage Projects Holes Bay Holes Bay, Dorset \/ United Kingdom In operation <\/a> <a class=\"link-block\" href=\"https:\/\/frv.com\/en\/projects\/goonumbla\/\"> 89,00 MW DC Photovoltaic Plant Goonumbla New South Wales \/ Australia In operation <\/a> <a class=\"link-block\" href=\"https:\/\/frv.com\/en\/projects\/la-solanilla\/\"> 50,00 MW DC Photovoltaic Plant La Solanilla Trujillo, Extremadura \/ Spain In operation <\/a> <a class=\"link-block\" href=\"https:\/\/frv.com\/en\/projects\/potrero\/\"> 296,00 MW DC Photovoltaic Plant Potrero Jalisco, Mexico \/ Mexico In operation <\/a> <a class=\"link-block\" href=\"https:\/\/frv.com\/en\/projects\/masrik\/\"> 62,09 MW DC Photovoltaic Plant Masrik Gegharkunik \/ Armenia In operation <\/a> <a class=\"link-block\" href=\"https:\/\/frv.com\/en\/projects\/winton\/\"> 100,00 MW DC Photovoltaic Plant Winton Victoria \/ Australia In operation <\/a> <a class=\"link-block\" href=\"https:\/\/frv.com\/en\/projects\/al-safawi\/\"> 201,00 MW DC Photovoltaic Plant Mafraq I, Empire and Al Safawi Al Mafraq and Al Safawi \/ Jordan In operation <\/a> <a class=\"link-block\" href=\"https:\/\/frv.com\/en\/projects\/lilyvale\/\"> 126,00 MW DC Photovoltaic Plant Lilyvale Queensland \/ Australia In operation <\/a> <a class=\"link-block\" href=\"https:\/\/frv.com\/en\/projects\/san-luis-de-potosi\/\"> 342,00 MW DC Photovoltaic Plant Potos\u00ed Solar San Lu\u00eds de Potos\u00ed \/ Mexico In operation <\/a> <a class=\"link-block\" href=\"https:\/\/frv.com\/en\/projects\/la-jacinta-uruguay\/\"> 65,00 MW DC Photovoltaic Plant La Jacinta Salto Department \/ Uruguay In operation <\/a> <h2 class=\"title\">Pipeline<\/h2> 24GW of projects currently under development 13,40GW in renewable energy projects 8,50GW in BESS projects 2,10GW in Green H2 projects ","search_term":"","_links":{"self":[{"href":"https:\/\/frv.com\/en\/wp-json\/wp\/v2\/pages\/6","targetHints":{"allow":["GET"]}}],"collection":[{"href":"https:\/\/frv.com\/en\/wp-json\/wp\/v2\/pages"}],"about":[{"href":"https:\/\/frv.com\/en\/wp-json\/wp\/v2\/types\/page"}],"author":[{"embeddable":true,"href":"https:\/\/frv.com\/en\/wp-json\/wp\/v2\/users\/1"}],"replies":[{"embeddable":true,"href":"https:\/\/frv.com\/en\/wp-json\/wp\/v2\/comments?post=6"}],"version-history":[{"count":129,"href":"https:\/\/frv.com\/en\/wp-json\/wp\/v2\/pages\/6\/revisions"}],"predecessor-version":[{"id":21659,"href":"https:\/\/frv.com\/en\/wp-json\/wp\/v2\/pages\/6\/revisions\/21659"}],"wp:featuredmedia":[{"embeddable":true,"href":"https:\/\/frv.com\/en\/wp-json\/wp\/v2\/media\/20115"}],"wp:attachment":[{"href":"https:\/\/frv.com\/en\/wp-json\/wp\/v2\/media?parent=6"}],"curies":[{"name":"wp","href":"https:\/\/api.w.org\/{rel}","templated":true}]}}