{"id":6,"date":"2020-11-11T11:44:23","date_gmt":"2020-11-11T10:44:23","guid":{"rendered":"https:\/\/frv.com\/en\/?page_id=6"},"modified":"2025-11-27T12:45:36","modified_gmt":"2025-11-27T11:45:36","slug":"the-future-happens-here","status":"publish","type":"page","link":"https:\/\/frv.com\/de\/","title":{"rendered":""},"content":{"rendered":"","protected":false},"excerpt":{"rendered":"","protected":false},"author":1,"featured_media":20115,"parent":0,"menu_order":15,"comment_status":"closed","ping_status":"closed","template":"","meta":{"_acf_changed":false,"footnotes":""},"class_list":["post-6","page","type-page","status-publish","has-post-thumbnail","hentry"],"acf":[],"yoast_head":"<!-- This site is optimized with the Yoast SEO plugin v26.7 - https:\/\/yoast.com\/wordpress\/plugins\/seo\/ -->\n<title>FRV - The future happens here<\/title>\n<meta name=\"description\" content=\"We are world leaders in providing comprehensive renewable energy solutions for all. We are making progress a tangible reality.\" \/>\n<meta name=\"robots\" content=\"index, follow, max-snippet:-1, max-image-preview:large, max-video-preview:-1\" \/>\n<link rel=\"canonical\" href=\"https:\/\/frv.com\/de\/\" \/>\n<meta property=\"og:locale\" content=\"de_DE\" \/>\n<meta property=\"og:type\" content=\"article\" \/>\n<meta property=\"og:title\" content=\"El futuro sucede aqu\u00ed | The future happens here\" \/>\n<meta property=\"og:description\" content=\"Somos l\u00edderes mundiales en el suministro de soluciones integrales de energ\u00eda renovable. Aprovechamos el poder de la naturaleza para democratizar el acceso a la energ\u00eda sostenible y limpia, convirti\u00e9ndola en una opci\u00f3n econ\u00f3micamente viable para todos. | We are world leaders in providing comprehensive renewable energy solutions. We\u2019re harnessing the power of nature to democratize access to sustainable, clean energy, making it an economically viable choice for all.\" \/>\n<meta property=\"og:url\" content=\"https:\/\/frv.com\/de\/en\/\" \/>\n<meta property=\"og:site_name\" content=\"FRV\" \/>\n<meta property=\"article:publisher\" content=\"https:\/\/www.facebook.com\/FRV.Official\" \/>\n<meta property=\"article:modified_time\" content=\"2025-11-27T11:45:36+00:00\" \/>\n<meta property=\"og:image\" content=\"https:\/\/frv.com\/wp-content\/uploads\/2019\/07\/ShadowPP-AJL-Madrid-0388-scaled.jpg\" \/>\n\t<meta property=\"og:image:width\" content=\"2560\" \/>\n\t<meta property=\"og:image:height\" content=\"1707\" \/>\n\t<meta property=\"og:image:type\" content=\"image\/jpeg\" \/>\n<meta name=\"twitter:card\" content=\"summary_large_image\" \/>\n<meta name=\"twitter:title\" content=\"The future happens here\" \/>\n<meta name=\"twitter:description\" content=\"We are world leaders in providing comprehensive renewable energy solutions.\" \/>\n<meta name=\"twitter:image\" content=\"https:\/\/frv.com\/wp-content\/uploads\/2019\/07\/ShadowPP-AJL-Madrid-0388-scaled.jpg\" \/>\n<meta name=\"twitter:site\" content=\"@FotowatioRV\" \/>\n<meta name=\"twitter:label1\" content=\"Gesch\u00e4tzte Lesezeit\" \/>\n\t<meta name=\"twitter:data1\" content=\"1\u00a0Minute\" \/>\n<script type=\"application\/ld+json\" class=\"yoast-schema-graph\">{\"@context\":\"https:\/\/schema.org\",\"@graph\":[{\"@type\":\"WebPage\",\"@id\":\"https:\/\/frv.com\/de\/\",\"url\":\"https:\/\/frv.com\/de\/\",\"name\":\"FRV - The future happens here\",\"isPartOf\":{\"@id\":\"https:\/\/frv.com\/de\/#website\"},\"primaryImageOfPage\":{\"@id\":\"https:\/\/frv.com\/de\/#primaryimage\"},\"image\":{\"@id\":\"https:\/\/frv.com\/#primaryimage\"},\"thumbnailUrl\":\"https:\/\/frv.com\/wp-content\/uploads\/2023\/01\/IJQL9778.jpg\",\"datePublished\":\"2020-11-11T10:44:23+00:00\",\"dateModified\":\"2025-11-27T11:45:36+00:00\",\"description\":\"We are world leaders in providing comprehensive renewable energy solutions for all. We are making progress a tangible reality.\",\"inLanguage\":\"de\",\"potentialAction\":[{\"@type\":\"ReadAction\",\"target\":[[\"https:\/\/frv.com\/de\/\"]]}]},{\"@type\":\"ImageObject\",\"inLanguage\":\"de\",\"@id\":\"https:\/\/frv.com\/de\/#primaryimage\",\"url\":\"https:\/\/frv.com\/wp-content\/uploads\/2023\/01\/IJQL9778.jpg\",\"contentUrl\":\"https:\/\/frv.com\/wp-content\/uploads\/2023\/01\/IJQL9778.jpg\",\"width\":1600,\"height\":1200,\"caption\":\"Carmonita Ministerio\"},{\"@type\":\"WebSite\",\"@id\":\"https:\/\/frv.com\/de\/#website\",\"url\":\"https:\/\/frv.com\/de\/\",\"name\":\"FRV\",\"description\":\"The future happens here\",\"potentialAction\":[{\"@type\":\"SearchAction\",\"target\":{\"@type\":\"EntryPoint\",\"urlTemplate\":\"https:\/\/frv.com\/de\/?s={search_term_string}\"},\"query-input\":{\"@type\":\"PropertyValueSpecification\",\"valueRequired\":true,\"valueName\":\"search_term_string\"}}],\"inLanguage\":\"de\"}]}<\/script>\n<!-- \/ Yoast SEO plugin. -->","yoast_head_json":{"title":"FRV - The future happens here","description":"We are world leaders in providing comprehensive renewable energy solutions for all. We are making progress a tangible reality.","robots":{"index":"index","follow":"follow","max-snippet":"max-snippet:-1","max-image-preview":"max-image-preview:large","max-video-preview":"max-video-preview:-1"},"canonical":"https:\/\/frv.com\/de\/","og_locale":"de_DE","og_type":"article","og_title":"El futuro sucede aqu\u00ed | The future happens here","og_description":"Somos l\u00edderes mundiales en el suministro de soluciones integrales de energ\u00eda renovable. Aprovechamos el poder de la naturaleza para democratizar el acceso a la energ\u00eda sostenible y limpia, convirti\u00e9ndola en una opci\u00f3n econ\u00f3micamente viable para todos. | We are world leaders in providing comprehensive renewable energy solutions. We\u2019re harnessing the power of nature to democratize access to sustainable, clean energy, making it an economically viable choice for all.","og_url":"https:\/\/frv.com\/de\/en\/","og_site_name":"FRV","article_publisher":"https:\/\/www.facebook.com\/FRV.Official","article_modified_time":"2025-11-27T11:45:36+00:00","og_image":[{"width":2560,"height":1707,"url":"https:\/\/frv.com\/wp-content\/uploads\/2019\/07\/ShadowPP-AJL-Madrid-0388-scaled.jpg","type":"image\/jpeg"}],"twitter_card":"summary_large_image","twitter_title":"The future happens here","twitter_description":"We are world leaders in providing comprehensive renewable energy solutions.","twitter_image":"https:\/\/frv.com\/wp-content\/uploads\/2019\/07\/ShadowPP-AJL-Madrid-0388-scaled.jpg","twitter_site":"@FotowatioRV","twitter_misc":{"Gesch\u00e4tzte Lesezeit":"1\u00a0Minute"},"schema":{"@context":"https:\/\/schema.org","@graph":[{"@type":"WebPage","@id":"https:\/\/frv.com\/de\/","url":"https:\/\/frv.com\/de\/","name":"FRV - The future happens here","isPartOf":{"@id":"https:\/\/frv.com\/de\/#website"},"primaryImageOfPage":{"@id":"https:\/\/frv.com\/de\/#primaryimage"},"image":{"@id":"https:\/\/frv.com\/#primaryimage"},"thumbnailUrl":"https:\/\/frv.com\/wp-content\/uploads\/2023\/01\/IJQL9778.jpg","datePublished":"2020-11-11T10:44:23+00:00","dateModified":"2025-11-27T11:45:36+00:00","description":"We are world leaders in providing comprehensive renewable energy solutions for all. We are making progress a tangible reality.","inLanguage":"de","potentialAction":[{"@type":"ReadAction","target":[["https:\/\/frv.com\/de\/"]]}]},{"@type":"ImageObject","inLanguage":"de","@id":"https:\/\/frv.com\/de\/#primaryimage","url":"https:\/\/frv.com\/wp-content\/uploads\/2023\/01\/IJQL9778.jpg","contentUrl":"https:\/\/frv.com\/wp-content\/uploads\/2023\/01\/IJQL9778.jpg","width":1600,"height":1200,"caption":"Carmonita Ministerio"},{"@type":"WebSite","@id":"https:\/\/frv.com\/de\/#website","url":"https:\/\/frv.com\/de\/","name":"FRV","description":"The future happens here","potentialAction":[{"@type":"SearchAction","target":{"@type":"EntryPoint","urlTemplate":"https:\/\/frv.com\/de\/?s={search_term_string}"},"query-input":{"@type":"PropertyValueSpecification","valueRequired":true,"valueName":"search_term_string"}}],"inLanguage":"de"}]}},"search_content":" <h2 class=\"title\">J\u00e4hrlich<\/h2> >1,20 Million Tonnen CO2 weniger in der Luft >0,79 Million Haushalte mehr mit sauberer Energie <h2 class=\"title\">Energiewirtschaft im Wandel: Wir gehen voran<\/h2> <p> Mit uns wird Fortschritt Realit\u00e4t. Wir bieten greifbare L\u00f6sungen, die uns einer besseren Zukunft n\u00e4herbringen \u2013 jeden Tag ein St\u00fcck mehr. <\/p> <a href='https:\/\/frv.com\/de\/dienste\/expertise\/' target=\"\" class=\" button-secondary\">ENTDECKEN SIE UNSER ANGEBOT<\/a> <h2 class=\"title\">Innovation, FRV-X - was bringt die Zukunft?<\/h2> <p>Wir schaffen innovative L\u00f6sungen f\u00fcr die Energiewirtschaft von morgen.<\/p> <p>2019 haben wir FRV-X als unsere Technologieplattform ins Leben gerufen, mit der wir innovative L\u00f6sungen entlang der Wertsch\u00f6pfungskette der Neuen Energie entwickeln k\u00f6nnen.<\/p> <p>Das FRV-X-Team setzt die Pionierarbeit von FRV fort, indem es innovative Konzepte in den Bereichen Technologie, Dienstleistungen und Gesch\u00e4ftsmodelle identifiziert, erforscht und ausbr\u00fctet, um praktikable und skalierbare L\u00f6sungen zu liefern, die den globalen \u00dcbergang zu einem nachhaltigen Modell f\u00fcr erneuerbare Energien weiter vorantreiben.<\/p> Green Hydrogen and derivatives Behind the meter (BTM) New Digital Business Models <a href='https:\/\/frv.com\/de\/services\/frv-x\/' target=\"\" class=\" button-secondary\">Explore FRV-X, our innovation hub<\/a> <h2 class=\"title\">Energie neugestalten<\/h2> <p>Wie k\u00f6nnen wir Ihnen helfen, Energie effizienter zu nutzen?<\/p> <a href='https:\/\/frv.com\/de\/dienste\/operation-und-wartung' target=\"\" class=\" button-secondary\">ENTDECKEN SIE UNSERE O&M-ANGEBOTE<\/a> <h2 class=\"title\">Erfolg muss geteilt werden<\/h2> <p>Wir wollen mehr als nur Strukturen entwickeln und Strom erzeugen. Wir nehmen gesellschaftliche Verantwortung ernst. Deshalb folgen wir unserer Vision eines dekarbonisierten und gerechten Energiesystems.<\/p> <a href='https:\/\/frv.com\/de\/commitment\/umwelt-sozial-und-unternehmensfuhrungsfaktoren' target=\"\" class=\" button-secondary\">Entdecken Sie unser Engagement<\/a> <p> Wir planen Infrastrukturinvestitionen in H\u00f6he von 7 Milliarden US-Dollar . So wollen wir die von uns installierte Leistungskapazit\u00e4t bis 2026 auf 4 GW verdoppeln\u201d<\/p> <h2 class=\"title\">FRV Global<\/h2> 4 Kontinente >50 Anlagen >5GW bisher installierte Leistungskapazit\u00e4t >4US$ MILLIARDEN Milliarden USD Projektfinanzierung <h2 class=\"title\">Unsere Erfahrung<\/h2> <p>Seit 2006 denken wir Energiewertsch\u00f6pfung neu. Indem wir vision\u00e4re L\u00f6sungen in die Tat umsetzen, arbeiten wir schon heute an einer besseren Zukunft.<\/p> 0,00 MW DC insgesamt weltweit Projekte insgesamt Karte Datenbl\u00e4tter LandArmenienAustralienChileFinlandItalyJordanienMexikoNew ZealandSpanienVereinigtes K\u00f6nigreichUruguay StatusPPAIn BetriebIm Bau TechnologiePhotovoltaikanlagenWindparkEnergiespeicherprojekteHybridprojekte <a class=\"button-primary hide\" data-back-all>Zur\u00fcck zu Welt<\/a> Alle Gefundene Projekte: Keine Projekte gefunden. \u2039 \u203a <a class=\"link-block\" href=\"https:\/\/frv.com\/de\/projects\/redipuglia-bess\/\"> 206,00 MW DC Energiespeicherprojekte Redipuglia Fogliano Redipuglia \/ Italy PPA <\/a> <a class=\"link-block\" href=\"https:\/\/frv.com\/de\/projects\/acciaiolo-bess\/\"> 50,00 MW DC Energiespeicherprojekte Acciaiolo Fauglia \/ Italy PPA <\/a> <a class=\"link-block\" href=\"https:\/\/frv.com\/de\/projects\/simo\/\"> 100,00 MW DC Energiespeicherprojekte Simo Finland Im Bau <\/a> <a class=\"link-block\" href=\"https:\/\/frv.com\/de\/projects\/lauriston-pv-plant\/\"> 63,00 MW DC Photovoltaikanlagen Lauriston Lauriston \/ New Zealand In Betrieb <\/a> <a class=\"link-block\" href=\"https:\/\/frv.com\/de\/projects\/alcores\/\"> 83,00 MW DC Photovoltaikanlagen Alcores Andaluc\u00eda \/ Spanien In Betrieb <\/a> <a class=\"link-block\" href=\"https:\/\/frv.com\/de\/projects\/carmonita-sur\/\"> 105,00 MW DC Photovoltaikanlagen Carmonita Sur Extremadura \/ Spanien In Betrieb <\/a> <a class=\"link-block\" href=\"https:\/\/frv.com\/de\/projects\/carmonita-iv\/\"> 50,00 MW DC Photovoltaikanlagen Carmonita IV Extremadura \/ Spanien Im Bau <\/a> <a class=\"link-block\" href=\"https:\/\/frv.com\/de\/projects\/carmonita-ministerio\/\"> 477,00 MW DC Photovoltaikanlagen Carmonita Ministerio Extremadura \/ Spanien In Betrieb <\/a> <a class=\"link-block\" href=\"https:\/\/frv.com\/de\/projects\/loncualhue\/\"> 160,00 MW DC Windpark Loncualhue Regi\u00f3n de Maule \/ Chile PPA <\/a> <a class=\"link-block\" href=\"https:\/\/frv.com\/de\/projects\/terang-bess\/\"> 100,00 MW DC Energiespeicherprojekte Terang Terang \/ Australien Im Bau <\/a> <a class=\"link-block\" href=\"https:\/\/frv.com\/de\/projects\/gnarwarre-bess\/\"> 250,00 MW DC Energiespeicherprojekte Gnarwarre Gnarwarre \/ Australien Im Bau <\/a> <a class=\"link-block\" href=\"https:\/\/frv.com\/de\/projects\/carmonita-norte-115-mw\/\"> 115,00 MW DC Photovoltaikanlagen Carmonita Norte Extremadura \/ Spanien In Betrieb <\/a> <a class=\"link-block\" href=\"https:\/\/frv.com\/de\/projects\/san-servan-400\/\"> 150,00 MW DC Photovoltaikanlagen San Serv\u00e1n 400 Spanien In Betrieb <\/a> <a class=\"link-block\" href=\"https:\/\/frv.com\/de\/projects\/clay-tye-battery-energy-storage-system\/\"> 99,00 MW DC Energiespeicherprojekte Clay Tye Vereinigtes K\u00f6nigreich In Betrieb <\/a> <a class=\"link-block\" href=\"https:\/\/frv.com\/de\/projects\/tarapaca\/\"> 504,00 MW DC Hybridprojekte Tarapac\u00e1 Tarapac\u00e1 \/ Chile Im Bau <\/a> <a class=\"link-block\" href=\"https:\/\/frv.com\/de\/projects\/llanos-de-maranon-hybrid-renewable-energy-project\/\"> 458,00 MW DC Photovoltaikanlagen Llanos de Mara\u00f1\u00f3n Chile PPA <\/a> <a class=\"link-block\" href=\"https:\/\/frv.com\/de\/projects\/frigarsa-energy-storage-as-a-service\/\"> 0,48 MW DC Energiespeicherprojekte Frigarsa Energy Storage-as-a-Service Mexiko In Betrieb <\/a> <a class=\"link-block\" href=\"https:\/\/frv.com\/de\/projects\/san-servan\/\"> 138,00 MW DC Photovoltaikanlagen San Serv\u00e1n Solana de los Barros, Extremadura \/ Spanien In Betrieb <\/a> <a class=\"link-block\" href=\"https:\/\/frv.com\/de\/projects\/dalby\/\"> 5,00 MW DC Hybridprojekte Dalby Brisbane, Queensland \/ Australien In Betrieb <\/a> <a class=\"link-block\" href=\"https:\/\/frv.com\/de\/projects\/contego\/\"> 34,00 MW DC Energiespeicherprojekte Contego West Sussex \/ Vereinigtes K\u00f6nigreich In Betrieb <\/a> <a class=\"link-block\" href=\"https:\/\/frv.com\/de\/projects\/metz\/\"> 141,00 MW DC Photovoltaikanlagen Metz Australien In Betrieb <\/a> <a class=\"link-block\" href=\"https:\/\/frv.com\/de\/projects\/walla-walla\/\"> 353,00 MW DC Photovoltaikanlagen Walla Walla Australien In Betrieb <\/a> <a class=\"link-block\" href=\"https:\/\/frv.com\/de\/projects\/sebastopol\/\"> 109,00 MW DC Photovoltaikanlagen Sebastopol Australien In Betrieb <\/a> <a class=\"link-block\" href=\"https:\/\/frv.com\/de\/projects\/moree-solar-farm\/\"> 70,00 MW DC Photovoltaikanlagen Moree Australien In Betrieb <\/a> <a class=\"link-block\" href=\"https:\/\/frv.com\/de\/projects\/holes-bay\/\"> 7,50 MW DC Energiespeicherprojekte Holes Bay Holes Bay, Dorset \/ Vereinigtes K\u00f6nigreich In Betrieb <\/a> <a class=\"link-block\" href=\"https:\/\/frv.com\/de\/projects\/goonumbla\/\"> 89,00 MW DC Photovoltaikanlagen Goonumbla Australien In Betrieb <\/a> <a class=\"link-block\" href=\"https:\/\/frv.com\/de\/projects\/la-solanilla\/\"> 50,00 MW DC Photovoltaikanlagen La Solanilla Trujillo, Extremadura \/ Spanien In Betrieb <\/a> <a class=\"link-block\" href=\"https:\/\/frv.com\/de\/projects\/potrero\/\"> 296,00 MW DC Photovoltaikanlagen Potrero Mexiko In Betrieb <\/a> <a class=\"link-block\" href=\"https:\/\/frv.com\/de\/projects\/masrik\/\"> 62,09 MW DC Photovoltaikanlagen Masrik Gegharkunik \/ Armenien In Betrieb <\/a> <a class=\"link-block\" href=\"https:\/\/frv.com\/de\/projects\/winton\/\"> 100,00 MW DC Photovoltaikanlagen Winton Victoria \/ Australien In Betrieb <\/a> <a class=\"link-block\" href=\"https:\/\/frv.com\/de\/projects\/al-safawi\/\"> 201,00 MW DC Photovoltaikanlagen Mafraq I, Empire and Al Safawi Jordanien In Betrieb <\/a> <a class=\"link-block\" href=\"https:\/\/frv.com\/de\/projects\/lilyvale\/\"> 126,00 MW DC Photovoltaikanlagen Lilyvale Queensland \/ Australien In Betrieb <\/a> <a class=\"link-block\" href=\"https:\/\/frv.com\/de\/projects\/san-luis-de-potosi\/\"> 342,00 MW DC Photovoltaikanlagen Potos\u00ed Solar Mexiko In Betrieb <\/a> <a class=\"link-block\" href=\"https:\/\/frv.com\/de\/projects\/la-jacinta-uruguay\/\"> 65,00 MW DC Photovoltaikanlagen La Jacinta Salto Department \/ Uruguay In Betrieb <\/a> <h2 class=\"title\">In Planung<\/h2> 24GW Projekte mit Leistungskapazit\u00e4t 13,40GW in Projekte f\u00fcr erneuerbare Energien 8,50GW in BESS-Projekten 2,10GW in gr\u00fcnen Wasserstoffprojekten ","search_term":"","_links":{"self":[{"href":"https:\/\/frv.com\/de\/wp-json\/wp\/v2\/pages\/6","targetHints":{"allow":["GET"]}}],"collection":[{"href":"https:\/\/frv.com\/de\/wp-json\/wp\/v2\/pages"}],"about":[{"href":"https:\/\/frv.com\/de\/wp-json\/wp\/v2\/types\/page"}],"author":[{"embeddable":true,"href":"https:\/\/frv.com\/de\/wp-json\/wp\/v2\/users\/1"}],"replies":[{"embeddable":true,"href":"https:\/\/frv.com\/de\/wp-json\/wp\/v2\/comments?post=6"}],"version-history":[{"count":129,"href":"https:\/\/frv.com\/de\/wp-json\/wp\/v2\/pages\/6\/revisions"}],"predecessor-version":[{"id":21659,"href":"https:\/\/frv.com\/de\/wp-json\/wp\/v2\/pages\/6\/revisions\/21659"}],"wp:featuredmedia":[{"embeddable":true,"href":"https:\/\/frv.com\/de\/wp-json\/wp\/v2\/media\/20115"}],"wp:attachment":[{"href":"https:\/\/frv.com\/de\/wp-json\/wp\/v2\/media?parent=6"}],"curies":[{"name":"wp","href":"https:\/\/api.w.org\/{rel}","templated":true}]}}