{"id":14691,"date":"2020-11-17T10:09:45","date_gmt":"2020-11-17T09:09:45","guid":{"rendered":"https:\/\/frv.com\/en\/?page_id=14691"},"modified":"2024-04-22T11:45:28","modified_gmt":"2024-04-22T09:45:28","slug":"frv-young-talented-leaders-scholarship","status":"publish","type":"page","link":"https:\/\/frv.com\/de\/commitment\/frv-young-talented-leaders-scholarship\/","title":{"rendered":"FRV-Stipendien"},"content":{"rendered":"","protected":false},"excerpt":{"rendered":"","protected":false},"author":1,"featured_media":15491,"parent":15980,"menu_order":6,"comment_status":"closed","ping_status":"closed","template":"","meta":{"_acf_changed":false,"footnotes":""},"class_list":["post-14691","page","type-page","status-publish","has-post-thumbnail","hentry"],"acf":[],"yoast_head":"<!-- This site is optimized with the Yoast SEO plugin v26.7 - https:\/\/yoast.com\/wordpress\/plugins\/seo\/ -->\n<title>FRV &#039;Young Talented Leaders&#039; Scholarship<\/title>\n<meta name=\"description\" content=\"FRV has partnered with \u2018Fundacion Instituto de Empresa\u2019 (IE Foundation), to offer a scholarship for young talent for each project we develop.\" \/>\n<meta name=\"robots\" content=\"index, follow, max-snippet:-1, max-image-preview:large, max-video-preview:-1\" \/>\n<link rel=\"canonical\" href=\"https:\/\/frv.com\/de\/commitment\/frv-young-talented-leaders-scholarship\/\" \/>\n<meta property=\"og:locale\" content=\"de_DE\" \/>\n<meta property=\"og:type\" content=\"article\" \/>\n<meta property=\"og:title\" content=\"FRV &#039;Young Talented Leaders&#039; Scholarship\" \/>\n<meta property=\"og:description\" content=\"FRV has partnered with \u2018Fundacion Instituto de Empresa\u2019 (IE Foundation), to offer a scholarship for young talent for each project we develop.\" \/>\n<meta property=\"og:url\" content=\"https:\/\/frv.com\/de\/commitment\/frv-young-talented-leaders-scholarship\/en\/\" \/>\n<meta property=\"og:site_name\" content=\"FRV\" \/>\n<meta property=\"article:publisher\" content=\"https:\/\/www.facebook.com\/FRV.Official\" \/>\n<meta property=\"article:modified_time\" content=\"2024-04-22T09:45:28+00:00\" \/>\n<meta property=\"og:image\" content=\"https:\/\/frv.com\/wp-content\/uploads\/2020\/11\/img-hero-3.jpg\" \/>\n\t<meta property=\"og:image:width\" content=\"1366\" \/>\n\t<meta property=\"og:image:height\" content=\"908\" \/>\n\t<meta property=\"og:image:type\" content=\"image\/jpeg\" \/>\n<meta name=\"twitter:card\" content=\"summary_large_image\" \/>\n<meta name=\"twitter:title\" content=\"FRV &#039;Young Talented Leaders&#039; Scholarship\" \/>\n<meta name=\"twitter:image\" content=\"https:\/\/frv.com\/wp-content\/uploads\/2020\/11\/img-hero-3.jpg\" \/>\n<meta name=\"twitter:site\" content=\"@FotowatioRV\" \/>\n<meta name=\"twitter:label1\" content=\"Gesch\u00e4tzte Lesezeit\" \/>\n\t<meta name=\"twitter:data1\" content=\"1\u00a0Minute\" \/>\n<script type=\"application\/ld+json\" class=\"yoast-schema-graph\">{\"@context\":\"https:\/\/schema.org\",\"@graph\":[{\"@type\":\"WebPage\",\"@id\":\"https:\/\/frv.com\/de\/commitment\/frv-young-talented-leaders-scholarship\/\",\"url\":\"https:\/\/frv.com\/de\/commitment\/frv-young-talented-leaders-scholarship\/\",\"name\":\"FRV 'Young Talented Leaders' Scholarship\",\"isPartOf\":{\"@id\":\"https:\/\/frv.com\/de\/#website\"},\"primaryImageOfPage\":{\"@id\":\"https:\/\/frv.com\/de\/commitment\/frv-young-talented-leaders-scholarship\/#primaryimage\"},\"image\":{\"@id\":\"https:\/\/frv.com\/commitment\/frv-young-talented-leaders-scholarship\/#primaryimage\"},\"thumbnailUrl\":\"https:\/\/frv.com\/wp-content\/uploads\/2020\/11\/img-hero-3.jpg\",\"datePublished\":\"2020-11-17T09:09:45+00:00\",\"dateModified\":\"2024-04-22T09:45:28+00:00\",\"description\":\"FRV has partnered with \u2018Fundacion Instituto de Empresa\u2019 (IE Foundation), to offer a scholarship for young talent for each project we develop.\",\"breadcrumb\":{\"@id\":\"https:\/\/frv.com\/de\/commitment\/frv-young-talented-leaders-scholarship\/#breadcrumb\"},\"inLanguage\":\"de\",\"potentialAction\":[{\"@type\":\"ReadAction\",\"target\":[[\"https:\/\/frv.com\/de\/commitment\/frv-young-talented-leaders-scholarship\/\"]]}]},{\"@type\":\"ImageObject\",\"inLanguage\":\"de\",\"@id\":\"https:\/\/frv.com\/de\/commitment\/frv-young-talented-leaders-scholarship\/#primaryimage\",\"url\":\"https:\/\/frv.com\/wp-content\/uploads\/2020\/11\/img-hero-3.jpg\",\"contentUrl\":\"https:\/\/frv.com\/wp-content\/uploads\/2020\/11\/img-hero-3.jpg\",\"width\":1366,\"height\":908},{\"@type\":\"BreadcrumbList\",\"@id\":\"https:\/\/frv.com\/de\/commitment\/frv-young-talented-leaders-scholarship\/#breadcrumb\",\"itemListElement\":[{\"@type\":\"ListItem\",\"position\":1,\"name\":\"Home\",\"item\":\"https:\/\/frv.com\/de\/\"},{\"@type\":\"ListItem\",\"position\":2,\"name\":\"Nuestro compromiso\",\"item\":\"https:\/\/frv.com\/de\/commitment\/\"},{\"@type\":\"ListItem\",\"position\":3,\"name\":\"Beca FRV &#8216;Young Talented Leaders&#8217;\"}]},{\"@type\":\"WebSite\",\"@id\":\"https:\/\/frv.com\/de\/#website\",\"url\":\"https:\/\/frv.com\/de\/\",\"name\":\"FRV\",\"description\":\"The future happens here\",\"potentialAction\":[{\"@type\":\"SearchAction\",\"target\":{\"@type\":\"EntryPoint\",\"urlTemplate\":\"https:\/\/frv.com\/de\/?s={search_term_string}\"},\"query-input\":{\"@type\":\"PropertyValueSpecification\",\"valueRequired\":true,\"valueName\":\"search_term_string\"}}],\"inLanguage\":\"de\"}]}<\/script>\n<!-- \/ Yoast SEO plugin. -->","yoast_head_json":{"title":"FRV 'Young Talented Leaders' Scholarship","description":"FRV has partnered with \u2018Fundacion Instituto de Empresa\u2019 (IE Foundation), to offer a scholarship for young talent for each project we develop.","robots":{"index":"index","follow":"follow","max-snippet":"max-snippet:-1","max-image-preview":"max-image-preview:large","max-video-preview":"max-video-preview:-1"},"canonical":"https:\/\/frv.com\/de\/commitment\/frv-young-talented-leaders-scholarship\/","og_locale":"de_DE","og_type":"article","og_title":"FRV 'Young Talented Leaders' Scholarship","og_description":"FRV has partnered with \u2018Fundacion Instituto de Empresa\u2019 (IE Foundation), to offer a scholarship for young talent for each project we develop.","og_url":"https:\/\/frv.com\/de\/commitment\/frv-young-talented-leaders-scholarship\/en\/","og_site_name":"FRV","article_publisher":"https:\/\/www.facebook.com\/FRV.Official","article_modified_time":"2024-04-22T09:45:28+00:00","og_image":[{"width":1366,"height":908,"url":"https:\/\/frv.com\/wp-content\/uploads\/2020\/11\/img-hero-3.jpg","type":"image\/jpeg"}],"twitter_card":"summary_large_image","twitter_title":"FRV 'Young Talented Leaders' Scholarship","twitter_image":"https:\/\/frv.com\/wp-content\/uploads\/2020\/11\/img-hero-3.jpg","twitter_site":"@FotowatioRV","twitter_misc":{"Gesch\u00e4tzte Lesezeit":"1\u00a0Minute"},"schema":{"@context":"https:\/\/schema.org","@graph":[{"@type":"WebPage","@id":"https:\/\/frv.com\/de\/commitment\/frv-young-talented-leaders-scholarship\/","url":"https:\/\/frv.com\/de\/commitment\/frv-young-talented-leaders-scholarship\/","name":"FRV 'Young Talented Leaders' Scholarship","isPartOf":{"@id":"https:\/\/frv.com\/de\/#website"},"primaryImageOfPage":{"@id":"https:\/\/frv.com\/de\/commitment\/frv-young-talented-leaders-scholarship\/#primaryimage"},"image":{"@id":"https:\/\/frv.com\/commitment\/frv-young-talented-leaders-scholarship\/#primaryimage"},"thumbnailUrl":"https:\/\/frv.com\/wp-content\/uploads\/2020\/11\/img-hero-3.jpg","datePublished":"2020-11-17T09:09:45+00:00","dateModified":"2024-04-22T09:45:28+00:00","description":"FRV has partnered with \u2018Fundacion Instituto de Empresa\u2019 (IE Foundation), to offer a scholarship for young talent for each project we develop.","breadcrumb":{"@id":"https:\/\/frv.com\/de\/commitment\/frv-young-talented-leaders-scholarship\/#breadcrumb"},"inLanguage":"de","potentialAction":[{"@type":"ReadAction","target":[["https:\/\/frv.com\/de\/commitment\/frv-young-talented-leaders-scholarship\/"]]}]},{"@type":"ImageObject","inLanguage":"de","@id":"https:\/\/frv.com\/de\/commitment\/frv-young-talented-leaders-scholarship\/#primaryimage","url":"https:\/\/frv.com\/wp-content\/uploads\/2020\/11\/img-hero-3.jpg","contentUrl":"https:\/\/frv.com\/wp-content\/uploads\/2020\/11\/img-hero-3.jpg","width":1366,"height":908},{"@type":"BreadcrumbList","@id":"https:\/\/frv.com\/de\/commitment\/frv-young-talented-leaders-scholarship\/#breadcrumb","itemListElement":[{"@type":"ListItem","position":1,"name":"Home","item":"https:\/\/frv.com\/de\/"},{"@type":"ListItem","position":2,"name":"Nuestro compromiso","item":"https:\/\/frv.com\/de\/commitment\/"},{"@type":"ListItem","position":3,"name":"Beca FRV &#8216;Young Talented Leaders&#8217;"}]},{"@type":"WebSite","@id":"https:\/\/frv.com\/de\/#website","url":"https:\/\/frv.com\/de\/","name":"FRV","description":"The future happens here","potentialAction":[{"@type":"SearchAction","target":{"@type":"EntryPoint","urlTemplate":"https:\/\/frv.com\/de\/?s={search_term_string}"},"query-input":{"@type":"PropertyValueSpecification","valueRequired":true,"valueName":"search_term_string"}}],"inLanguage":"de"}]}},"search_content":" <h2 class=\"title\">Unsere Verpflichtung<\/h2> <p>In Vereinbarung mit der Funcaci\u00f3n Instituto de Empresa (IE) verpflichten wir uns, regelm\u00e4\u00dfig Stipendien an junge Talente zu vergeben.<\/p> <p>Um f\u00fcr das Stipendium in Frage zu kommen, m\u00fcssen Studierende exzellente akademische Leistungen, einen ausgepr\u00e4gten Unternehmergeist, eine hohe pers\u00f6nliche Motivation sowie ein hohes Ma\u00df an Lernbereitschaft zeigen.<\/p> <p>Das Stipendium deckt alle Kosten der Aus- und Fortbildung ab: Studiengeb\u00fchren, Unterkunft, Lehrmaterialen. Zus\u00e4tzlich beteiligt sich FRV durch festgelegte Zusch\u00fcsse an anfallenden Reise- und Lebenshaltungskosten w\u00e4hrend des vierj\u00e4hrigen Bachelorstudiums an der IE-University in Spanien.<\/p> <a href='https:\/\/www.ie.edu\/ie-foundation\/talent\/scholarships\/corporate-scholarships\/%20' target=\"\" class=\" button-primary\">MEHR ENTDECKEN<\/a> <p>\u201cBei FRV engagieren wir uns f\u00fcr die wirtschaftliche und soziale Entwicklung der Regionen, in denen wir t\u00e4tig sind. Wir freuen uns, dass wir diesen Anspruch im Rahmen des Stipendienprogramms erf\u00fcllen k\u00f6nnen..\u201d<\/p> Daniel Sagi-VelaCEO FRV <h2 class=\"title\">ERFAHREN SIE MEHR<\/h2> <p>Bis heute haben wir insgesamt 11 FRV-Stipendien f\u00fcr junge talentierte F\u00fchrungskr\u00e4fte von morgen vergeben, angekn\u00fcpft an Projekte in Uruguay, Jordanien, Mexiko und Spanien.<\/p> <a class=\"video-button button-secondary\" data-video-url=\"https:\/\/www.youtube.com\/embed\/c7wFw3StkYE\" data-video-title=\"IE student Guzm\u00e1n Noya talks about FRV\u00b4s scholarship\" > Play <\/a> <a class=\"video-button button-secondary\" data-video-url=\"https:\/\/www.youtube.com\/embed\/7A42MBlj_7g\" data-video-title=\"Students benefit from FRV scholarships\" > Play <\/a> <a class=\"video-button button-secondary\" data-video-url=\"https:\/\/www.youtube.com\/embed\/lKxCmm7-x40\" data-video-title=\"FRV Scholarship- Guzm\u00e1n Noya\" > Play <\/a> <a class=\"video-button button-secondary\" data-video-url=\"https:\/\/www.youtube.com\/embed\/l0_Obgz9vjw\" data-video-title=\"FRV &#8218;Young Talented Leaders&#8216; Scholarship\" > Play <\/a> 1 \/ 4 \u2039 \u203a <a href='https:\/\/www.youtube.com\/channel\/UCY8u4EzD7dHzAM4V4dQpxmA' target=\"\" class=\" text-link\">FRV AUF YOUTUBE FOLGEN UND MEHR ENTDECKEN <\/a> ","search_term":"","_links":{"self":[{"href":"https:\/\/frv.com\/de\/wp-json\/wp\/v2\/pages\/14691","targetHints":{"allow":["GET"]}}],"collection":[{"href":"https:\/\/frv.com\/de\/wp-json\/wp\/v2\/pages"}],"about":[{"href":"https:\/\/frv.com\/de\/wp-json\/wp\/v2\/types\/page"}],"author":[{"embeddable":true,"href":"https:\/\/frv.com\/de\/wp-json\/wp\/v2\/users\/1"}],"replies":[{"embeddable":true,"href":"https:\/\/frv.com\/de\/wp-json\/wp\/v2\/comments?post=14691"}],"version-history":[{"count":27,"href":"https:\/\/frv.com\/de\/wp-json\/wp\/v2\/pages\/14691\/revisions"}],"predecessor-version":[{"id":18892,"href":"https:\/\/frv.com\/de\/wp-json\/wp\/v2\/pages\/14691\/revisions\/18892"}],"up":[{"embeddable":true,"href":"https:\/\/frv.com\/de\/wp-json\/wp\/v2\/pages\/15980"}],"wp:featuredmedia":[{"embeddable":true,"href":"https:\/\/frv.com\/de\/wp-json\/wp\/v2\/media\/15491"}],"wp:attachment":[{"href":"https:\/\/frv.com\/de\/wp-json\/wp\/v2\/media?parent=14691"}],"curies":[{"name":"wp","href":"https:\/\/api.w.org\/{rel}","templated":true}]}}