{"id":14689,"date":"2020-11-17T10:09:30","date_gmt":"2020-11-17T09:09:30","guid":{"rendered":"https:\/\/frv.com\/en\/?page_id=14689"},"modified":"2026-01-19T18:09:44","modified_gmt":"2026-01-19T17:09:44","slug":"sustainability","status":"publish","type":"page","link":"https:\/\/frv.com\/de\/commitment\/sustainability\/","title":{"rendered":"Nachhaltigkeit"},"content":{"rendered":"","protected":false},"excerpt":{"rendered":"","protected":false},"author":1,"featured_media":0,"parent":15980,"menu_order":7,"comment_status":"closed","ping_status":"closed","template":"","meta":{"_acf_changed":false,"footnotes":""},"class_list":["post-14689","page","type-page","status-publish","hentry"],"acf":[],"yoast_head":"<!-- This site is optimized with the Yoast SEO plugin v26.7 - https:\/\/yoast.com\/wordpress\/plugins\/seo\/ -->\n<title>Sustainability - FRV<\/title>\n<meta name=\"robots\" content=\"index, follow, max-snippet:-1, max-image-preview:large, max-video-preview:-1\" \/>\n<link rel=\"canonical\" href=\"https:\/\/frv.com\/de\/commitment\/sustainability\/\" \/>\n<meta property=\"og:locale\" content=\"de_DE\" \/>\n<meta property=\"og:type\" content=\"article\" \/>\n<meta property=\"og:title\" content=\"Sustainability - FRV\" \/>\n<meta property=\"og:url\" content=\"https:\/\/frv.com\/de\/commitment\/sustainability\/en\/\" \/>\n<meta property=\"og:site_name\" content=\"FRV\" \/>\n<meta property=\"article:publisher\" content=\"https:\/\/www.facebook.com\/FRV.Official\" \/>\n<meta property=\"article:modified_time\" content=\"2026-01-19T17:09:44+00:00\" \/>\n<meta property=\"og:image\" content=\"https:\/\/frv.com\/wp-content\/uploads\/2021\/04\/curiosidad-scaled.jpg\" \/>\n\t<meta property=\"og:image:width\" content=\"2560\" \/>\n\t<meta property=\"og:image:height\" content=\"1707\" \/>\n\t<meta property=\"og:image:type\" content=\"image\/jpeg\" \/>\n<meta name=\"twitter:card\" content=\"summary_large_image\" \/>\n<meta name=\"twitter:site\" content=\"@FotowatioRV\" \/>\n<script type=\"application\/ld+json\" class=\"yoast-schema-graph\">{\"@context\":\"https:\/\/schema.org\",\"@graph\":[{\"@type\":\"WebPage\",\"@id\":\"https:\/\/frv.com\/de\/commitment\/sustainability\/\",\"url\":\"https:\/\/frv.com\/de\/commitment\/sustainability\/\",\"name\":\"Nachhaltigkeit - FRV\",\"isPartOf\":{\"@id\":\"https:\/\/frv.com\/de\/#website\"},\"datePublished\":\"2020-11-17T09:09:30+00:00\",\"dateModified\":\"2026-01-19T17:09:44+00:00\",\"breadcrumb\":{\"@id\":\"https:\/\/frv.com\/de\/commitment\/sustainability\/#breadcrumb\"},\"inLanguage\":\"de\",\"potentialAction\":[{\"@type\":\"ReadAction\",\"target\":[[\"https:\/\/frv.com\/de\/commitment\/sustainability\/\"]]}]},{\"@type\":\"BreadcrumbList\",\"@id\":\"https:\/\/frv.com\/de\/commitment\/sustainability\/#breadcrumb\",\"itemListElement\":[{\"@type\":\"ListItem\",\"position\":1,\"name\":\"Home\",\"item\":\"https:\/\/frv.com\/de\/\"},{\"@type\":\"ListItem\",\"position\":2,\"name\":\"Nuestro compromiso\",\"item\":\"https:\/\/frv.com\/de\/commitment\/\"},{\"@type\":\"ListItem\",\"position\":3,\"name\":\"Sustainability\"}]},{\"@type\":\"WebSite\",\"@id\":\"https:\/\/frv.com\/de\/#website\",\"url\":\"https:\/\/frv.com\/de\/\",\"name\":\"FRV\",\"description\":\"The future happens here\",\"potentialAction\":[{\"@type\":\"SearchAction\",\"target\":{\"@type\":\"EntryPoint\",\"urlTemplate\":\"https:\/\/frv.com\/de\/?s={search_term_string}\"},\"query-input\":{\"@type\":\"PropertyValueSpecification\",\"valueRequired\":true,\"valueName\":\"search_term_string\"}}],\"inLanguage\":\"de\"}]}<\/script>\n<!-- \/ Yoast SEO plugin. -->","yoast_head_json":{"title":"Sustainability - FRV","robots":{"index":"index","follow":"follow","max-snippet":"max-snippet:-1","max-image-preview":"max-image-preview:large","max-video-preview":"max-video-preview:-1"},"canonical":"https:\/\/frv.com\/de\/commitment\/sustainability\/","og_locale":"de_DE","og_type":"article","og_title":"Sustainability - FRV","og_url":"https:\/\/frv.com\/de\/commitment\/sustainability\/en\/","og_site_name":"FRV","article_publisher":"https:\/\/www.facebook.com\/FRV.Official","article_modified_time":"2026-01-19T17:09:44+00:00","og_image":[{"width":2560,"height":1707,"url":"https:\/\/frv.com\/wp-content\/uploads\/2021\/04\/curiosidad-scaled.jpg","type":"image\/jpeg"}],"twitter_card":"summary_large_image","twitter_site":"@FotowatioRV","schema":{"@context":"https:\/\/schema.org","@graph":[{"@type":"WebPage","@id":"https:\/\/frv.com\/de\/commitment\/sustainability\/","url":"https:\/\/frv.com\/de\/commitment\/sustainability\/","name":"Nachhaltigkeit - FRV","isPartOf":{"@id":"https:\/\/frv.com\/de\/#website"},"datePublished":"2020-11-17T09:09:30+00:00","dateModified":"2026-01-19T17:09:44+00:00","breadcrumb":{"@id":"https:\/\/frv.com\/de\/commitment\/sustainability\/#breadcrumb"},"inLanguage":"de","potentialAction":[{"@type":"ReadAction","target":[["https:\/\/frv.com\/de\/commitment\/sustainability\/"]]}]},{"@type":"BreadcrumbList","@id":"https:\/\/frv.com\/de\/commitment\/sustainability\/#breadcrumb","itemListElement":[{"@type":"ListItem","position":1,"name":"Home","item":"https:\/\/frv.com\/de\/"},{"@type":"ListItem","position":2,"name":"Nuestro compromiso","item":"https:\/\/frv.com\/de\/commitment\/"},{"@type":"ListItem","position":3,"name":"Sustainability"}]},{"@type":"WebSite","@id":"https:\/\/frv.com\/de\/#website","url":"https:\/\/frv.com\/de\/","name":"FRV","description":"The future happens here","potentialAction":[{"@type":"SearchAction","target":{"@type":"EntryPoint","urlTemplate":"https:\/\/frv.com\/de\/?s={search_term_string}"},"query-input":{"@type":"PropertyValueSpecification","valueRequired":true,"valueName":"search_term_string"}}],"inLanguage":"de"}]}},"search_content":" <h2 class=\"title\">\u00d6kologische Nachhaltigkeit<\/h2> <p>Wir entwickeln nachhaltige Projekte mit Sorgfalt und Respekt f\u00fcr die Umwelt. Vor jedem Projekt f\u00fchren wir deshalb umfassende Studien \u00fcber dessen \u00f6kologische Konsequenzen durch und reduzieren sch\u00e4dliche Auswirkungen so weit wie m\u00f6glich.<\/p> <a class=\"video-button button-secondary\" data-video-url=\"https:\/\/www.youtube.com\/embed\/gYh7Nt7VqSY\" data-video-title=\"FRV&#8217;s environmental commitment\" > Play <\/a> <h2 class=\"title\">FRV&#8217;s environmental commitment<\/h2> <h2 class=\"title\">Non-Financial information Statement<\/h2> <a href='https:\/\/frv.com\/wp-content\/uploads\/2024\/08\/240802-FRV-Executive-Summary-comprimido-comprimido.pdf' target=\"_blank\" class=\" text-link\">ESG Memory 2023<\/a><a href='https:\/\/frv.com\/wp-content\/uploads\/2025\/05\/250409FRV-Memoria_ESG-EN-comprimido.pdf' target=\"_blank\" class=\" text-link\">ESG Memory 2024<\/a><a href='https:\/\/frv.com\/wp-content\/uploads\/2025\/07\/EINF-completo-con-informe-de-verificacion-y-firmas_Version-ingles.pdf' target=\"_blank\" class=\" text-link\">EINF 2024 - Independent verification report <\/a><a href='https:\/\/frv.com\/wp-content\/uploads\/2025\/05\/250520-Resumen-Ejecutivo-2024-EN-compressed.pdf' target=\"_blank\" class=\" text-link\">Executive Summary 2024<\/a> <p>Bei FRV steht die Nachhaltigkeit im Mittelpunkt unseres Handelns. Unsere Nachhaltigkeitsberichte spiegeln unser unerm\u00fcdliches Engagement wider, einen positiven und dauerhaften Einfluss auf die Umwelt, die Gesellschaft und die Gemeinschaften, in denen wir t\u00e4tig sind, zu schaffen.<\/p> <p>Berichte bieten einen transparenten \u00dcberblick \u00fcber unsere Fortschritte, Herausforderungen und Ziele, w\u00e4hrend wir weiterhin den \u00dcbergang zu einer sauberen und nachhaltigen Energiezukunft anf\u00fchren<\/p> <h2 class=\"title\">Code of conduct and corporate policies<\/h2> <a href='https:\/\/frv.com\/wp-content\/uploads\/2021\/04\/Anti-Corruption-Policy-new-logo-.pdf%20' target=\"\" class=\" text-link\">ANTI-KORRUPTIONSPOLITIK<\/a><a href='https:\/\/frv.com\/wp-content\/uploads\/2021\/10\/1.-Code-of-Conduct-FRV_30.09.21.pdf%20' target=\"\" class=\" text-link\">VERHALTENSKODEX<\/a><a href='https:\/\/frv.com\/wp-content\/uploads\/2022\/06\/IMM-Annex-03-FRV-QHSE-Policy-Ed03.pdf%20' target=\"\" class=\" text-link\">QHSE-POLITIK (Qualit\u00e4t, Gesundheit, Sicherheit und Umweltschutz)<\/a><a href='https:\/\/frv.com\/wp-content\/uploads\/2021\/10\/3.-Anti-Slavery-Policy-FRV_30.09.21.pdf' target=\"\" class=\" text-link\">POLITIK GEGEN ZWANGSARBEITSPRAKTIKEN<\/a><a href='https:\/\/frv.com\/wp-content\/uploads\/2021\/10\/4.-Third-Parties-Ethics-Code_frv_30.09.21.pdf' target=\"\" class=\" text-link\">VERHALTENSKODEX GEGEN\u00dcBER DRITTEN<\/a><a href='https:\/\/frv.com\/wp-content\/uploads\/2024\/08\/FRV-SL-9001-FS-785698.pdf' target=\"_blank\" class=\" text-link\">ISO 9001<\/a><a href='https:\/\/frv.com\/wp-content\/uploads\/2024\/08\/FRV-SL-45001-OHS-785695.pdf' target=\"_blank\" class=\" text-link\">ISO 45001<\/a><a href='https:\/\/frv.com\/wp-content\/uploads\/2024\/08\/FRV-SL-14001-EMS-785649.pdf' target=\"_blank\" class=\" text-link\">ISO 14001<\/a><a href='https:\/\/frv.com\/wp-content\/uploads\/2024\/11\/FRV-ISMS-Policy-Ed02-ORIGINAL-SIGNED.pdf' target=\"_blank\" class=\" text-link\">INFORMATION SECURITY MANAGEMENT POLICY<\/a><a href='https:\/\/frv.com\/wp-content\/uploads\/2024\/09\/best-practice-charter.pdf' target=\"_blank\" class=\" text-link\">CEC Best Practice Charter<\/a> <p>Wir arbeiten in allen L\u00e4ndern, in denen wir t\u00e4tig sind, nach den h\u00f6chsten moralischen, rechtlichen und ethischen Standards. Integrit\u00e4t im Gesch\u00e4ftsleben ist einer der Grundwerte unseres Unternehmens, und alle FRV-Mitarbeitenden sind verpflichtet, diese Werte zu wahren und zu befolgen. FRV bietet seinen Mitarbeitenden und Dritten einen externen Ethik-Kanal an, der von einem spezialisierten Unternehmen verwaltet wird <a href=\"https:\/\/frv.canalhelas.com\/home\">und auf den hier<\/a>(Link) zugegriffen werden kann.<\/p> <h2 class=\"title\">Wirtschaftliche Nachhaltigkeit<\/h2> <p>Durch unsere Aktivit\u00e4ten wollen wir nachhaltig Werte schaffen. Indem wir erneuerbare Energien zu sinkenden Kosten installieren, tragen wir zur globalen wirtschaftlichen Entwicklung bei und f\u00f6rdern das Wachstum in den Regionen, in denen wir vertreten sind.<\/p> <h2 class=\"title\">Soziale Nachhaltigkeit<\/h2> <p>Wir m\u00f6chten bei unseren Mitarbeitenden ein soziales Bewusstsein aufbauen und f\u00f6rdern die gesellschaftliche Entwicklung in den Regionen, in denen wir t\u00e4tig sind. Wichtiger Bestandteil unserer Bem\u00fchungen sind Bildungsprogramme, die sowohl unser Team als auch lokale Gemeinschaften weiterbringen.<\/p> <a class=\"video-button button-secondary\" data-video-url=\"https:\/\/www.youtube.com\/embed\/X_6M4kUO214\" data-video-title=\"FRV and Peque\u00f1a Nowina social commitment\" > Play <\/a> <h2 class=\"title\">FRV and Peque\u00f1a Nowina social commitment<\/h2> <h2 class=\"title\">Unser Versprechen<\/h2> <p> Hohe Flexibilit\u00e4t bringen wir durch den Einsatz unterschiedlicher Technologien und L\u00f6sungen mit. Rentabilit\u00e4t ist ein Treiber von Innovationen und vision\u00e4re Innovationen sind unsere Expertise. Somit machen wir Fortschritt zu greifbarer Realit\u00e4t. <\/p> <p>Seit \u00fcber 15 Jahren finden wir optimale L\u00f6sungen und verbinden den globalen Energiewandel mit einer lohnenden Investition in Ihre und unser aller Zukunft.\u00a0<\/p> Flexibel. Rentabel. Vision\u00e4r. <p>\u201eLassen Sie uns gemeinsam besser werden, mit guter, saubererer Energie.\u201c<\/p> Schon heute machen wir die Energie der Zukunft nutzbar: Sauber, nachhaltig, gut f\u00fcr Sie und gut f\u00fcr Deutschland. <h2 class=\"title\">Wir investieren in Initiativen, die Menschen bereichern und ihnen helfen ihre Zukunft erfolgreich zu gestalten.<\/h2> <p>Wir f\u00fchren uns die \u00f6kologischen, sozialen und ethischen Fragen, die sich aus unseren Aktivit\u00e4ten ergeben, regelm\u00e4\u00dfig vor Augen. Dadurch k\u00f6nnen wir Risiken kontrollieren: Entscheidungen umsichtig treffen, unvorhergesehene Kosten verringern und neue Gesch\u00e4ftsmodelle identifizieren.<\/p> <a class=\"video-button button-secondary\" data-video-url=\"https:\/\/www.youtube.com\/embed\/3A5Jum0dz1I\" data-video-title=\"Jordan launches its first nanosatellite with the support of FRV\" > Play <\/a> <h2 class=\"title\">Jordan launches its first nanosatellite with the support of FRV<\/h2> <h2 class=\"title\">Ein Unternehmen mit \u201agr\u00fcnem\u2018 Gewissen<\/h2> <p>Anlagen, die Umwelt-, Sozial- und Unternehmensf\u00fchrungskriterien (ESG) erf\u00fcllen &#8211; also f\u00fcr verantwortungsvolle, nachhaltige und gr\u00fcne Investitionen stehen &#8211; sind in der Finanzwelt zunehmend gefragt. Schlie\u00dflich geht es bei Investitionsentscheidungen von heute nicht mehr nur um Rendite, sondern auch darum, einen gesellschaftlichen Beitrag zu leisten.<\/p> <a href='https:\/\/frv.com\/wp-content\/uploads\/2021\/07\/FRV-Green-Financing-Framework-Second-Party-Opinion.pdf' target=\"\" class=\" text-link\">\u201eSECOND PARTY OPINION\u201c (SPO) ZU UNSEREM GREEN FRAMEWORK AGREEMENT<\/a> <p>Zuverl\u00e4ssig, messbar, transparent: Klimabewusste Anleihen sind ein wichtiger Schritt hin zu einem gr\u00fcnen Finanzierungsmodell.<\/p> <p>Wir f\u00f6rdern die Finanzierung von Umweltprojekten auf der ganzen Welt. Dadurch bieten wir Investorinnen und Investoren eine M\u00f6glichkeit, mit Vertrauen auf die Zukunft zu setzen.<\/p> <h2 class=\"title\">J\u00e4hrlich<\/h2> >0,27 MILLION TONNEN CO2 WENIGER IN DER LUFT >500 eintausend Haushalte mehr mit sauberer Energie >0,62 eintausend Autos weniger auf der Stra\u00dfe <h2 class=\"title\">Mehrwert f\u00fcr unsere Kunden schaffen<\/h2> <p>Unsere Unternehmensaktivit\u00e4t ist mehr als Profitmaximierung &#8211; sie hat direkte Auswirkungen auf Gesellschaft und Umwelt.<\/p> <p>Als eines der f\u00fchrenden Unternehmen im Bereich erneuerbare Energie sind wir uns unseres Einflusses auf Menschen und Umwelt bewusst. Diese Verantwortung nehmen wir ernst \u2013 jeden Tag aufs Neue.<\/p> ","search_term":"","_links":{"self":[{"href":"https:\/\/frv.com\/de\/wp-json\/wp\/v2\/pages\/14689","targetHints":{"allow":["GET"]}}],"collection":[{"href":"https:\/\/frv.com\/de\/wp-json\/wp\/v2\/pages"}],"about":[{"href":"https:\/\/frv.com\/de\/wp-json\/wp\/v2\/types\/page"}],"author":[{"embeddable":true,"href":"https:\/\/frv.com\/de\/wp-json\/wp\/v2\/users\/1"}],"replies":[{"embeddable":true,"href":"https:\/\/frv.com\/de\/wp-json\/wp\/v2\/comments?post=14689"}],"version-history":[{"count":81,"href":"https:\/\/frv.com\/de\/wp-json\/wp\/v2\/pages\/14689\/revisions"}],"predecessor-version":[{"id":21842,"href":"https:\/\/frv.com\/de\/wp-json\/wp\/v2\/pages\/14689\/revisions\/21842"}],"up":[{"embeddable":true,"href":"https:\/\/frv.com\/de\/wp-json\/wp\/v2\/pages\/15980"}],"wp:attachment":[{"href":"https:\/\/frv.com\/de\/wp-json\/wp\/v2\/media?parent=14689"}],"curies":[{"name":"wp","href":"https:\/\/api.w.org\/{rel}","templated":true}]}}