{"id":14685,"date":"2020-11-17T10:08:33","date_gmt":"2020-11-17T09:08:33","guid":{"rendered":"https:\/\/frv.com\/en\/?page_id=14685"},"modified":"2026-04-14T11:46:39","modified_gmt":"2026-04-14T09:46:39","slug":"careers","status":"publish","type":"page","link":"https:\/\/frv.com\/de\/professionals\/careers\/","title":{"rendered":"Stellenangebote"},"content":{"rendered":"","protected":false},"excerpt":{"rendered":"","protected":false},"author":1,"featured_media":16368,"parent":14683,"menu_order":12,"comment_status":"closed","ping_status":"closed","template":"","meta":{"_acf_changed":false,"footnotes":""},"class_list":["post-14685","page","type-page","status-publish","has-post-thumbnail","hentry"],"acf":[],"yoast_head":"<!-- This site is optimized with the Yoast SEO plugin v26.7 - https:\/\/yoast.com\/wordpress\/plugins\/seo\/ -->\n<title>Careers - FRV<\/title>\n<meta name=\"robots\" content=\"index, follow, max-snippet:-1, max-image-preview:large, max-video-preview:-1\" \/>\n<link rel=\"canonical\" href=\"https:\/\/frv.com\/de\/professionals\/careers\/\" \/>\n<meta property=\"og:locale\" content=\"de_DE\" \/>\n<meta property=\"og:type\" content=\"article\" \/>\n<meta property=\"og:title\" content=\"FRV - Careers\" \/>\n<meta property=\"og:url\" content=\"https:\/\/frv.com\/de\/professionals\/careers\/en\/\" \/>\n<meta property=\"og:site_name\" content=\"FRV\" \/>\n<meta property=\"article:publisher\" content=\"https:\/\/www.facebook.com\/FRV.Official\" \/>\n<meta property=\"article:modified_time\" content=\"2026-04-14T09:46:39+00:00\" \/>\n<meta property=\"og:image\" content=\"https:\/\/frv.com\/wp-content\/uploads\/2021\/04\/emocion-scaled.jpg\" \/>\n\t<meta property=\"og:image:width\" content=\"2560\" \/>\n\t<meta property=\"og:image:height\" content=\"1707\" \/>\n\t<meta property=\"og:image:type\" content=\"image\/jpeg\" \/>\n<meta name=\"twitter:card\" content=\"summary_large_image\" \/>\n<meta name=\"twitter:title\" content=\"FRV - Careers\" \/>\n<meta name=\"twitter:image\" content=\"https:\/\/frv.com\/wp-content\/uploads\/2021\/04\/emocion-scaled.jpg\" \/>\n<meta name=\"twitter:site\" content=\"@FotowatioRV\" \/>\n<meta name=\"twitter:label1\" content=\"Gesch\u00e4tzte Lesezeit\" \/>\n\t<meta name=\"twitter:data1\" content=\"1\u00a0Minute\" \/>\n<script type=\"application\/ld+json\" class=\"yoast-schema-graph\">{\"@context\":\"https:\/\/schema.org\",\"@graph\":[{\"@type\":\"WebPage\",\"@id\":\"https:\/\/frv.com\/de\/professionals\/careers\/\",\"url\":\"https:\/\/frv.com\/de\/professionals\/careers\/\",\"name\":\"Stellenangebote - FRV\",\"isPartOf\":{\"@id\":\"https:\/\/frv.com\/de\/#website\"},\"primaryImageOfPage\":{\"@id\":\"https:\/\/frv.com\/de\/professionals\/careers\/#primaryimage\"},\"image\":{\"@id\":\"https:\/\/frv.com\/professionals\/careers\/#primaryimage\"},\"thumbnailUrl\":\"https:\/\/frv.com\/wp-content\/uploads\/2021\/04\/emocion-scaled.jpg\",\"datePublished\":\"2020-11-17T09:08:33+00:00\",\"dateModified\":\"2026-04-14T09:46:39+00:00\",\"breadcrumb\":{\"@id\":\"https:\/\/frv.com\/de\/professionals\/careers\/#breadcrumb\"},\"inLanguage\":\"de\",\"potentialAction\":[{\"@type\":\"ReadAction\",\"target\":[[\"https:\/\/frv.com\/de\/professionals\/careers\/\"]]}]},{\"@type\":\"ImageObject\",\"inLanguage\":\"de\",\"@id\":\"https:\/\/frv.com\/de\/professionals\/careers\/#primaryimage\",\"url\":\"https:\/\/frv.com\/wp-content\/uploads\/2021\/04\/emocion-scaled.jpg\",\"contentUrl\":\"https:\/\/frv.com\/wp-content\/uploads\/2021\/04\/emocion-scaled.jpg\",\"width\":2560,\"height\":1707},{\"@type\":\"BreadcrumbList\",\"@id\":\"https:\/\/frv.com\/de\/professionals\/careers\/#breadcrumb\",\"itemListElement\":[{\"@type\":\"ListItem\",\"position\":1,\"name\":\"Home\",\"item\":\"https:\/\/frv.com\/de\/\"},{\"@type\":\"ListItem\",\"position\":2,\"name\":\"Profesionales\",\"item\":\"https:\/\/frv.com\/de\/professionals\/\"},{\"@type\":\"ListItem\",\"position\":3,\"name\":\"Careers\"}]},{\"@type\":\"WebSite\",\"@id\":\"https:\/\/frv.com\/de\/#website\",\"url\":\"https:\/\/frv.com\/de\/\",\"name\":\"FRV\",\"description\":\"The future happens here\",\"potentialAction\":[{\"@type\":\"SearchAction\",\"target\":{\"@type\":\"EntryPoint\",\"urlTemplate\":\"https:\/\/frv.com\/de\/?s={search_term_string}\"},\"query-input\":{\"@type\":\"PropertyValueSpecification\",\"valueRequired\":true,\"valueName\":\"search_term_string\"}}],\"inLanguage\":\"de\"}]}<\/script>\n<!-- \/ Yoast SEO plugin. -->","yoast_head_json":{"title":"Careers - FRV","robots":{"index":"index","follow":"follow","max-snippet":"max-snippet:-1","max-image-preview":"max-image-preview:large","max-video-preview":"max-video-preview:-1"},"canonical":"https:\/\/frv.com\/de\/professionals\/careers\/","og_locale":"de_DE","og_type":"article","og_title":"FRV - Careers","og_url":"https:\/\/frv.com\/de\/professionals\/careers\/en\/","og_site_name":"FRV","article_publisher":"https:\/\/www.facebook.com\/FRV.Official","article_modified_time":"2026-04-14T09:46:39+00:00","og_image":[{"width":2560,"height":1707,"url":"https:\/\/frv.com\/wp-content\/uploads\/2021\/04\/emocion-scaled.jpg","type":"image\/jpeg"}],"twitter_card":"summary_large_image","twitter_title":"FRV - Careers","twitter_image":"https:\/\/frv.com\/wp-content\/uploads\/2021\/04\/emocion-scaled.jpg","twitter_site":"@FotowatioRV","twitter_misc":{"Gesch\u00e4tzte Lesezeit":"1\u00a0Minute"},"schema":{"@context":"https:\/\/schema.org","@graph":[{"@type":"WebPage","@id":"https:\/\/frv.com\/de\/professionals\/careers\/","url":"https:\/\/frv.com\/de\/professionals\/careers\/","name":"Stellenangebote - FRV","isPartOf":{"@id":"https:\/\/frv.com\/de\/#website"},"primaryImageOfPage":{"@id":"https:\/\/frv.com\/de\/professionals\/careers\/#primaryimage"},"image":{"@id":"https:\/\/frv.com\/professionals\/careers\/#primaryimage"},"thumbnailUrl":"https:\/\/frv.com\/wp-content\/uploads\/2021\/04\/emocion-scaled.jpg","datePublished":"2020-11-17T09:08:33+00:00","dateModified":"2026-04-14T09:46:39+00:00","breadcrumb":{"@id":"https:\/\/frv.com\/de\/professionals\/careers\/#breadcrumb"},"inLanguage":"de","potentialAction":[{"@type":"ReadAction","target":[["https:\/\/frv.com\/de\/professionals\/careers\/"]]}]},{"@type":"ImageObject","inLanguage":"de","@id":"https:\/\/frv.com\/de\/professionals\/careers\/#primaryimage","url":"https:\/\/frv.com\/wp-content\/uploads\/2021\/04\/emocion-scaled.jpg","contentUrl":"https:\/\/frv.com\/wp-content\/uploads\/2021\/04\/emocion-scaled.jpg","width":2560,"height":1707},{"@type":"BreadcrumbList","@id":"https:\/\/frv.com\/de\/professionals\/careers\/#breadcrumb","itemListElement":[{"@type":"ListItem","position":1,"name":"Home","item":"https:\/\/frv.com\/de\/"},{"@type":"ListItem","position":2,"name":"Profesionales","item":"https:\/\/frv.com\/de\/professionals\/"},{"@type":"ListItem","position":3,"name":"Careers"}]},{"@type":"WebSite","@id":"https:\/\/frv.com\/de\/#website","url":"https:\/\/frv.com\/de\/","name":"FRV","description":"The future happens here","potentialAction":[{"@type":"SearchAction","target":{"@type":"EntryPoint","urlTemplate":"https:\/\/frv.com\/de\/?s={search_term_string}"},"query-input":{"@type":"PropertyValueSpecification","valueRequired":true,"valueName":"search_term_string"}}],"inLanguage":"de"}]}},"search_content":" <h2 class=\"title\">Offene Stellen<\/h2> <a class=\"link-span apply-button\" data-title=\"\" data-region=\"\"> Apply now<\/a> <a href=\"https:\/\/frv.com\/wp-content\/uploads\/2026\/04\/Office-Assistant-UK_Mar26.pdf\" target=\"_blank\">JOB DESCRIPTION<\/a> <a class=\"link-span apply-button\" data-title=\"\" data-region=\"\"> Apply now<\/a> <a href=\"https:\/\/frv.com\/wp-content\/uploads\/2026\/04\/Legal-Trainee.pdf\" target=\"_blank\">JOB DESCRIPTION<\/a> <h3 class=\"item-title\">Finanzbuchhalter Italien<\/h3> Rom, Italien<a class=\"link-span apply-button\" data-title=\"Finanzbuchhalter Italien\" data-region=\"Rom, Italien\"> Apply now<\/a>Finanzbericht <a href=\"https:\/\/frv.com\/wp-content\/uploads\/2026\/02\/Accountant-Italy_-jan-2026.pdf\" target=\"_blank\">JOB DESCRIPTION<\/a> <a class=\"link-span apply-button\" data-title=\"\" data-region=\"\"> Apply now<\/a> <a href=\"https:\/\/frv.com\/wp-content\/uploads\/2026\/01\/SF-and-MA-Europe-dic-2025.pdf\" target=\"_blank\">JOB DESCRIPTION<\/a> <h3 class=\"item-title\">Fl\u00e4chenakquisiteur\/in Photovoltaik<\/h3> Germany<a class=\"link-span apply-button\" data-title=\"Fl\u00e4chenakquisiteur\/in Photovoltaik\" data-region=\"Germany\"> Apply now<\/a>Aufbau und Pflege von Beziehungen zu relevanten Stakeholdern (insb. Grundst\u00fcckseigent\u00fcmern, B\u00fcrgermeister\/innen, Gemeinden, Anwohnern, Landwirten, Agrargenossenschaften, Entscheidungstr\u00e4gern) <a href=\"https:\/\/frv.com\/wp-content\/uploads\/2023\/08\/Stellenausschreibung_Flachenakquise_FRV-Germany_20230810.pdf\" target=\"_blank\">JOB DESCRIPTION<\/a> <h2 class=\"modal-title\"><\/h2> &times; <p role=\"status\" aria-live=\"polite\" aria-atomic=\"true\"><\/p> <p>Name and last name <\/p> <p>Email <\/p> <p>Upload CV <\/p> <p> <\/p> <p>By clicking the submit button I agree to the <a href=\"\/en\/privacy-policy\/\" target=\"_blank\">Privacy Policy<\/a> and <a href=\"\/en\/terms-of-use\/\" target=\"_blank\">Terms of use<\/a> and consent to access my personal data. <\/p> <h2 class=\"title\">Sie finden nicht, was Sie suchen?<\/h2> <p>Wir sind immer auf der Suche nach neuen Talenten, die unser Team verst\u00e4rken. Wenn Sie daran interessiert sind, die Zukunft der Energiewirtschaft neu zu gestalten, w\u00fcrden wir Sie gerne kennenlernen.<\/p> <p role=\"status\" aria-live=\"polite\" aria-atomic=\"true\"><\/p> <p>Name und Nachname <\/p> <p>E-Mail-Adresse <\/p> <p>Datei hochladen <\/p> <p>Info <\/p> <p> <\/p> <p>Durch Anklicken der Schaltfl\u00e4che \u201eAbsenden\" stimme ich der <a href=\"\/de\/datenschutzbestimmungen\/\" target=\"_blank\">Datenschutzbestimmungen<\/a> und den <a href=\"\/de\/bedingungen-fur-die-nutzung\/\" target=\"_blank\">Nutzungsbedingungen<\/a> zu und erkl\u00e4re mich mit dem Zugriff auf meine personenbezogenen Angaben einverstanden. <\/p> <p>Ihr Formular wurde erfolgreich abgeschickt.<\/p> <p>Wir werden uns in K\u00fcrze mit Ihnen in Verbindung setzen.<\/p> <h2 class=\"title\">H\u00e4ufig gestellte Fragen<\/h2> <h3 class=\"item-title\">Wie erfahre ich, ob meine Bewerbung angekommen ist?<\/h3> <p>Sie erhalten eine automatische Antwort, sobald Ihre Bewerbung eingegangen ist. Sollten Sie aus irgendeinem Grund keine automatische Antwort erhalten, \u00fcberpr\u00fcfen Sie bitte Ihren Spam-Ordner. Wenn Sie die E-Mail trotzdem nicht finden, schreiben Sie uns bitte an info@frv.com und wir pr\u00fcfen, ob Ihre Bewerbung bei uns eingegangen ist.<\/p> <h3 class=\"item-title\">Wie erfahre ich, ob ich f\u00fcr den weiteren Bewerbungsprozess ausgew\u00e4hlt wurde?<\/h3> <p>Wenn Sie f\u00fcr ein Vorstellungsgespr\u00e4ch ausgew\u00e4hlt wurden, wird sich jemand aus unserem Team per E-Mail mit Ihnen in Verbindung setzen, um Sie \u00fcber die n\u00e4chsten Schritte zu informieren.<\/p> <h3 class=\"item-title\">Bieten Sie Praktikumspl\u00e4tze an?<\/h3> <p>Obwohl wir kein offizielles Programm f\u00fcr Praktikantinnen und Praktikanten haben, besteht grunds\u00e4tzlich die M\u00f6glichkeit, bei uns ein Praktikum zu absolvieren. Sobald ein Praktikumsplatz verf\u00fcgbar ist, wird er auf dieser Seite bekannt gegeben.<\/p> ","search_term":"","_links":{"self":[{"href":"https:\/\/frv.com\/de\/wp-json\/wp\/v2\/pages\/14685","targetHints":{"allow":["GET"]}}],"collection":[{"href":"https:\/\/frv.com\/de\/wp-json\/wp\/v2\/pages"}],"about":[{"href":"https:\/\/frv.com\/de\/wp-json\/wp\/v2\/types\/page"}],"author":[{"embeddable":true,"href":"https:\/\/frv.com\/de\/wp-json\/wp\/v2\/users\/1"}],"replies":[{"embeddable":true,"href":"https:\/\/frv.com\/de\/wp-json\/wp\/v2\/comments?post=14685"}],"version-history":[{"count":158,"href":"https:\/\/frv.com\/de\/wp-json\/wp\/v2\/pages\/14685\/revisions"}],"predecessor-version":[{"id":22207,"href":"https:\/\/frv.com\/de\/wp-json\/wp\/v2\/pages\/14685\/revisions\/22207"}],"up":[{"embeddable":true,"href":"https:\/\/frv.com\/de\/wp-json\/wp\/v2\/pages\/14683"}],"wp:featuredmedia":[{"embeddable":true,"href":"https:\/\/frv.com\/de\/wp-json\/wp\/v2\/media\/16368"}],"wp:attachment":[{"href":"https:\/\/frv.com\/de\/wp-json\/wp\/v2\/media?parent=14685"}],"curies":[{"name":"wp","href":"https:\/\/api.w.org\/{rel}","templated":true}]}}