{"id":14684,"date":"2020-11-17T10:07:57","date_gmt":"2020-11-17T09:07:57","guid":{"rendered":"https:\/\/frv.com\/en\/?page_id=14684"},"modified":"2024-08-07T10:58:54","modified_gmt":"2024-08-07T08:58:54","slug":"frv-values","status":"publish","type":"page","link":"https:\/\/frv.com\/de\/professionals\/frv-values\/","title":{"rendered":"FRV Values"},"content":{"rendered":"","protected":false},"excerpt":{"rendered":"","protected":false},"author":1,"featured_media":0,"parent":14683,"menu_order":13,"comment_status":"closed","ping_status":"closed","template":"","meta":{"_acf_changed":false,"footnotes":""},"class_list":["post-14684","page","type-page","status-publish","hentry"],"acf":[],"yoast_head":"<!-- This site is optimized with the Yoast SEO plugin v26.7 - https:\/\/yoast.com\/wordpress\/plugins\/seo\/ -->\n<title>FRV Values - FRV<\/title>\n<meta name=\"robots\" content=\"index, follow, max-snippet:-1, max-image-preview:large, max-video-preview:-1\" \/>\n<link rel=\"canonical\" href=\"https:\/\/frv.com\/de\/professionals\/frv-values\/\" \/>\n<meta property=\"og:locale\" content=\"de_DE\" \/>\n<meta property=\"og:type\" content=\"article\" \/>\n<meta property=\"og:title\" content=\"FRV Values - FRV\" \/>\n<meta property=\"og:url\" content=\"https:\/\/frv.com\/de\/professionals\/frv-values\/en\/\" \/>\n<meta property=\"og:site_name\" content=\"FRV\" \/>\n<meta property=\"article:publisher\" content=\"https:\/\/www.facebook.com\/FRV.Official\" \/>\n<meta property=\"article:modified_time\" content=\"2024-08-07T08:58:54+00:00\" \/>\n<meta property=\"og:image\" content=\"https:\/\/frv.com\/wp-content\/uploads\/2021\/04\/curiosidad-scaled.jpg\" \/>\n\t<meta property=\"og:image:width\" content=\"2560\" \/>\n\t<meta property=\"og:image:height\" content=\"1707\" \/>\n\t<meta property=\"og:image:type\" content=\"image\/jpeg\" \/>\n<meta name=\"twitter:card\" content=\"summary_large_image\" \/>\n<meta name=\"twitter:site\" content=\"@FotowatioRV\" \/>\n<script type=\"application\/ld+json\" class=\"yoast-schema-graph\">{\"@context\":\"https:\/\/schema.org\",\"@graph\":[{\"@type\":\"WebPage\",\"@id\":\"https:\/\/frv.com\/de\/professionals\/frv-values\/\",\"url\":\"https:\/\/frv.com\/de\/professionals\/frv-values\/\",\"name\":\"FRV Values - FRV\",\"isPartOf\":{\"@id\":\"https:\/\/frv.com\/de\/#website\"},\"datePublished\":\"2020-11-17T09:07:57+00:00\",\"dateModified\":\"2024-08-07T08:58:54+00:00\",\"breadcrumb\":{\"@id\":\"https:\/\/frv.com\/de\/professionals\/frv-values\/#breadcrumb\"},\"inLanguage\":\"de\",\"potentialAction\":[{\"@type\":\"ReadAction\",\"target\":[[\"https:\/\/frv.com\/de\/professionals\/frv-values\/\"]]}]},{\"@type\":\"BreadcrumbList\",\"@id\":\"https:\/\/frv.com\/de\/professionals\/frv-values\/#breadcrumb\",\"itemListElement\":[{\"@type\":\"ListItem\",\"position\":1,\"name\":\"Home\",\"item\":\"https:\/\/frv.com\/de\/\"},{\"@type\":\"ListItem\",\"position\":2,\"name\":\"Profesionales\",\"item\":\"https:\/\/frv.com\/de\/professionals\/\"},{\"@type\":\"ListItem\",\"position\":3,\"name\":\"FRV Values\"}]},{\"@type\":\"WebSite\",\"@id\":\"https:\/\/frv.com\/de\/#website\",\"url\":\"https:\/\/frv.com\/de\/\",\"name\":\"FRV\",\"description\":\"The future happens here\",\"potentialAction\":[{\"@type\":\"SearchAction\",\"target\":{\"@type\":\"EntryPoint\",\"urlTemplate\":\"https:\/\/frv.com\/de\/?s={search_term_string}\"},\"query-input\":{\"@type\":\"PropertyValueSpecification\",\"valueRequired\":true,\"valueName\":\"search_term_string\"}}],\"inLanguage\":\"de\"}]}<\/script>\n<!-- \/ Yoast SEO plugin. -->","yoast_head_json":{"title":"FRV Values - FRV","robots":{"index":"index","follow":"follow","max-snippet":"max-snippet:-1","max-image-preview":"max-image-preview:large","max-video-preview":"max-video-preview:-1"},"canonical":"https:\/\/frv.com\/de\/professionals\/frv-values\/","og_locale":"de_DE","og_type":"article","og_title":"FRV Values - FRV","og_url":"https:\/\/frv.com\/de\/professionals\/frv-values\/en\/","og_site_name":"FRV","article_publisher":"https:\/\/www.facebook.com\/FRV.Official","article_modified_time":"2024-08-07T08:58:54+00:00","og_image":[{"width":2560,"height":1707,"url":"https:\/\/frv.com\/wp-content\/uploads\/2021\/04\/curiosidad-scaled.jpg","type":"image\/jpeg"}],"twitter_card":"summary_large_image","twitter_site":"@FotowatioRV","schema":{"@context":"https:\/\/schema.org","@graph":[{"@type":"WebPage","@id":"https:\/\/frv.com\/de\/professionals\/frv-values\/","url":"https:\/\/frv.com\/de\/professionals\/frv-values\/","name":"FRV Values - FRV","isPartOf":{"@id":"https:\/\/frv.com\/de\/#website"},"datePublished":"2020-11-17T09:07:57+00:00","dateModified":"2024-08-07T08:58:54+00:00","breadcrumb":{"@id":"https:\/\/frv.com\/de\/professionals\/frv-values\/#breadcrumb"},"inLanguage":"de","potentialAction":[{"@type":"ReadAction","target":[["https:\/\/frv.com\/de\/professionals\/frv-values\/"]]}]},{"@type":"BreadcrumbList","@id":"https:\/\/frv.com\/de\/professionals\/frv-values\/#breadcrumb","itemListElement":[{"@type":"ListItem","position":1,"name":"Home","item":"https:\/\/frv.com\/de\/"},{"@type":"ListItem","position":2,"name":"Profesionales","item":"https:\/\/frv.com\/de\/professionals\/"},{"@type":"ListItem","position":3,"name":"FRV Values"}]},{"@type":"WebSite","@id":"https:\/\/frv.com\/de\/#website","url":"https:\/\/frv.com\/de\/","name":"FRV","description":"The future happens here","potentialAction":[{"@type":"SearchAction","target":{"@type":"EntryPoint","urlTemplate":"https:\/\/frv.com\/de\/?s={search_term_string}"},"query-input":{"@type":"PropertyValueSpecification","valueRequired":true,"valueName":"search_term_string"}}],"inLanguage":"de"}]}},"search_content":" <h2 class=\"title\">Unser Versprechen<\/h2> <p>Wir sind jung, dynamisch und setzen uns f\u00fcr nachhaltiges Wachstum ein. F\u00fcr uns ist Transparenz genauso wichtig wie das Streben nach Exzellenz.<\/p> <h2 class=\"title\">So arbeiten wir<\/h2> <p>Unsere Werte sind die Grundlage unserer Unternehmenskultur. Sie bestimmen unsere Gesch\u00e4fte und unsere Arbeitsweise.<\/p> <h3 class=\"item-title\">Unsere Neugier macht uns t\u00e4glich besser.<\/h3> NEUGIER <p>Wir stellen alles in Frage und nehmen nichts als selbstverst\u00e4ndlich hin. Wir lernen t\u00e4glich dazu und stellen uns allen kreativen Herausforderungen \u2013 als Unternehmen, als Team und pers\u00f6nlich.<\/p> <h3 class=\"item-title\">Wir handeln agil und proaktiv.<\/h3> AGILIT\u00c4T <p>Wir halten st\u00e4ndig nach neuen M\u00f6glichkeiten Ausschau und nutzen diese optimal. Unser Unternehmen ist offen und von Ehrgeiz gepr\u00e4gt und zeichnet sich durch flache Hierarchien aus. Wir schaffen so ein dynamisches und interaktives Umfeld, in dem alle Mitarbeitenden einen unverzichtbaren Teil beitragen. Wir f\u00f6rdern die aktive Beteiligung aller Teammitglieder an der Umsetzung der gesetzten Ziele, um Schnelligkeit und Effizienz zu steigern.<\/p> <h3 class=\"item-title\">Wir verfolgen unseren eigenen Weg.<\/h3> PIONIERGEIST <p>Wir sind entschlossen, jede Art von Problem zu l\u00f6sen; Wandel und Innovation begr\u00fc\u00dfen wir, um die Zukunft aktiv zu gestalten. Wir probieren st\u00e4ndig Neues aus. Wir bewahren dabei stets unser Urteilsverm\u00f6gen. Wir setzen auf neueste Technologien, um den Anforderungen unserer Kunden gerecht zu werden. Wir wissen, dass Innovation mehr ist als Technologie. Wir teilen alle den gleichen Mut zum Fortschritt und den gleichen vision\u00e4ren Blick auf die Welt.<\/p> <h3 class=\"item-title\">Wir verpflichten uns, unsere Versprechen einzuhalten<\/h3> UNSERE VERPFLICHTUNGEN... <p>Wir erreichen unsere Ziele mit maximaler Transparenz und Integrit\u00e4t. Wir erf\u00fcllen oder \u00fcbertreffen die Erwartungen unserer Partner, Investoren und Kunden. Wir schaffen stets einen echten Mehrwert und begr\u00fcnden unsere Gesch\u00e4ftsbeziehungen auf Vertrauen und gegenseitigem Respekt.<\/p> <h3 class=\"item-title\">\u2026 indem wir weltweit f\u00fcr erstklassige L\u00f6sungen und exzellente Ausf\u00fchrungen einstehen \u2026<\/h3> UNSERE EXZELLENZ <p>Wir streben nach Exzellenz in allem, was wir tun. Wir setzen auf Best\u00e4ndigkeit, Einsatz und Liebe zum Detail, um machbare, rentable und innovative L\u00f6sungen zu schaffen. Wir sind stets bereit, unser Bestes zu geben und in jeder Situation 100 % Einsatz zu zeigen. Wie alle Menschen sind auch wir nicht perfekt, aber wir tun alles, um unser Potenzial und das unserer Kunden in jeder Situation bestm\u00f6glich zu erschlie\u00dfen.<\/p> <h3 class=\"item-title\">&#8230; die bei den Menschen Emotionen wecken, da sie mit einer Leidenschaft geliefert werden, die unsere Kunden inspiriert&#8230;<\/h3> UNSERE PASSION <p>Wir brennen f\u00fcr das, was wir tun. Jedem Projekt begegnen wir mit der gleichen Motivation. Wir machen uns die Visionen unserer Kunden zu eigen: Ihre Leistungen sind unsere Leistungen, ihre Erfolge sind unsere Erfolge. Zu sehen, wie sich unsere Kunden entwickeln, wie sie wachsen und wie sie ihr volles Potenzial aussch\u00f6pfen, treibt uns t\u00e4glich an.<\/p> <h3 class=\"item-title\">Unser Team macht den Unterschied.<\/h3> UNSER STARKES TEAM <p>Mit unserer Einstellung vermitteln wir positive Energie. Wir arbeiten eng zusammen und schaffen eine lebendige und dynamische Atmosph\u00e4re, in der alles m\u00f6glich ist. Wir haben eine offene und horizontale Unternehmenskultur, in der Kommunikation im Mittelpunkt steht. Wir vertrauen unseren Kolleginnen und Kollegen, wir entwickeln uns weiter und unterst\u00fctzen andere dabei, ihre individuellen Ziele im Einklang mit den Zielen der Gruppe zu erreichen. Wir stellen hohe Anforderungen an uns selbst und an das Team, um immer das Beste herauszuholen.<\/p> ","search_term":"","_links":{"self":[{"href":"https:\/\/frv.com\/de\/wp-json\/wp\/v2\/pages\/14684","targetHints":{"allow":["GET"]}}],"collection":[{"href":"https:\/\/frv.com\/de\/wp-json\/wp\/v2\/pages"}],"about":[{"href":"https:\/\/frv.com\/de\/wp-json\/wp\/v2\/types\/page"}],"author":[{"embeddable":true,"href":"https:\/\/frv.com\/de\/wp-json\/wp\/v2\/users\/1"}],"replies":[{"embeddable":true,"href":"https:\/\/frv.com\/de\/wp-json\/wp\/v2\/comments?post=14684"}],"version-history":[{"count":47,"href":"https:\/\/frv.com\/de\/wp-json\/wp\/v2\/pages\/14684\/revisions"}],"predecessor-version":[{"id":19324,"href":"https:\/\/frv.com\/de\/wp-json\/wp\/v2\/pages\/14684\/revisions\/19324"}],"up":[{"embeddable":true,"href":"https:\/\/frv.com\/de\/wp-json\/wp\/v2\/pages\/14683"}],"wp:attachment":[{"href":"https:\/\/frv.com\/de\/wp-json\/wp\/v2\/media?parent=14684"}],"curies":[{"name":"wp","href":"https:\/\/api.w.org\/{rel}","templated":true}]}}