{"id":14683,"date":"2020-11-17T10:07:43","date_gmt":"2020-11-17T09:07:43","guid":{"rendered":"https:\/\/frv.com\/en\/?page_id=14683"},"modified":"2023-05-11T11:56:06","modified_gmt":"2023-05-11T09:56:06","slug":"professionals","status":"publish","type":"page","link":"https:\/\/frv.com\/de\/professionals\/","title":{"rendered":"Unsere Mitarbeiter"},"content":{"rendered":"","protected":false},"excerpt":{"rendered":"","protected":false},"author":1,"featured_media":15555,"parent":0,"menu_order":11,"comment_status":"closed","ping_status":"closed","template":"","meta":{"_acf_changed":false,"footnotes":""},"class_list":["post-14683","page","type-page","status-publish","has-post-thumbnail","hentry"],"acf":[],"yoast_head":"<!-- This site is optimized with the Yoast SEO plugin v26.7 - https:\/\/yoast.com\/wordpress\/plugins\/seo\/ -->\n<title>FRV - Professionals<\/title>\n<meta name=\"robots\" content=\"index, follow, max-snippet:-1, max-image-preview:large, max-video-preview:-1\" \/>\n<link rel=\"canonical\" href=\"https:\/\/frv.com\/de\/professionals\/\" \/>\n<meta property=\"og:locale\" content=\"de_DE\" \/>\n<meta property=\"og:type\" content=\"article\" \/>\n<meta property=\"og:title\" content=\"FRV - Professionals\" \/>\n<meta property=\"og:url\" content=\"https:\/\/frv.com\/de\/professionals\/en\/\" \/>\n<meta property=\"og:site_name\" content=\"FRV\" \/>\n<meta property=\"article:publisher\" content=\"https:\/\/www.facebook.com\/FRV.Official\" \/>\n<meta property=\"article:modified_time\" content=\"2023-05-11T09:56:06+00:00\" \/>\n<meta property=\"og:image\" content=\"https:\/\/frv.com\/wp-content\/uploads\/2021\/04\/leadership.jpg\" \/>\n\t<meta property=\"og:image:width\" content=\"2362\" \/>\n\t<meta property=\"og:image:height\" content=\"989\" \/>\n\t<meta property=\"og:image:type\" content=\"image\/jpeg\" \/>\n<meta name=\"twitter:card\" content=\"summary_large_image\" \/>\n<meta name=\"twitter:image\" content=\"https:\/\/frv.com\/wp-content\/uploads\/2021\/04\/leadership.jpg\" \/>\n<meta name=\"twitter:site\" content=\"@FotowatioRV\" \/>\n<script type=\"application\/ld+json\" class=\"yoast-schema-graph\">{\"@context\":\"https:\/\/schema.org\",\"@graph\":[{\"@type\":\"WebPage\",\"@id\":\"https:\/\/frv.com\/de\/professionals\/\",\"url\":\"https:\/\/frv.com\/de\/professionals\/\",\"name\":\"FRV - Professionals\",\"isPartOf\":{\"@id\":\"https:\/\/frv.com\/de\/#website\"},\"primaryImageOfPage\":{\"@id\":\"https:\/\/frv.com\/de\/professionals\/#primaryimage\"},\"image\":{\"@id\":\"https:\/\/frv.com\/professionals\/#primaryimage\"},\"thumbnailUrl\":\"https:\/\/frv.com\/wp-content\/uploads\/2021\/01\/box-1.png\",\"datePublished\":\"2020-11-17T09:07:43+00:00\",\"dateModified\":\"2023-05-11T09:56:06+00:00\",\"breadcrumb\":{\"@id\":\"https:\/\/frv.com\/de\/professionals\/#breadcrumb\"},\"inLanguage\":\"de\",\"potentialAction\":[{\"@type\":\"ReadAction\",\"target\":[[\"https:\/\/frv.com\/de\/professionals\/\"]]}]},{\"@type\":\"ImageObject\",\"inLanguage\":\"de\",\"@id\":\"https:\/\/frv.com\/de\/professionals\/#primaryimage\",\"url\":\"https:\/\/frv.com\/wp-content\/uploads\/2021\/01\/box-1.png\",\"contentUrl\":\"https:\/\/frv.com\/wp-content\/uploads\/2021\/01\/box-1.png\",\"width\":370,\"height\":370},{\"@type\":\"BreadcrumbList\",\"@id\":\"https:\/\/frv.com\/de\/professionals\/#breadcrumb\",\"itemListElement\":[{\"@type\":\"ListItem\",\"position\":1,\"name\":\"Home\",\"item\":\"https:\/\/frv.com\/de\/\"},{\"@type\":\"ListItem\",\"position\":2,\"name\":\"Profesionales\"}]},{\"@type\":\"WebSite\",\"@id\":\"https:\/\/frv.com\/de\/#website\",\"url\":\"https:\/\/frv.com\/de\/\",\"name\":\"FRV\",\"description\":\"The future happens here\",\"potentialAction\":[{\"@type\":\"SearchAction\",\"target\":{\"@type\":\"EntryPoint\",\"urlTemplate\":\"https:\/\/frv.com\/de\/?s={search_term_string}\"},\"query-input\":{\"@type\":\"PropertyValueSpecification\",\"valueRequired\":true,\"valueName\":\"search_term_string\"}}],\"inLanguage\":\"de\"}]}<\/script>\n<!-- \/ Yoast SEO plugin. -->","yoast_head_json":{"title":"FRV - Professionals","robots":{"index":"index","follow":"follow","max-snippet":"max-snippet:-1","max-image-preview":"max-image-preview:large","max-video-preview":"max-video-preview:-1"},"canonical":"https:\/\/frv.com\/de\/professionals\/","og_locale":"de_DE","og_type":"article","og_title":"FRV - Professionals","og_url":"https:\/\/frv.com\/de\/professionals\/en\/","og_site_name":"FRV","article_publisher":"https:\/\/www.facebook.com\/FRV.Official","article_modified_time":"2023-05-11T09:56:06+00:00","og_image":[{"width":2362,"height":989,"url":"https:\/\/frv.com\/wp-content\/uploads\/2021\/04\/leadership.jpg","type":"image\/jpeg"}],"twitter_card":"summary_large_image","twitter_image":"https:\/\/frv.com\/wp-content\/uploads\/2021\/04\/leadership.jpg","twitter_site":"@FotowatioRV","schema":{"@context":"https:\/\/schema.org","@graph":[{"@type":"WebPage","@id":"https:\/\/frv.com\/de\/professionals\/","url":"https:\/\/frv.com\/de\/professionals\/","name":"FRV - Professionals","isPartOf":{"@id":"https:\/\/frv.com\/de\/#website"},"primaryImageOfPage":{"@id":"https:\/\/frv.com\/de\/professionals\/#primaryimage"},"image":{"@id":"https:\/\/frv.com\/professionals\/#primaryimage"},"thumbnailUrl":"https:\/\/frv.com\/wp-content\/uploads\/2021\/01\/box-1.png","datePublished":"2020-11-17T09:07:43+00:00","dateModified":"2023-05-11T09:56:06+00:00","breadcrumb":{"@id":"https:\/\/frv.com\/de\/professionals\/#breadcrumb"},"inLanguage":"de","potentialAction":[{"@type":"ReadAction","target":[["https:\/\/frv.com\/de\/professionals\/"]]}]},{"@type":"ImageObject","inLanguage":"de","@id":"https:\/\/frv.com\/de\/professionals\/#primaryimage","url":"https:\/\/frv.com\/wp-content\/uploads\/2021\/01\/box-1.png","contentUrl":"https:\/\/frv.com\/wp-content\/uploads\/2021\/01\/box-1.png","width":370,"height":370},{"@type":"BreadcrumbList","@id":"https:\/\/frv.com\/de\/professionals\/#breadcrumb","itemListElement":[{"@type":"ListItem","position":1,"name":"Home","item":"https:\/\/frv.com\/de\/"},{"@type":"ListItem","position":2,"name":"Profesionales"}]},{"@type":"WebSite","@id":"https:\/\/frv.com\/de\/#website","url":"https:\/\/frv.com\/de\/","name":"FRV","description":"The future happens here","potentialAction":[{"@type":"SearchAction","target":{"@type":"EntryPoint","urlTemplate":"https:\/\/frv.com\/de\/?s={search_term_string}"},"query-input":{"@type":"PropertyValueSpecification","valueRequired":true,"valueName":"search_term_string"}}],"inLanguage":"de"}]}},"search_content":" <h2 class=\"title\">Ein au\u00dfergew\u00f6hnliches Team<\/h2> <p>Unser Erfolg beruht auf einem internationalen Team aus hochqualifizierten und erfahrenen Fachleuten.<\/p> Mit Erfahrung den Weg weisen <p>Unser Managementteam verf\u00fcgt \u00fcber mehr als 70 Jahre Erfahrung in der Solarbranche und mehr als 10 Jahre individueller Erfahrung im Bereich erneuerbare Energie.<\/p> MANAGEMENT Wachstum ist kein Zufall <p>Unsere technischen Profile sind darauf ausgerichtet, unsere Projekte in allen Abschnitten der Wertsch\u00f6pfungskette zu optimieren.<\/p> TECHNISCHE UND GESCH\u00c4FTLICHE ENTWICKLUNG Unser Team ist unser gr\u00f6\u00dftes Kapital <p>Positionen in den Bereichen Finanzen, Steuern, Treasury, Risiko und Planung, strukturierte Finanzierung sowie Fusionen und \u00dcbernahmen.<\/p> FINANZEN Kein Erfolg ohne Innovation <p>Unsere Innovationsplattform FRV-X ist wie ein Start-Up-Unternehmen aufgebaut, um maximal flexibel zu sein. Nur so k\u00f6nnen wir mit aktuellen Trends Schritt halten und uns in einer Branche im Wandel behaupten.<\/p> FRV-X H\u00f6chste Standards etablieren <p>Unser Unternehmen wird von einem multidisziplin\u00e4ren Team gef\u00fchrt, das nach internationalen Normen f\u00fcr interne Audits zertifiziert ist. Zu den wichtigsten Aufgaben geh\u00f6ren: &#8211; Bewertung und \u00dcberpr\u00fcfung aller Kontroll- und Risikomanagementsysteme des Unternehmens &#8211; \u00dcberwachung spezifischer Risiken im Zusammenhang mit Korruption, Bestechung, Betrug und anderen illegalen Praktiken, die gegen den Verhaltenskodex von FRV versto\u00dfen<\/p> UNTERNEHMENSF\u00dcHRUNG Wir nehmen unsere Verantwortung ernst <p>Unsere Rechtsabteilung stellt sicher, dass alle gesch\u00e4ftlichen Aktivit\u00e4ten den unternehmensinternen und aufsichtsrechtlichen Anforderungen entsprechen. Sie k\u00fcmmert sich um alle Rechtsgesch\u00e4fte des Unternehmens. Die Mitarbeitenden sorgen au\u00dferdem daf\u00fcr, dass alle relevanten Gesetze und Vorschriften zu jedem Zeitpunkt eingehalten werden. So vermeiden wir Risiken, bevor sie entstehen.<\/p> RECHT <h2 class=\"title\">Unser Team<\/h2> <p>Unsere Mitarbeitenden verpflichten sich dem Erfolg, der Innovation und der Transparenz. Sie agieren als verantwortungsbewusste Botschafter des Unternehmens.<\/p> \u2039 \u203a LEITERIN DER RECHTSABTEILUNG - CORPORATE MadridPilar L\u00f3pez<p>\u201eBei FRV kann ich meine Rechtskenntnisse und Erfahrungen nutzen, um das Leben von Menschen auf der ganzen Welt zum Positiven zu ver\u00e4ndern. Die Leidenschaft, die F\u00e4higkeiten und die positive Energie aller Mitarbeitenden des Unternehmens schaffen eine Arbeitsatmosph\u00e4re, in der alles m\u00f6glich ist!\u2019\u2019<\/p> FINANZEN - CORPORATE MADRIDRoc\u00edo Villalba<p>\u201eDas Beste an der Arbeit bei FRV sind sie st\u00e4ndigen Herausforderungen, die einen sowohl beruflich als auch privat wachsen lassen.\u201c<\/p> DIREKTOR O&M MADRIDJorge Garrido<p>\u201eAls ich vor 6 Jahren zu FRV kam, war das Unternehmen noch auf einige wenige M\u00e4rkte konzentriert. Seitdem ist das Unternehmen viel st\u00e4rker expandiert als erwartet. Wir sind inzwischen auf der ganzen Welt pr\u00e4sent, haben ein Projektportfolio von mehr als zwei GW, sind Pioniere bei der Umsetzung der neuesten Technologien und bieten im Rahmen unserer Projekte eine breite Palette von Dienstleistungen an, w\u00e4hrend wir weiter exponentiell wachsen. All dies w\u00e4re nicht m\u00f6glich, ohne das Engagement unseres Teams, unsere Begeisterung f\u00fcr Innovationen und unser Bestreben, H\u00f6chstleistungen zu erbringen. Wir wollen die Erwartungen an uns immer \u00fcbertreffen und genau deshalb findet die Zukunft hier und jetzt statt!\u201c<\/p> <h2 class=\"title\">Das FRV-Team<\/h2> <h3 class=\"item-title\">Ein international renommiertes Team<\/h3> <p>mit mehr als 200 hochqualifizierten Fachleuten<\/p> <h3 class=\"item-title\">Kontinuierliches Streben<\/h3> <p>danach, Talente zu gewinnen und weiterzuentwickeln<\/p> <h3 class=\"item-title\">Disziplinierte Kapitalverwaltung<\/h3> <p>durch Ausrichtung auf langfristige Wertsch\u00f6pfung<\/p> ","search_term":"","_links":{"self":[{"href":"https:\/\/frv.com\/de\/wp-json\/wp\/v2\/pages\/14683","targetHints":{"allow":["GET"]}}],"collection":[{"href":"https:\/\/frv.com\/de\/wp-json\/wp\/v2\/pages"}],"about":[{"href":"https:\/\/frv.com\/de\/wp-json\/wp\/v2\/types\/page"}],"author":[{"embeddable":true,"href":"https:\/\/frv.com\/de\/wp-json\/wp\/v2\/users\/1"}],"replies":[{"embeddable":true,"href":"https:\/\/frv.com\/de\/wp-json\/wp\/v2\/comments?post=14683"}],"version-history":[{"count":39,"href":"https:\/\/frv.com\/de\/wp-json\/wp\/v2\/pages\/14683\/revisions"}],"predecessor-version":[{"id":17751,"href":"https:\/\/frv.com\/de\/wp-json\/wp\/v2\/pages\/14683\/revisions\/17751"}],"wp:featuredmedia":[{"embeddable":true,"href":"https:\/\/frv.com\/de\/wp-json\/wp\/v2\/media\/15555"}],"wp:attachment":[{"href":"https:\/\/frv.com\/de\/wp-json\/wp\/v2\/media?parent=14683"}],"curies":[{"name":"wp","href":"https:\/\/api.w.org\/{rel}","templated":true}]}}