{"id":14681,"date":"2020-11-17T10:06:57","date_gmt":"2020-11-17T09:06:57","guid":{"rendered":"https:\/\/frv.com\/en\/?page_id=14681"},"modified":"2025-04-29T12:37:33","modified_gmt":"2025-04-29T10:37:33","slug":"frv-x","status":"publish","type":"page","link":"https:\/\/frv.com\/de\/services\/frv-x\/","title":{"rendered":"FRV-X"},"content":{"rendered":"","protected":false},"excerpt":{"rendered":"","protected":false},"author":1,"featured_media":18222,"parent":15983,"menu_order":4,"comment_status":"closed","ping_status":"closed","template":"","meta":{"_acf_changed":false,"footnotes":""},"class_list":["post-14681","page","type-page","status-publish","has-post-thumbnail","hentry"],"acf":[],"yoast_head":"<!-- This site is optimized with the Yoast SEO plugin v26.7 - https:\/\/yoast.com\/wordpress\/plugins\/seo\/ -->\n<title>FRV-X - Pioneering a better future<\/title>\n<meta name=\"description\" content=\"FRV-X is Fotowatio Renewable Energy technology platform able to create innovative solutions along New Energy Value chain\" \/>\n<meta name=\"robots\" content=\"index, follow, max-snippet:-1, max-image-preview:large, max-video-preview:-1\" \/>\n<link rel=\"canonical\" href=\"https:\/\/frv.com\/de\/services\/frv-x\/\" \/>\n<meta property=\"og:locale\" content=\"de_DE\" \/>\n<meta property=\"og:type\" content=\"article\" \/>\n<meta property=\"og:title\" content=\"FRV-X - Pioneering a better future\" \/>\n<meta property=\"og:description\" content=\"FRV-X is Fotowatio Renewable Energy technology platform able to create innovative solutions along New Energy Value chain\" \/>\n<meta property=\"og:url\" content=\"https:\/\/frv.com\/de\/services\/frv-x\/en\/\" \/>\n<meta property=\"og:site_name\" content=\"FRV\" \/>\n<meta property=\"article:publisher\" content=\"https:\/\/www.facebook.com\/FRV.Official\" \/>\n<meta property=\"article:modified_time\" content=\"2025-04-29T10:37:33+00:00\" \/>\n<meta property=\"og:image\" content=\"https:\/\/frv.com\/wp-content\/uploads\/2023\/10\/FRV-X.webp\" \/>\n\t<meta property=\"og:image:width\" content=\"1177\" \/>\n\t<meta property=\"og:image:height\" content=\"726\" \/>\n\t<meta property=\"og:image:type\" content=\"image\/webp\" \/>\n<meta name=\"twitter:card\" content=\"summary_large_image\" \/>\n<meta name=\"twitter:site\" content=\"@FotowatioRV\" \/>\n<meta name=\"twitter:label1\" content=\"Gesch\u00e4tzte Lesezeit\" \/>\n\t<meta name=\"twitter:data1\" content=\"1\u00a0Minute\" \/>\n<script type=\"application\/ld+json\" class=\"yoast-schema-graph\">{\"@context\":\"https:\/\/schema.org\",\"@graph\":[{\"@type\":\"WebPage\",\"@id\":\"https:\/\/frv.com\/de\/services\/frv-x\/\",\"url\":\"https:\/\/frv.com\/de\/services\/frv-x\/\",\"name\":\"FRV-X - Pioneering a better future\",\"isPartOf\":{\"@id\":\"https:\/\/frv.com\/de\/#website\"},\"primaryImageOfPage\":{\"@id\":\"https:\/\/frv.com\/de\/services\/frv-x\/#primaryimage\"},\"image\":{\"@id\":\"https:\/\/frv.com\/services\/frv-x\/#primaryimage\"},\"thumbnailUrl\":\"https:\/\/frv.com\/wp-content\/uploads\/2023\/10\/FRV-X.webp\",\"datePublished\":\"2020-11-17T09:06:57+00:00\",\"dateModified\":\"2025-04-29T10:37:33+00:00\",\"description\":\"FRV-X is Fotowatio Renewable Energy technology platform able to create innovative solutions along New Energy Value chain\",\"breadcrumb\":{\"@id\":\"https:\/\/frv.com\/de\/services\/frv-x\/#breadcrumb\"},\"inLanguage\":\"de\",\"potentialAction\":[{\"@type\":\"ReadAction\",\"target\":[[\"https:\/\/frv.com\/de\/services\/frv-x\/\"]]}]},{\"@type\":\"ImageObject\",\"inLanguage\":\"de\",\"@id\":\"https:\/\/frv.com\/de\/services\/frv-x\/#primaryimage\",\"url\":\"https:\/\/frv.com\/wp-content\/uploads\/2023\/10\/FRV-X.webp\",\"contentUrl\":\"https:\/\/frv.com\/wp-content\/uploads\/2023\/10\/FRV-X.webp\",\"width\":1177,\"height\":726},{\"@type\":\"BreadcrumbList\",\"@id\":\"https:\/\/frv.com\/de\/services\/frv-x\/#breadcrumb\",\"itemListElement\":[{\"@type\":\"ListItem\",\"position\":1,\"name\":\"Home\",\"item\":\"https:\/\/frv.com\/de\/\"},{\"@type\":\"ListItem\",\"position\":2,\"name\":\"Servicios\",\"item\":\"https:\/\/frv.com\/de\/servicios\/\"},{\"@type\":\"ListItem\",\"position\":3,\"name\":\"FRV-X\"}]},{\"@type\":\"WebSite\",\"@id\":\"https:\/\/frv.com\/de\/#website\",\"url\":\"https:\/\/frv.com\/de\/\",\"name\":\"FRV\",\"description\":\"The future happens here\",\"potentialAction\":[{\"@type\":\"SearchAction\",\"target\":{\"@type\":\"EntryPoint\",\"urlTemplate\":\"https:\/\/frv.com\/de\/?s={search_term_string}\"},\"query-input\":{\"@type\":\"PropertyValueSpecification\",\"valueRequired\":true,\"valueName\":\"search_term_string\"}}],\"inLanguage\":\"de\"}]}<\/script>\n<!-- \/ Yoast SEO plugin. -->","yoast_head_json":{"title":"FRV-X - Pioneering a better future","description":"FRV-X is Fotowatio Renewable Energy technology platform able to create innovative solutions along New Energy Value chain","robots":{"index":"index","follow":"follow","max-snippet":"max-snippet:-1","max-image-preview":"max-image-preview:large","max-video-preview":"max-video-preview:-1"},"canonical":"https:\/\/frv.com\/de\/services\/frv-x\/","og_locale":"de_DE","og_type":"article","og_title":"FRV-X - Pioneering a better future","og_description":"FRV-X is Fotowatio Renewable Energy technology platform able to create innovative solutions along New Energy Value chain","og_url":"https:\/\/frv.com\/de\/services\/frv-x\/en\/","og_site_name":"FRV","article_publisher":"https:\/\/www.facebook.com\/FRV.Official","article_modified_time":"2025-04-29T10:37:33+00:00","og_image":[{"width":1177,"height":726,"url":"https:\/\/frv.com\/wp-content\/uploads\/2023\/10\/FRV-X.webp","type":"image\/webp"}],"twitter_card":"summary_large_image","twitter_site":"@FotowatioRV","twitter_misc":{"Gesch\u00e4tzte Lesezeit":"1\u00a0Minute"},"schema":{"@context":"https:\/\/schema.org","@graph":[{"@type":"WebPage","@id":"https:\/\/frv.com\/de\/services\/frv-x\/","url":"https:\/\/frv.com\/de\/services\/frv-x\/","name":"FRV-X - Pioneering a better future","isPartOf":{"@id":"https:\/\/frv.com\/de\/#website"},"primaryImageOfPage":{"@id":"https:\/\/frv.com\/de\/services\/frv-x\/#primaryimage"},"image":{"@id":"https:\/\/frv.com\/services\/frv-x\/#primaryimage"},"thumbnailUrl":"https:\/\/frv.com\/wp-content\/uploads\/2023\/10\/FRV-X.webp","datePublished":"2020-11-17T09:06:57+00:00","dateModified":"2025-04-29T10:37:33+00:00","description":"FRV-X is Fotowatio Renewable Energy technology platform able to create innovative solutions along New Energy Value chain","breadcrumb":{"@id":"https:\/\/frv.com\/de\/services\/frv-x\/#breadcrumb"},"inLanguage":"de","potentialAction":[{"@type":"ReadAction","target":[["https:\/\/frv.com\/de\/services\/frv-x\/"]]}]},{"@type":"ImageObject","inLanguage":"de","@id":"https:\/\/frv.com\/de\/services\/frv-x\/#primaryimage","url":"https:\/\/frv.com\/wp-content\/uploads\/2023\/10\/FRV-X.webp","contentUrl":"https:\/\/frv.com\/wp-content\/uploads\/2023\/10\/FRV-X.webp","width":1177,"height":726},{"@type":"BreadcrumbList","@id":"https:\/\/frv.com\/de\/services\/frv-x\/#breadcrumb","itemListElement":[{"@type":"ListItem","position":1,"name":"Home","item":"https:\/\/frv.com\/de\/"},{"@type":"ListItem","position":2,"name":"Servicios","item":"https:\/\/frv.com\/de\/servicios\/"},{"@type":"ListItem","position":3,"name":"FRV-X"}]},{"@type":"WebSite","@id":"https:\/\/frv.com\/de\/#website","url":"https:\/\/frv.com\/de\/","name":"FRV","description":"The future happens here","potentialAction":[{"@type":"SearchAction","target":{"@type":"EntryPoint","urlTemplate":"https:\/\/frv.com\/de\/?s={search_term_string}"},"query-input":{"@type":"PropertyValueSpecification","valueRequired":true,"valueName":"search_term_string"}}],"inLanguage":"de"}]}},"search_content":" <h2 class=\"title\">Was ist FRV-X?<\/h2> <p>Im Jahr 2019 haben wir FRV-X als unsere Technologieplattform gegr\u00fcndet, um innovative L\u00f6sungen entlang der Wertsch\u00f6pfungskette der Neuen Energie zu entwickeln.<\/p> <p>Das FRV-X-Team setzt die Pionierarbeit von FRV fort, indem es innovative Konzepte in den Bereichen Technologie, Dienstleistungen und Gesch\u00e4ftsmodelle identifiziert, erforscht und entwickelt. Praktikable und skalierbare L\u00f6sungen werden hervorgerufen, die den globalen \u00dcbergang zu einem nachhaltigen erneuerbaren Energiemodell vorantreiben.<\/p> <p>FRV-X ist die Innovationseinheit von FRV, in der wir derzeit drei grundlegende S\u00e4ulen haben:\u00a0BTM-Speicher, gr\u00fcner Wasserstoff und neue digitale Modelle<\/p> SliceCreated with Sketch. Gr\u00fcner Wasserstoff und Vektoren<p style=\"text-align: center;\">Projektentwicklung und Gewinnung von Gesch\u00e4ftsm\u00f6glichkeiten<\/p> <p style=\"text-align: center;\">Marktanalyse<\/p> <p style=\"text-align: center;\">Analyse und Design<\/p> <p style=\"text-align: center;\">Finanzierungsmodelle<\/p> ico-9 3Created with Sketch. Hinter dem Z\u00e4hler (BTM)<p style=\"text-align: center;\">Projektentwicklung und Gewinnung von Gesch\u00e4ftsm\u00f6glichkeiten<\/p> <p style=\"text-align: center;\">Marktanalyse<\/p> <p style=\"text-align: center;\">Analyse und Design<\/p> <p style=\"text-align: center;\">Finanzierungsmodelle<\/p> ico-1-649045b5c21c2-pathCreated with Sketch. Neue digitale Gesch\u00e4ftsmodelle<p style=\"text-align: center;\">VPP<\/p> <p style=\"text-align: center;\">Energiegemeinschaften<\/p> <p style=\"text-align: center;\">Aggregatoren<\/p> <p style=\"text-align: center;\">Energie-as-a-Service<\/p> <p style=\"text-align: center;\">Gemeinschaftliches Eigentum<\/p> <p style=\"text-align: center;\">Umlagefinanzierte Modelle<\/p> <p style=\"text-align: center;\">P2P-Stromhandel<\/p> <h2 class=\"title\">Gr\u00fcner Wasserstoff und Vektoren<\/h2> GESCH\u00c4FTSMODELL FRV-X GR\u00dcNER WASSERSTOFF <p>Das Ziel der Energiewende und das Streben nach gr\u00f6\u00dferer Energieunabh\u00e4ngigkeit bedeutet, dass gr\u00fcner Wasserstoff und seine Vektoren wie gr\u00fcnes Ammoniak, neue Gesch\u00e4ftsfelder in Bezug auf Verwendungen und Exporte schaffen.<\/p> FRV-X PIPELINES F\u00dcR GR\u00dcNEN WASSERSTOFF \u2013 KAMINOAN <p>Das Kaminoan-Projekt zielt darauf ab, eine Produktionskapazit\u00e4t von bis zu 20 MW f\u00fcr gr\u00fcnen Wasserstoff bereitzustellen. Die gr\u00fcne H2-Produktionsanlage wird von einer eigenen Photovoltaikanlage neben dem Elektrolyseur und von Strom aus dem gr\u00fcnen Netz (mit Herkunftsnachweisen) in den Stunden versorgt, in denen die Solarressource nicht verf\u00fcgbar ist.<\/p> <p>Ein Teil des gr\u00fcnen Wasserstoffs wird an Mobilit\u00e4tsunternehmen f\u00fcr ihre Flotte von Brennstoffzellenfahrzeugen f\u00fcr den Stra\u00dfeng\u00fcterfernverkehr geliefert. Ein weiterer Teil des Wasserstoffs soll zur Dekarbonisierung industrieller thermischer Prozesse verwendet werden. Auch eine Vermischung ist vorgesehen.<\/p> <p>Extremadura (Spanien) wurde aufgrund seiner hohen Sonneneinstrahlung, der N\u00e4he zu relevanten Autobahnen und der Bedeutung des Landwirtschafts- und Viehzuchtsektors und der Industrie als Standort f\u00fcr das Projekt ausgew\u00e4hlt. Die Entwicklung des Projekts wird dazu beitragen, die Kapazit\u00e4t von Elektrolyseuren und der Wasserstoffverteilungsinfrastruktur zu erh\u00f6hen, die Einf\u00fchrung von Technologien entlang der gesamten Wasserstoff-Wertsch\u00f6pfungskette zu beschleunigen und die Wirtschaft und Industrialisierung eines l\u00e4ndlichen Gebiets Spaniens anzukurbeln.<\/p> <h2 class=\"title\">Hinter dem Z\u00e4hler (BTM)<\/h2> ENSAAS: ENERGIESPEICHERUNG als Service <p>Energy-Storage-as-a-Service (ENSaaS) von FRV-X ist eine ma\u00dfgeschneiderte L\u00f6sung, die speziell f\u00fcr den gewerblichen und industriellen Sektor entwickelt wurde, um den CO2-Fu\u00dfabdruck zu reduzieren und die Energiekosten und die Nachfrage nach Stromrechnungen zu minimieren. Diese L\u00f6sung wird durch eine Kombination aus KI-gesteuerten Energiespeichersystemen und dezentraler erneuerbarer Erzeugung vor Ort erm\u00f6glicht.<\/p> <h2 class=\"title\">Neue digitale Gesch\u00e4ftsmodelle<\/h2> <h1>Innovationsplan &#8211; META-Rahmen<\/h1> <p>&nbsp;<\/p> <p>Unser Innovationsprozess verl\u00e4uft bis zur Einf\u00fchrung in 3 Schritten. Wir beginnen mit der Analyse der M\u00f6glichkeiten, die sich aus der Beobachtung neuer Unternehmen im Energiesektor ergeben.<\/p> <h2 class=\"title\">Ecoligo<\/h2> <p>Finanzierung von Solarprojekten durch Crowdfunding in Entwicklungsl\u00e4ndern.<\/p> <p>FRV-X hat in Ecoligo investiert, einen Anbieter von Impact Investments, der \u201eSolar-as-a-Service-Projekte\u201c in Schwellenl\u00e4ndern umsetzt. Das 2016 gegr\u00fcndete Unternehmen treibt die Energiewende in elf L\u00e4ndern wie Kenia, Vietnam und Chile voran.<\/p> <a class=\"video-button button-secondary\" data-video-url=\"https:\/\/www.youtube.com\/embed\/zL9pEWVTagQ\" data-video-title=\"Ecoligo\" > Play <\/a> <h2 class=\"title\">REDEX<\/h2> <p>Ein Unternehmen, das sich daf\u00fcr einsetzt, den weltweiten \u00dcbergang zu sauberer, gr\u00fcner und erneuerbarer Energie zu beschleunigen.<\/p> <p>Die REDEX Group Pte Ltd bietet innovative technologische L\u00f6sungen an, die es Unternehmen erm\u00f6glichen, erneuerbare Energien mit Leichtigkeit einzuf\u00fchren. Die Gruppe mit Hauptsitz in Singapur entwickelt und betreibt Asiens f\u00fchrende Handelsplattform f\u00fcr Zertifikate f\u00fcr erneuerbare Energien (RECs). REDEX bietet ein \u00d6kosystem f\u00fcr RECs aus einer Hand und unterst\u00fctzt Kunden w\u00e4hrend des gesamten Lebenszyklus von RECs &#8211; Registrierung, Verifizierung, Marktplatz und Stilllegung.<\/p> <a class=\"video-button button-secondary\" data-video-url=\"https:\/\/www.youtube.com\/embed\/qNd0Jf4KEyw\" data-video-title=\"REDEX\" > Play <\/a> <h2 class=\"title\">REDEX<\/h2> ","search_term":"","_links":{"self":[{"href":"https:\/\/frv.com\/de\/wp-json\/wp\/v2\/pages\/14681","targetHints":{"allow":["GET"]}}],"collection":[{"href":"https:\/\/frv.com\/de\/wp-json\/wp\/v2\/pages"}],"about":[{"href":"https:\/\/frv.com\/de\/wp-json\/wp\/v2\/types\/page"}],"author":[{"embeddable":true,"href":"https:\/\/frv.com\/de\/wp-json\/wp\/v2\/users\/1"}],"replies":[{"embeddable":true,"href":"https:\/\/frv.com\/de\/wp-json\/wp\/v2\/comments?post=14681"}],"version-history":[{"count":51,"href":"https:\/\/frv.com\/de\/wp-json\/wp\/v2\/pages\/14681\/revisions"}],"predecessor-version":[{"id":20618,"href":"https:\/\/frv.com\/de\/wp-json\/wp\/v2\/pages\/14681\/revisions\/20618"}],"up":[{"embeddable":true,"href":"https:\/\/frv.com\/de\/wp-json\/wp\/v2\/pages\/15983"}],"wp:featuredmedia":[{"embeddable":true,"href":"https:\/\/frv.com\/de\/wp-json\/wp\/v2\/media\/18222"}],"wp:attachment":[{"href":"https:\/\/frv.com\/de\/wp-json\/wp\/v2\/media?parent=14681"}],"curies":[{"name":"wp","href":"https:\/\/api.w.org\/{rel}","templated":true}]}}