{"id":14679,"date":"2020-11-17T10:05:11","date_gmt":"2020-11-17T09:05:11","guid":{"rendered":"https:\/\/frv.com\/en\/?page_id=14679"},"modified":"2022-12-12T09:34:26","modified_gmt":"2022-12-12T08:34:26","slug":"asset-managet","status":"publish","type":"page","link":"https:\/\/frv.com\/de\/services\/asset-managet\/","title":{"rendered":"Asset Management"},"content":{"rendered":"","protected":false},"excerpt":{"rendered":"","protected":false},"author":1,"featured_media":0,"parent":15983,"menu_order":3,"comment_status":"closed","ping_status":"closed","template":"","meta":{"_acf_changed":false,"footnotes":""},"class_list":["post-14679","page","type-page","status-publish","hentry"],"acf":[],"yoast_head":"<!-- This site is optimized with the Yoast SEO plugin v26.7 - https:\/\/yoast.com\/wordpress\/plugins\/seo\/ -->\n<title>Asset Management - FRV<\/title>\n<meta name=\"robots\" content=\"index, follow, max-snippet:-1, max-image-preview:large, max-video-preview:-1\" \/>\n<link rel=\"canonical\" href=\"https:\/\/frv.com\/de\/servicios\/asset-managet\/\" \/>\n<meta property=\"og:locale\" content=\"de_DE\" \/>\n<meta property=\"og:type\" content=\"article\" \/>\n<meta property=\"og:title\" content=\"Asset Management - FRV\" \/>\n<meta property=\"og:url\" content=\"https:\/\/frv.com\/de\/servicios\/asset-managet\/en\/\" \/>\n<meta property=\"og:site_name\" content=\"FRV\" \/>\n<meta property=\"article:publisher\" content=\"https:\/\/www.facebook.com\/FRV.Official\" \/>\n<meta property=\"article:modified_time\" content=\"2022-12-12T08:34:26+00:00\" \/>\n<meta property=\"og:image\" content=\"https:\/\/frv.com\/wp-content\/uploads\/2021\/04\/curiosidad-scaled.jpg\" \/>\n\t<meta property=\"og:image:width\" content=\"2560\" \/>\n\t<meta property=\"og:image:height\" content=\"1707\" \/>\n\t<meta property=\"og:image:type\" content=\"image\/jpeg\" \/>\n<meta name=\"twitter:card\" content=\"summary_large_image\" \/>\n<meta name=\"twitter:site\" content=\"@FotowatioRV\" \/>\n<script type=\"application\/ld+json\" class=\"yoast-schema-graph\">{\"@context\":\"https:\/\/schema.org\",\"@graph\":[{\"@type\":\"WebPage\",\"@id\":\"https:\/\/frv.com\/de\/servicios\/asset-managet\/\",\"url\":\"https:\/\/frv.com\/de\/servicios\/asset-managet\/\",\"name\":\"Asset Management - FRV\",\"isPartOf\":{\"@id\":\"https:\/\/frv.com\/de\/#website\"},\"datePublished\":\"2020-11-17T09:05:11+00:00\",\"dateModified\":\"2022-12-12T08:34:26+00:00\",\"breadcrumb\":{\"@id\":\"https:\/\/frv.com\/de\/servicios\/asset-managet\/#breadcrumb\"},\"inLanguage\":\"de\",\"potentialAction\":[{\"@type\":\"ReadAction\",\"target\":[[\"https:\/\/frv.com\/de\/servicios\/asset-managet\/\"]]}]},{\"@type\":\"BreadcrumbList\",\"@id\":\"https:\/\/frv.com\/de\/servicios\/asset-managet\/#breadcrumb\",\"itemListElement\":[{\"@type\":\"ListItem\",\"position\":1,\"name\":\"Home\",\"item\":\"https:\/\/frv.com\/de\/\"},{\"@type\":\"ListItem\",\"position\":2,\"name\":\"Servicios\",\"item\":\"https:\/\/frv.com\/de\/servicios\/\"},{\"@type\":\"ListItem\",\"position\":3,\"name\":\"Asset Management\"}]},{\"@type\":\"WebSite\",\"@id\":\"https:\/\/frv.com\/de\/#website\",\"url\":\"https:\/\/frv.com\/de\/\",\"name\":\"FRV\",\"description\":\"The future happens here\",\"potentialAction\":[{\"@type\":\"SearchAction\",\"target\":{\"@type\":\"EntryPoint\",\"urlTemplate\":\"https:\/\/frv.com\/de\/?s={search_term_string}\"},\"query-input\":{\"@type\":\"PropertyValueSpecification\",\"valueRequired\":true,\"valueName\":\"search_term_string\"}}],\"inLanguage\":\"de\"}]}<\/script>\n<!-- \/ Yoast SEO plugin. -->","yoast_head_json":{"title":"Asset Management - FRV","robots":{"index":"index","follow":"follow","max-snippet":"max-snippet:-1","max-image-preview":"max-image-preview:large","max-video-preview":"max-video-preview:-1"},"canonical":"https:\/\/frv.com\/de\/servicios\/asset-managet\/","og_locale":"de_DE","og_type":"article","og_title":"Asset Management - FRV","og_url":"https:\/\/frv.com\/de\/servicios\/asset-managet\/en\/","og_site_name":"FRV","article_publisher":"https:\/\/www.facebook.com\/FRV.Official","article_modified_time":"2022-12-12T08:34:26+00:00","og_image":[{"width":2560,"height":1707,"url":"https:\/\/frv.com\/wp-content\/uploads\/2021\/04\/curiosidad-scaled.jpg","type":"image\/jpeg"}],"twitter_card":"summary_large_image","twitter_site":"@FotowatioRV","schema":{"@context":"https:\/\/schema.org","@graph":[{"@type":"WebPage","@id":"https:\/\/frv.com\/de\/servicios\/asset-managet\/","url":"https:\/\/frv.com\/de\/servicios\/asset-managet\/","name":"Asset Management - FRV","isPartOf":{"@id":"https:\/\/frv.com\/de\/#website"},"datePublished":"2020-11-17T09:05:11+00:00","dateModified":"2022-12-12T08:34:26+00:00","breadcrumb":{"@id":"https:\/\/frv.com\/de\/servicios\/asset-managet\/#breadcrumb"},"inLanguage":"de","potentialAction":[{"@type":"ReadAction","target":[["https:\/\/frv.com\/de\/servicios\/asset-managet\/"]]}]},{"@type":"BreadcrumbList","@id":"https:\/\/frv.com\/de\/servicios\/asset-managet\/#breadcrumb","itemListElement":[{"@type":"ListItem","position":1,"name":"Home","item":"https:\/\/frv.com\/de\/"},{"@type":"ListItem","position":2,"name":"Servicios","item":"https:\/\/frv.com\/de\/servicios\/"},{"@type":"ListItem","position":3,"name":"Asset Management"}]},{"@type":"WebSite","@id":"https:\/\/frv.com\/de\/#website","url":"https:\/\/frv.com\/de\/","name":"FRV","description":"The future happens here","potentialAction":[{"@type":"SearchAction","target":{"@type":"EntryPoint","urlTemplate":"https:\/\/frv.com\/de\/?s={search_term_string}"},"query-input":{"@type":"PropertyValueSpecification","valueRequired":true,"valueName":"search_term_string"}}],"inLanguage":"de"}]}},"search_content":" <h2 class=\"title\">Umfassender Support<\/h2> <p>Unsere Dienstleistungsunternehmen koordinieren die Verwaltung der im Betrieb befindlichen Anlagen und gew\u00e4hrleisten die Einhaltung aller relevanten Vorschriften. Zus\u00e4tzlich sorgen sie f\u00fcr ein reibungsloses Projekt- und Stakeholdermanagement.<\/p> <h2 class=\"title\">Dienstleistungen<\/h2> <h3 class=\"item-title\">Asset Management<\/h3> PROJEKTMANAGEMENT <p>Wir verwalten alle relevanten Vertragsprozesse, wie zum Beispiel Betriebs- und Wartungsvertr\u00e4ge, Vertr\u00e4ge mit Dritten, Versicherungen sowie Kontroll- und \u00dcberwachungsdienste.<\/p> MONITORING <p>Wir behalten alle O&#038;M-Aktivit\u00e4ten im Blick und erstatten regelm\u00e4\u00dfig Bericht an alle relevanten Stakeholder-Gruppen.<\/p> INTERESSENVERTRETUNG <p>Wir bauen langanhaltende Beziehungen zu den wichtigsten nationalen und lokalen Beh\u00f6rden auf, um alle erforderlichen Betriebsgenehmigungen zu erhalten.<\/p> <h3 class=\"item-title\">Betrieb und Wartung<\/h3> TECHNISCHES MONITORING <p>Mithilfe unseres hochmodernen Monitoring-Systems \u00fcberwachen wir unsere Anlagen rund um die Uhr.<\/p> DATENBASIERTE OPTIMIERUNG <p>Basierend auf der st\u00e4ndigen Auswertung von Entwicklungsdaten verbessern wir laufend unsere Prozesse und Vertragsstrukturen und gew\u00e4hrleisten so die h\u00f6chstm\u00f6glichen Qualit\u00e4ts- und Leistungsstandards.<\/p> INSTANDHALTUNG <p>Wir warten unsere Anlagen vorausschauend und vorbeugend. Falls trotzdem Reparaturen anfallen sollten, greifen wir korrigierend ein.<\/p> ","search_term":"","_links":{"self":[{"href":"https:\/\/frv.com\/de\/wp-json\/wp\/v2\/pages\/14679","targetHints":{"allow":["GET"]}}],"collection":[{"href":"https:\/\/frv.com\/de\/wp-json\/wp\/v2\/pages"}],"about":[{"href":"https:\/\/frv.com\/de\/wp-json\/wp\/v2\/types\/page"}],"author":[{"embeddable":true,"href":"https:\/\/frv.com\/de\/wp-json\/wp\/v2\/users\/1"}],"replies":[{"embeddable":true,"href":"https:\/\/frv.com\/de\/wp-json\/wp\/v2\/comments?post=14679"}],"version-history":[{"count":15,"href":"https:\/\/frv.com\/de\/wp-json\/wp\/v2\/pages\/14679\/revisions"}],"predecessor-version":[{"id":17193,"href":"https:\/\/frv.com\/de\/wp-json\/wp\/v2\/pages\/14679\/revisions\/17193"}],"up":[{"embeddable":true,"href":"https:\/\/frv.com\/de\/wp-json\/wp\/v2\/pages\/15983"}],"wp:attachment":[{"href":"https:\/\/frv.com\/de\/wp-json\/wp\/v2\/media?parent=14679"}],"curies":[{"name":"wp","href":"https:\/\/api.w.org\/{rel}","templated":true}]}}