{"id":14677,"date":"2020-11-17T10:04:13","date_gmt":"2020-11-17T09:04:13","guid":{"rendered":"https:\/\/frv.com\/en\/?page_id=14677"},"modified":"2024-05-14T16:22:30","modified_gmt":"2024-05-14T14:22:30","slug":"om","status":"publish","type":"page","link":"https:\/\/frv.com\/de\/services\/om\/","title":{"rendered":"Betrieb und Wartung"},"content":{"rendered":"","protected":false},"excerpt":{"rendered":"","protected":false},"author":1,"featured_media":16639,"parent":15983,"menu_order":2,"comment_status":"closed","ping_status":"closed","template":"","meta":{"_acf_changed":false,"footnotes":""},"class_list":["post-14677","page","type-page","status-publish","has-post-thumbnail","hentry"],"acf":[],"yoast_head":"<!-- This site is optimized with the Yoast SEO plugin v26.7 - https:\/\/yoast.com\/wordpress\/plugins\/seo\/ -->\n<title>Operation &amp; maintenance - FRV<\/title>\n<meta name=\"robots\" content=\"index, follow, max-snippet:-1, max-image-preview:large, max-video-preview:-1\" \/>\n<link rel=\"canonical\" href=\"https:\/\/frv.com\/de\/services\/om\/\" \/>\n<meta property=\"og:locale\" content=\"de_DE\" \/>\n<meta property=\"og:type\" content=\"article\" \/>\n<meta property=\"og:title\" content=\"Operation &amp; maintenance - FRV\" \/>\n<meta property=\"og:url\" content=\"https:\/\/frv.com\/de\/services\/om\/en\/\" \/>\n<meta property=\"og:site_name\" content=\"FRV\" \/>\n<meta property=\"article:publisher\" content=\"https:\/\/www.facebook.com\/FRV.Official\" \/>\n<meta property=\"article:modified_time\" content=\"2024-05-14T14:22:30+00:00\" \/>\n<meta property=\"og:image\" content=\"https:\/\/frv.com\/wp-content\/uploads\/2021\/09\/details-12.jpg\" \/>\n\t<meta property=\"og:image:width\" content=\"626\" \/>\n\t<meta property=\"og:image:height\" content=\"547\" \/>\n\t<meta property=\"og:image:type\" content=\"image\/jpeg\" \/>\n<meta name=\"twitter:card\" content=\"summary_large_image\" \/>\n<meta name=\"twitter:image\" content=\"https:\/\/frv.com\/wp-content\/uploads\/2021\/09\/details-12.jpg\" \/>\n<meta name=\"twitter:site\" content=\"@FotowatioRV\" \/>\n<meta name=\"twitter:label1\" content=\"Gesch\u00e4tzte Lesezeit\" \/>\n\t<meta name=\"twitter:data1\" content=\"1\u00a0Minute\" \/>\n<script type=\"application\/ld+json\" class=\"yoast-schema-graph\">{\"@context\":\"https:\/\/schema.org\",\"@graph\":[{\"@type\":\"WebPage\",\"@id\":\"https:\/\/frv.com\/de\/services\/om\/\",\"url\":\"https:\/\/frv.com\/de\/services\/om\/\",\"name\":\"Betrieb und Wartung - FRV\",\"isPartOf\":{\"@id\":\"https:\/\/frv.com\/de\/#website\"},\"primaryImageOfPage\":{\"@id\":\"https:\/\/frv.com\/de\/services\/om\/#primaryimage\"},\"image\":{\"@id\":\"https:\/\/frv.com\/services\/om\/#primaryimage\"},\"thumbnailUrl\":\"https:\/\/frv.com\/wp-content\/uploads\/2021\/09\/details-12.jpg\",\"datePublished\":\"2020-11-17T09:04:13+00:00\",\"dateModified\":\"2024-05-14T14:22:30+00:00\",\"breadcrumb\":{\"@id\":\"https:\/\/frv.com\/de\/services\/om\/#breadcrumb\"},\"inLanguage\":\"de\",\"potentialAction\":[{\"@type\":\"ReadAction\",\"target\":[[\"https:\/\/frv.com\/de\/services\/om\/\"]]}]},{\"@type\":\"ImageObject\",\"inLanguage\":\"de\",\"@id\":\"https:\/\/frv.com\/de\/services\/om\/#primaryimage\",\"url\":\"https:\/\/frv.com\/wp-content\/uploads\/2021\/09\/details-12.jpg\",\"contentUrl\":\"https:\/\/frv.com\/wp-content\/uploads\/2021\/09\/details-12.jpg\",\"width\":626,\"height\":547},{\"@type\":\"BreadcrumbList\",\"@id\":\"https:\/\/frv.com\/de\/services\/om\/#breadcrumb\",\"itemListElement\":[{\"@type\":\"ListItem\",\"position\":1,\"name\":\"Home\",\"item\":\"https:\/\/frv.com\/de\/\"},{\"@type\":\"ListItem\",\"position\":2,\"name\":\"Servicios\",\"item\":\"https:\/\/frv.com\/de\/servicios\/\"},{\"@type\":\"ListItem\",\"position\":3,\"name\":\"Operaci\u00f3n y Mantenimiento\"}]},{\"@type\":\"WebSite\",\"@id\":\"https:\/\/frv.com\/de\/#website\",\"url\":\"https:\/\/frv.com\/de\/\",\"name\":\"FRV\",\"description\":\"The future happens here\",\"potentialAction\":[{\"@type\":\"SearchAction\",\"target\":{\"@type\":\"EntryPoint\",\"urlTemplate\":\"https:\/\/frv.com\/de\/?s={search_term_string}\"},\"query-input\":{\"@type\":\"PropertyValueSpecification\",\"valueRequired\":true,\"valueName\":\"search_term_string\"}}],\"inLanguage\":\"de\"}]}<\/script>\n<!-- \/ Yoast SEO plugin. -->","yoast_head_json":{"title":"Operation & maintenance - FRV","robots":{"index":"index","follow":"follow","max-snippet":"max-snippet:-1","max-image-preview":"max-image-preview:large","max-video-preview":"max-video-preview:-1"},"canonical":"https:\/\/frv.com\/de\/services\/om\/","og_locale":"de_DE","og_type":"article","og_title":"Operation & maintenance - FRV","og_url":"https:\/\/frv.com\/de\/services\/om\/en\/","og_site_name":"FRV","article_publisher":"https:\/\/www.facebook.com\/FRV.Official","article_modified_time":"2024-05-14T14:22:30+00:00","og_image":[{"width":626,"height":547,"url":"https:\/\/frv.com\/wp-content\/uploads\/2021\/09\/details-12.jpg","type":"image\/jpeg"}],"twitter_card":"summary_large_image","twitter_image":"https:\/\/frv.com\/wp-content\/uploads\/2021\/09\/details-12.jpg","twitter_site":"@FotowatioRV","twitter_misc":{"Gesch\u00e4tzte Lesezeit":"1\u00a0Minute"},"schema":{"@context":"https:\/\/schema.org","@graph":[{"@type":"WebPage","@id":"https:\/\/frv.com\/de\/services\/om\/","url":"https:\/\/frv.com\/de\/services\/om\/","name":"Betrieb und Wartung - FRV","isPartOf":{"@id":"https:\/\/frv.com\/de\/#website"},"primaryImageOfPage":{"@id":"https:\/\/frv.com\/de\/services\/om\/#primaryimage"},"image":{"@id":"https:\/\/frv.com\/services\/om\/#primaryimage"},"thumbnailUrl":"https:\/\/frv.com\/wp-content\/uploads\/2021\/09\/details-12.jpg","datePublished":"2020-11-17T09:04:13+00:00","dateModified":"2024-05-14T14:22:30+00:00","breadcrumb":{"@id":"https:\/\/frv.com\/de\/services\/om\/#breadcrumb"},"inLanguage":"de","potentialAction":[{"@type":"ReadAction","target":[["https:\/\/frv.com\/de\/services\/om\/"]]}]},{"@type":"ImageObject","inLanguage":"de","@id":"https:\/\/frv.com\/de\/services\/om\/#primaryimage","url":"https:\/\/frv.com\/wp-content\/uploads\/2021\/09\/details-12.jpg","contentUrl":"https:\/\/frv.com\/wp-content\/uploads\/2021\/09\/details-12.jpg","width":626,"height":547},{"@type":"BreadcrumbList","@id":"https:\/\/frv.com\/de\/services\/om\/#breadcrumb","itemListElement":[{"@type":"ListItem","position":1,"name":"Home","item":"https:\/\/frv.com\/de\/"},{"@type":"ListItem","position":2,"name":"Servicios","item":"https:\/\/frv.com\/de\/servicios\/"},{"@type":"ListItem","position":3,"name":"Operaci\u00f3n y Mantenimiento"}]},{"@type":"WebSite","@id":"https:\/\/frv.com\/de\/#website","url":"https:\/\/frv.com\/de\/","name":"FRV","description":"The future happens here","potentialAction":[{"@type":"SearchAction","target":{"@type":"EntryPoint","urlTemplate":"https:\/\/frv.com\/de\/?s={search_term_string}"},"query-input":{"@type":"PropertyValueSpecification","valueRequired":true,"valueName":"search_term_string"}}],"inLanguage":"de"}]}},"search_content":" <h2 class=\"title\">Umfassende Dienstleistungen<\/h2> <a href=\"https:\/\/frv.com\/wp-content\/uploads\/2023\/01\/FRV_OM-Brochure-2023.pdf\" target=\"_blank\" class=\"text-link icon-link\" role=\"button\"> VOLLST\u00c4NDIGEN LEISTUNGSKATALOG HERUNTERLADEN<\/a> SliceCreated with Sketch. <h3 class=\"item-title\">\u00dcberwachung<\/h3> <p>Echtzeit-\u00dcberwachung<\/p> <p>Prognose und Planung<\/p> <p>HSE-Managementsystem, Statistiken und Datenbank<\/p> SliceCreated with Sketch. <h3 class=\"item-title\">Datenanalyse<\/h3> <p>Monatliche Leistungsberichte und -analysen<\/p> <p>Jahresbericht<\/p> <p>Sch\u00e4tzung zur Energieerzeugung<\/p> <p>Berechnungen von PR, AVA<\/p> SliceCreated with Sketch. <h3 class=\"item-title\">Instandhaltung<\/h3> <p>Instandhaltung von Anlagen (DC, MV, MH)<\/p> <p>Verfahren<\/p> <p>Ersatzteile<\/p> <p>Sicherheit<\/p> SliceCreated with Sketch. <h3 class=\"item-title\">Zusatzleistungen<\/h3> <p>Modulreinigung<\/p> <p>Vegetationskontrolle<\/p> <p>Kontrolle von Pestiziden<\/p> <p>HVAC<\/p> <p>Wartung des Generators<\/p> <h2 class=\"title\">Vorteile unserer globalen Erfahrung<\/h2> <h3 class=\"item-title\">Der Wert unserer Assets<\/h3> <p>Wir gew\u00e4hrleisten maximale Verf\u00fcgbarkeit, Leistung, ROI, LCOE und Compliance.<\/p> <h3 class=\"item-title\">Ein starkes Netz<\/h3> <p>FRV verf\u00fcgt \u00fcber umfangreiche Erfahrungen mit verschiedenen Photovoltaikprojekten weltweit und unterh\u00e4lt enge Beziehungen zu f\u00fchrenden Lieferanten und Subunternehmen aus der Solarbranche.<\/p> <h3 class=\"item-title\">Unsere Beziehung zu Beh\u00f6rden<\/h3> <p>In den L\u00e4ndern, in denen wir t\u00e4tig sind, kennen wir alle relevanten Gesetze und Vorschriften in den Bereichen Umweltschutz und Stromversorgung.<\/p> <h2 class=\"title\">Vorteile unserer globalen Erfahrung<\/h2> <p>FRV kennt die geltenden Vertr\u00e4ge und Vereinbarungen und kann so das beste Ergebnis f\u00fcr Projekteigner und Geldgeber garantieren.<\/p> SliceCreated with Sketch. <p>FRV kennt die einschl\u00e4gige Gesetzgebung: Durch unsere Erfahrung im Bereich Compliance navigieren wir alle Projekte sicher durch lokale Gesetze und Vorschriften.<\/p> SliceCreated with Sketch. <p>Unser O&amp;M-Leistungsangebot umfasst Monitoring, pr\u00e4ventive und korrigierende Wartungsarbeiten, Ersatzteilmanagement, Management von Garantieanspr\u00fcchen sowie weitere erg\u00e4nzende Dienstleistungen.<\/p> SliceCreated with Sketch. <p>Durch unsere langj\u00e4hrige Erfahrung in allen Bauphasen von Photovoltaikanlagen unterhalten wir enge Beziehungen zu Lieferanten und Subunternehmen aus der Solarbranche.<\/p> SliceCreated with Sketch. <p>FRVs Serviceangebot zu Betrieb und Wartung gew\u00e4hrleistet maximale Verf\u00fcgbarkeit, Leistungsf\u00e4higkeit, ROI, LCOE und Compliance.<\/p> SliceCreated with Sketch. <p>Die O&amp;M-Leistungen von FRV bieten umfassende L\u00f6sungen zur optimalen Energieerzeugung, die den langfristigen Wert einer Anlage steigern.<\/p> SliceCreated with Sketch. \u2039 \u203a 0106<p>FRV kennt die geltenden Vertr\u00e4ge und Vereinbarungen und kann so das beste Ergebnis f\u00fcr Projekteigner und Geldgeber garantieren.<\/p> SliceCreated with Sketch. 0206<p>FRV kennt die einschl\u00e4gige Gesetzgebung: Durch unsere Erfahrung im Bereich Compliance navigieren wir alle Projekte sicher durch lokale Gesetze und Vorschriften.<\/p> SliceCreated with Sketch. 0306<p>Unser O&amp;M-Leistungsangebot umfasst Monitoring, pr\u00e4ventive und korrigierende Wartungsarbeiten, Ersatzteilmanagement, Management von Garantieanspr\u00fcchen sowie weitere erg\u00e4nzende Dienstleistungen.<\/p> SliceCreated with Sketch. 0406<p>Durch unsere langj\u00e4hrige Erfahrung in allen Bauphasen von Photovoltaikanlagen unterhalten wir enge Beziehungen zu Lieferanten und Subunternehmen aus der Solarbranche.<\/p> SliceCreated with Sketch. 0506<p>FRVs Serviceangebot zu Betrieb und Wartung gew\u00e4hrleistet maximale Verf\u00fcgbarkeit, Leistungsf\u00e4higkeit, ROI, LCOE und Compliance.<\/p> SliceCreated with Sketch. 0606<p>Die O&amp;M-Leistungen von FRV bieten umfassende L\u00f6sungen zur optimalen Energieerzeugung, die den langfristigen Wert einer Anlage steigern.<\/p> SliceCreated with Sketch. ","search_term":"","_links":{"self":[{"href":"https:\/\/frv.com\/de\/wp-json\/wp\/v2\/pages\/14677","targetHints":{"allow":["GET"]}}],"collection":[{"href":"https:\/\/frv.com\/de\/wp-json\/wp\/v2\/pages"}],"about":[{"href":"https:\/\/frv.com\/de\/wp-json\/wp\/v2\/types\/page"}],"author":[{"embeddable":true,"href":"https:\/\/frv.com\/de\/wp-json\/wp\/v2\/users\/1"}],"replies":[{"embeddable":true,"href":"https:\/\/frv.com\/de\/wp-json\/wp\/v2\/comments?post=14677"}],"version-history":[{"count":24,"href":"https:\/\/frv.com\/de\/wp-json\/wp\/v2\/pages\/14677\/revisions"}],"predecessor-version":[{"id":19007,"href":"https:\/\/frv.com\/de\/wp-json\/wp\/v2\/pages\/14677\/revisions\/19007"}],"up":[{"embeddable":true,"href":"https:\/\/frv.com\/de\/wp-json\/wp\/v2\/pages\/15983"}],"wp:featuredmedia":[{"embeddable":true,"href":"https:\/\/frv.com\/de\/wp-json\/wp\/v2\/media\/16639"}],"wp:attachment":[{"href":"https:\/\/frv.com\/de\/wp-json\/wp\/v2\/media?parent=14677"}],"curies":[{"name":"wp","href":"https:\/\/api.w.org\/{rel}","templated":true}]}}