{"id":14675,"date":"2020-11-17T10:03:45","date_gmt":"2020-11-17T09:03:45","guid":{"rendered":"https:\/\/frv.com\/en\/?page_id=14675"},"modified":"2023-01-16T09:58:51","modified_gmt":"2023-01-16T08:58:51","slug":"expertise","status":"publish","type":"page","link":"https:\/\/frv.com\/de\/services\/expertise\/","title":{"rendered":"Expertise"},"content":{"rendered":"","protected":false},"excerpt":{"rendered":"","protected":false},"author":1,"featured_media":16369,"parent":15983,"menu_order":1,"comment_status":"closed","ping_status":"closed","template":"","meta":{"_acf_changed":false,"footnotes":""},"class_list":["post-14675","page","type-page","status-publish","has-post-thumbnail","hentry"],"acf":[],"yoast_head":"<!-- This site is optimized with the Yoast SEO plugin v26.7 - https:\/\/yoast.com\/wordpress\/plugins\/seo\/ -->\n<title>Expertise - FRV<\/title>\n<meta name=\"robots\" content=\"index, follow, max-snippet:-1, max-image-preview:large, max-video-preview:-1\" \/>\n<link rel=\"canonical\" href=\"https:\/\/frv.com\/de\/services\/expertise\/\" \/>\n<meta property=\"og:locale\" content=\"de_DE\" \/>\n<meta property=\"og:type\" content=\"article\" \/>\n<meta property=\"og:title\" content=\"Expertise - FRV\" \/>\n<meta property=\"og:url\" content=\"https:\/\/frv.com\/de\/services\/expertise\/en\/\" \/>\n<meta property=\"og:site_name\" content=\"FRV\" \/>\n<meta property=\"article:publisher\" content=\"https:\/\/www.facebook.com\/FRV.Official\" \/>\n<meta property=\"article:modified_time\" content=\"2023-01-16T08:58:51+00:00\" \/>\n<meta property=\"og:image\" content=\"https:\/\/frv.com\/wp-content\/uploads\/2021\/04\/team-scaled.jpg\" \/>\n\t<meta property=\"og:image:width\" content=\"1696\" \/>\n\t<meta property=\"og:image:height\" content=\"2560\" \/>\n\t<meta property=\"og:image:type\" content=\"image\/jpeg\" \/>\n<meta name=\"twitter:card\" content=\"summary_large_image\" \/>\n<meta name=\"twitter:site\" content=\"@FotowatioRV\" \/>\n<script type=\"application\/ld+json\" class=\"yoast-schema-graph\">{\"@context\":\"https:\/\/schema.org\",\"@graph\":[{\"@type\":\"WebPage\",\"@id\":\"https:\/\/frv.com\/de\/services\/expertise\/\",\"url\":\"https:\/\/frv.com\/de\/services\/expertise\/\",\"name\":\"Expertise - FRV\",\"isPartOf\":{\"@id\":\"https:\/\/frv.com\/de\/#website\"},\"primaryImageOfPage\":{\"@id\":\"https:\/\/frv.com\/de\/services\/expertise\/#primaryimage\"},\"image\":{\"@id\":\"https:\/\/frv.com\/services\/expertise\/#primaryimage\"},\"thumbnailUrl\":\"https:\/\/frv.com\/wp-content\/uploads\/2021\/04\/team-scaled.jpg\",\"datePublished\":\"2020-11-17T09:03:45+00:00\",\"dateModified\":\"2023-01-16T08:58:51+00:00\",\"breadcrumb\":{\"@id\":\"https:\/\/frv.com\/de\/services\/expertise\/#breadcrumb\"},\"inLanguage\":\"de\",\"potentialAction\":[{\"@type\":\"ReadAction\",\"target\":[[\"https:\/\/frv.com\/de\/services\/expertise\/\"]]}]},{\"@type\":\"ImageObject\",\"inLanguage\":\"de\",\"@id\":\"https:\/\/frv.com\/de\/services\/expertise\/#primaryimage\",\"url\":\"https:\/\/frv.com\/wp-content\/uploads\/2021\/04\/team-scaled.jpg\",\"contentUrl\":\"https:\/\/frv.com\/wp-content\/uploads\/2021\/04\/team-scaled.jpg\",\"width\":1696,\"height\":2560},{\"@type\":\"BreadcrumbList\",\"@id\":\"https:\/\/frv.com\/de\/services\/expertise\/#breadcrumb\",\"itemListElement\":[{\"@type\":\"ListItem\",\"position\":1,\"name\":\"Home\",\"item\":\"https:\/\/frv.com\/de\/\"},{\"@type\":\"ListItem\",\"position\":2,\"name\":\"Servicios\",\"item\":\"https:\/\/frv.com\/de\/servicios\/\"},{\"@type\":\"ListItem\",\"position\":3,\"name\":\"Expertise\"}]},{\"@type\":\"WebSite\",\"@id\":\"https:\/\/frv.com\/de\/#website\",\"url\":\"https:\/\/frv.com\/de\/\",\"name\":\"FRV\",\"description\":\"The future happens here\",\"potentialAction\":[{\"@type\":\"SearchAction\",\"target\":{\"@type\":\"EntryPoint\",\"urlTemplate\":\"https:\/\/frv.com\/de\/?s={search_term_string}\"},\"query-input\":{\"@type\":\"PropertyValueSpecification\",\"valueRequired\":true,\"valueName\":\"search_term_string\"}}],\"inLanguage\":\"de\"}]}<\/script>\n<!-- \/ Yoast SEO plugin. -->","yoast_head_json":{"title":"Expertise - FRV","robots":{"index":"index","follow":"follow","max-snippet":"max-snippet:-1","max-image-preview":"max-image-preview:large","max-video-preview":"max-video-preview:-1"},"canonical":"https:\/\/frv.com\/de\/services\/expertise\/","og_locale":"de_DE","og_type":"article","og_title":"Expertise - FRV","og_url":"https:\/\/frv.com\/de\/services\/expertise\/en\/","og_site_name":"FRV","article_publisher":"https:\/\/www.facebook.com\/FRV.Official","article_modified_time":"2023-01-16T08:58:51+00:00","og_image":[{"width":1696,"height":2560,"url":"https:\/\/frv.com\/wp-content\/uploads\/2021\/04\/team-scaled.jpg","type":"image\/jpeg"}],"twitter_card":"summary_large_image","twitter_site":"@FotowatioRV","schema":{"@context":"https:\/\/schema.org","@graph":[{"@type":"WebPage","@id":"https:\/\/frv.com\/de\/services\/expertise\/","url":"https:\/\/frv.com\/de\/services\/expertise\/","name":"Expertise - FRV","isPartOf":{"@id":"https:\/\/frv.com\/de\/#website"},"primaryImageOfPage":{"@id":"https:\/\/frv.com\/de\/services\/expertise\/#primaryimage"},"image":{"@id":"https:\/\/frv.com\/services\/expertise\/#primaryimage"},"thumbnailUrl":"https:\/\/frv.com\/wp-content\/uploads\/2021\/04\/team-scaled.jpg","datePublished":"2020-11-17T09:03:45+00:00","dateModified":"2023-01-16T08:58:51+00:00","breadcrumb":{"@id":"https:\/\/frv.com\/de\/services\/expertise\/#breadcrumb"},"inLanguage":"de","potentialAction":[{"@type":"ReadAction","target":[["https:\/\/frv.com\/de\/services\/expertise\/"]]}]},{"@type":"ImageObject","inLanguage":"de","@id":"https:\/\/frv.com\/de\/services\/expertise\/#primaryimage","url":"https:\/\/frv.com\/wp-content\/uploads\/2021\/04\/team-scaled.jpg","contentUrl":"https:\/\/frv.com\/wp-content\/uploads\/2021\/04\/team-scaled.jpg","width":1696,"height":2560},{"@type":"BreadcrumbList","@id":"https:\/\/frv.com\/de\/services\/expertise\/#breadcrumb","itemListElement":[{"@type":"ListItem","position":1,"name":"Home","item":"https:\/\/frv.com\/de\/"},{"@type":"ListItem","position":2,"name":"Servicios","item":"https:\/\/frv.com\/de\/servicios\/"},{"@type":"ListItem","position":3,"name":"Expertise"}]},{"@type":"WebSite","@id":"https:\/\/frv.com\/de\/#website","url":"https:\/\/frv.com\/de\/","name":"FRV","description":"The future happens here","potentialAction":[{"@type":"SearchAction","target":{"@type":"EntryPoint","urlTemplate":"https:\/\/frv.com\/de\/?s={search_term_string}"},"query-input":{"@type":"PropertyValueSpecification","valueRequired":true,"valueName":"search_term_string"}}],"inLanguage":"de"}]}},"search_content":" <h2 class=\"title\">Ein Schl\u00fcsselakteur f\u00fcr die Zukunft der Energiewirtschaft<\/h2> <p>Seit mehr als 15 Jahren denken wir Energiewertsch\u00f6pfung neu. Indem wir unsere vision\u00e4ren L\u00f6sungen in die Tat umsetzen, arbeiten wir schon heute an einer besseren Zukunft. Wir wollen die weltweite Wende hin zu nachhaltiger Energie anf\u00fchren. Deshalb haben wir in den vergangenen Jahren unsere Wachstumsstrategie beschleunigt und uns von einem reinen Projektentwickler zu einem unabh\u00e4ngigen Stromerzeuger gewandelt und eine Vorreiterrolle im Bereich der Batterie-Energiespeicherl\u00f6sungen (BESS) auf der ganzen Welt.<\/p> <p> Um unsere Vision einer besseren Zukunft in die Tat umzusetzen, investieren wir in eine moderne Infrastruktur und vision\u00e4re Ideen. Wichtiger Treiber dieses Prozesses ist unsere Denkfabrik FRV-X. <\/p> <p>&nbsp;<\/p> <p> Die Realisierung unserer langfristigen Ziele finanzieren wir mit Ertr\u00e4gen aus unseren Projekten, Beitr\u00e4gen unserer Aktion\u00e4re und der regelm\u00e4\u00dfigen Rotation von Verm\u00f6genswerten durch den Verkauf von Minderheitsbeteiligungen.<\/p> <h3 class=\"featured-text text-left aligned col-ui-primary colored\">FRV: Vom Projektentwickler zum unabh\u00e4ngigen Stromerzeuger<\/h3> <p> In den kommenden vier Jahren planen wir, mehr als 1,5 Milliarden USD in den Ausbau von Infrastruktur zu investieren. Wir wollen so die globale Gesamtkapazit\u00e4t der von uns installierten Projekte von 2 GW (2021) auf 5 GW (2025) verdoppeln.<\/p> <p>&nbsp;<\/p> <p>Wir engagieren uns weiterhin f\u00fcr unsere gro\u00df angelegten PV-, Batteriespeicher- und Windprojekte auf der ganzen Welt, indem wir nachhaltige L\u00f6sungen jeglicher Art konzipieren und unsere Aktivit\u00e4ten vertikal ausbauen. So wollen wir in Zukunft noch n\u00e4her am Endverbraucher sein.<\/p> <h2 class=\"title\">Wir sind einer der weltweit f\u00fchrenden Anbieter von integrierten nachhaltigen Energiel\u00f6sungen.<\/h2> <h3 class=\"item-title\">Wir gestalten<\/h3> <p>Projektentwicklung Ma\u00dfgeschneiderte Strukturen<\/p> <h3 class=\"item-title\">Wir f\u00fchren aus<\/h3> <p>Finanzierung von Projekten Technik und Konstruktion<\/p> <h3 class=\"item-title\">Wir liefern<\/h3> <p>Betrieb und Wartung Asset Management<\/p> <h2 class=\"title\">Bei unseren Projekten sind wir an allen Phasen der Wertsch\u00f6pfungskette beteiligt.<\/h2> VON FRV DIREKT ODER \u00dcBER VERTR\u00c4GE KONTROLLIERT VON FRV AN VERTRAUENSW\u00dcRDIGE PARTNER VERGEBEN INGENIEURWESEN ENTWICKLUNG FINANZIERUNG UND M&A LIEFERUNG VON AUSR\u00dcSTUNG KONSTRUKTION ORIGINATION UND M\u00c4RKTE LANGFRISTIGE KAPITALL\u00d6SUNGEN BETRIEB UND WARTUNG ASSET MANAGEMENT I+D <h2 class=\"title\">Unsere wichtigsten Technologien<\/h2> <p>Wir suchen kontinuierlich nach neuen M\u00f6glichkeiten, um unser Gesch\u00e4ftsmodell zu optimieren. Dabei konzentrieren wir uns auf drei zentrale Technologien.<\/p> icon-1Created with Sketch. <h3 class=\"item-title\">Solarenergie<\/h3> <p>Als globaler Vorreiter bei der Entwicklung von Solarenergieprojekten z\u00e4hlt dieser Bereich zu unseren gro\u00dfen St\u00e4rken. Wir sind weltweit an Photovoltaik-Gro\u00dfprojekten beteiligt und verf\u00fcgen \u00fcber ein diversifiziertes Portfolio.<\/p> icon-2Created with Sketch. <h3 class=\"item-title\">Windenergie<\/h3> <p>Wir untersuchen unsere Solar-Standorte hinsichtlich ihrer Eignung f\u00fcr die Erzeugung von Windenergie. Im Falle positiver Ergebnisse verwirklichen wir Hybridprojekte, die beide Technologien kombinieren. Auf diese Weise bringen wir unsere umfassende Expertise und globale Pr\u00e4senz auf unterschiedlichen M\u00e4rkten zum Einsatz.<\/p> icon-3Created with Sketch. <h3 class=\"item-title\">Batterie-Energiespeicher<\/h3> <p>Wir vollen das Verbrauchsmanagement im Energiesektor optimieren und besch\u00e4ftigen Fachleute, die sich ausschlie\u00dflich dem Thema der Energiespeicherung widmen.<\/p> <h2 class=\"title\">Wodurch zeichnen wir uns aus?<\/h2> <h3 class=\"item-title\">Ma\u00dfgeschneiderte L\u00f6sungen<\/h3> <p>Wir ermitteln und implementieren innovative L\u00f6sungen, die auf die spezifischen Bed\u00fcrfnisse unserer Kunden abgestimmt sind.<\/p> <h3 class=\"item-title\">Globale Erfahrung<\/h3> <p>Wir sind auf f\u00fcnf Kontinenten t\u00e4tig und verf\u00fcgen \u00fcber das Know-how und die Erfahrung, um L\u00f6sungen f\u00fcr eine Vielzahl von Unternehmen und M\u00e4rkten mit unterschiedlichen rechtlichen Rahmenbedingungen anzubieten.<\/p> <h3 class=\"item-title\">Optimierung des Gesch\u00e4ftsmodells<\/h3> <p>Wir sind Pioniere bei innovativen Finanzstrukturen.<\/p> ","search_term":"","_links":{"self":[{"href":"https:\/\/frv.com\/de\/wp-json\/wp\/v2\/pages\/14675","targetHints":{"allow":["GET"]}}],"collection":[{"href":"https:\/\/frv.com\/de\/wp-json\/wp\/v2\/pages"}],"about":[{"href":"https:\/\/frv.com\/de\/wp-json\/wp\/v2\/types\/page"}],"author":[{"embeddable":true,"href":"https:\/\/frv.com\/de\/wp-json\/wp\/v2\/users\/1"}],"replies":[{"embeddable":true,"href":"https:\/\/frv.com\/de\/wp-json\/wp\/v2\/comments?post=14675"}],"version-history":[{"count":38,"href":"https:\/\/frv.com\/de\/wp-json\/wp\/v2\/pages\/14675\/revisions"}],"predecessor-version":[{"id":17324,"href":"https:\/\/frv.com\/de\/wp-json\/wp\/v2\/pages\/14675\/revisions\/17324"}],"up":[{"embeddable":true,"href":"https:\/\/frv.com\/de\/wp-json\/wp\/v2\/pages\/15983"}],"wp:featuredmedia":[{"embeddable":true,"href":"https:\/\/frv.com\/de\/wp-json\/wp\/v2\/media\/16369"}],"wp:attachment":[{"href":"https:\/\/frv.com\/de\/wp-json\/wp\/v2\/media?parent=14675"}],"curies":[{"name":"wp","href":"https:\/\/api.w.org\/{rel}","templated":true}]}}