{"id":14531,"date":"2016-04-29T14:29:19","date_gmt":"2016-04-29T12:29:19","guid":{"rendered":"http:\/\/frv.fullcircle.es\/?page_id=6"},"modified":"2023-06-12T13:19:44","modified_gmt":"2023-06-12T11:19:44","slug":"about-us","status":"publish","type":"page","link":"https:\/\/frv.com\/de\/about-us\/","title":{"rendered":"\u00dcber uns"},"content":{"rendered":"","protected":false},"excerpt":{"rendered":"","protected":false},"author":1,"featured_media":10640,"parent":0,"menu_order":16,"comment_status":"closed","ping_status":"closed","template":"","meta":{"_acf_changed":false,"footnotes":""},"class_list":["post-14531","page","type-page","status-publish","has-post-thumbnail","hentry"],"acf":[],"yoast_head":"<!-- This site is optimized with the Yoast SEO plugin v26.7 - https:\/\/yoast.com\/wordpress\/plugins\/seo\/ -->\n<title>About us - FRV<\/title>\n<meta name=\"robots\" content=\"index, follow, max-snippet:-1, max-image-preview:large, max-video-preview:-1\" \/>\n<link rel=\"canonical\" href=\"https:\/\/frv.com\/de\/about-us\/\" \/>\n<meta property=\"og:locale\" content=\"de_DE\" \/>\n<meta property=\"og:type\" content=\"article\" \/>\n<meta property=\"og:title\" content=\"About us - FRV\" \/>\n<meta property=\"og:url\" content=\"https:\/\/frv.com\/de\/about-us\/en\/\" \/>\n<meta property=\"og:site_name\" content=\"FRV\" \/>\n<meta property=\"article:publisher\" content=\"https:\/\/www.facebook.com\/FRV.Official\" \/>\n<meta property=\"article:modified_time\" content=\"2023-06-12T11:19:44+00:00\" \/>\n<meta property=\"og:image\" content=\"https:\/\/frv.com\/wp-content\/uploads\/2021\/04\/curiosidad-scaled.jpg\" \/>\n\t<meta property=\"og:image:width\" content=\"2560\" \/>\n\t<meta property=\"og:image:height\" content=\"1707\" \/>\n\t<meta property=\"og:image:type\" content=\"image\/jpeg\" \/>\n<meta name=\"twitter:card\" content=\"summary_large_image\" \/>\n<meta name=\"twitter:site\" content=\"@FotowatioRV\" \/>\n<script type=\"application\/ld+json\" class=\"yoast-schema-graph\">{\"@context\":\"https:\/\/schema.org\",\"@graph\":[{\"@type\":\"WebPage\",\"@id\":\"https:\/\/frv.com\/de\/about-us\/\",\"url\":\"https:\/\/frv.com\/de\/about-us\/\",\"name\":\"\u00dcber uns - FRV\",\"isPartOf\":{\"@id\":\"https:\/\/frv.com\/de\/#website\"},\"primaryImageOfPage\":{\"@id\":\"https:\/\/frv.com\/de\/about-us\/#primaryimage\"},\"image\":{\"@id\":\"https:\/\/frv.com\/about-us\/#primaryimage\"},\"thumbnailUrl\":\"\",\"datePublished\":\"2016-04-29T12:29:19+00:00\",\"dateModified\":\"2023-06-12T11:19:44+00:00\",\"breadcrumb\":{\"@id\":\"https:\/\/frv.com\/de\/about-us\/#breadcrumb\"},\"inLanguage\":\"de\",\"potentialAction\":[{\"@type\":\"ReadAction\",\"target\":[[\"https:\/\/frv.com\/de\/about-us\/\"]]}]},{\"@type\":\"ImageObject\",\"inLanguage\":\"de\",\"@id\":\"https:\/\/frv.com\/de\/about-us\/#primaryimage\",\"url\":\"\",\"contentUrl\":\"\"},{\"@type\":\"BreadcrumbList\",\"@id\":\"https:\/\/frv.com\/de\/about-us\/#breadcrumb\",\"itemListElement\":[{\"@type\":\"ListItem\",\"position\":1,\"name\":\"Home\",\"item\":\"https:\/\/frv.com\/de\/\"},{\"@type\":\"ListItem\",\"position\":2,\"name\":\"Sobre nosotros\"}]},{\"@type\":\"WebSite\",\"@id\":\"https:\/\/frv.com\/de\/#website\",\"url\":\"https:\/\/frv.com\/de\/\",\"name\":\"FRV\",\"description\":\"The future happens here\",\"potentialAction\":[{\"@type\":\"SearchAction\",\"target\":{\"@type\":\"EntryPoint\",\"urlTemplate\":\"https:\/\/frv.com\/de\/?s={search_term_string}\"},\"query-input\":{\"@type\":\"PropertyValueSpecification\",\"valueRequired\":true,\"valueName\":\"search_term_string\"}}],\"inLanguage\":\"de\"}]}<\/script>\n<!-- \/ Yoast SEO plugin. -->","yoast_head_json":{"title":"About us - FRV","robots":{"index":"index","follow":"follow","max-snippet":"max-snippet:-1","max-image-preview":"max-image-preview:large","max-video-preview":"max-video-preview:-1"},"canonical":"https:\/\/frv.com\/de\/about-us\/","og_locale":"de_DE","og_type":"article","og_title":"About us - FRV","og_url":"https:\/\/frv.com\/de\/about-us\/en\/","og_site_name":"FRV","article_publisher":"https:\/\/www.facebook.com\/FRV.Official","article_modified_time":"2023-06-12T11:19:44+00:00","og_image":[{"width":2560,"height":1707,"url":"https:\/\/frv.com\/wp-content\/uploads\/2021\/04\/curiosidad-scaled.jpg","type":"image\/jpeg"}],"twitter_card":"summary_large_image","twitter_site":"@FotowatioRV","schema":{"@context":"https:\/\/schema.org","@graph":[{"@type":"WebPage","@id":"https:\/\/frv.com\/de\/about-us\/","url":"https:\/\/frv.com\/de\/about-us\/","name":"\u00dcber uns - FRV","isPartOf":{"@id":"https:\/\/frv.com\/de\/#website"},"primaryImageOfPage":{"@id":"https:\/\/frv.com\/de\/about-us\/#primaryimage"},"image":{"@id":"https:\/\/frv.com\/about-us\/#primaryimage"},"thumbnailUrl":"","datePublished":"2016-04-29T12:29:19+00:00","dateModified":"2023-06-12T11:19:44+00:00","breadcrumb":{"@id":"https:\/\/frv.com\/de\/about-us\/#breadcrumb"},"inLanguage":"de","potentialAction":[{"@type":"ReadAction","target":[["https:\/\/frv.com\/de\/about-us\/"]]}]},{"@type":"ImageObject","inLanguage":"de","@id":"https:\/\/frv.com\/de\/about-us\/#primaryimage","url":"","contentUrl":""},{"@type":"BreadcrumbList","@id":"https:\/\/frv.com\/de\/about-us\/#breadcrumb","itemListElement":[{"@type":"ListItem","position":1,"name":"Home","item":"https:\/\/frv.com\/de\/"},{"@type":"ListItem","position":2,"name":"Sobre nosotros"}]},{"@type":"WebSite","@id":"https:\/\/frv.com\/de\/#website","url":"https:\/\/frv.com\/de\/","name":"FRV","description":"The future happens here","potentialAction":[{"@type":"SearchAction","target":{"@type":"EntryPoint","urlTemplate":"https:\/\/frv.com\/de\/?s={search_term_string}"},"query-input":{"@type":"PropertyValueSpecification","valueRequired":true,"valueName":"search_term_string"}}],"inLanguage":"de"}]}},"search_content":" <h2 class=\"title\">Unsere Vision<\/h2> <p>Seit \u00fcber 15 Jahren sorgen wir mit Projekten in \u00fcber 30 L\u00e4ndern daf\u00fcr, alternative Energien nutzbar zu machen. Umgerechnet \u00fcber eine Million Haushalte sind mit FRV unabh\u00e4ngig von fossilen Brennstoffen, profitieren von sicherer und preiswerter Energie und tragen damit zu einer Weiterentwicklung unserer Energieversorgung bei. Auch in Zukunft wollen wir diesen Weg beschreiten und in der Energiewende ein wichtiger Teil der L\u00f6sung sein, um den Herausforderungen unseres Planeten mit Innovation und Ambition zu begegnen.<\/p> <h2 class=\"title\">Unsere Mission<\/h2> <p>Das ist unser Versprechen an Sie, unsere Kundinnen und Kunden weltweit. Hohe Flexibilit\u00e4t bringen wir durch den Einsatz unterschiedlicher Technologien und L\u00f6sungen mit. Ganz gleich, ob Fl\u00e4chen durch Landwirtschaft und Energiegewinnung mehrfach genutzt werden sollen oder unterschiedliche Erl\u00f6smodelle angestrebt werden: Wir gehen mit Ihnen in den Austausch und finden die optimale L\u00f6sung. Rentabilit\u00e4t ist ein Treiber von Innovationen. Wir rechnen Projekte von Anfang an transparent mit Ihnen durch und bleiben von den ersten Planungsschritten bis zum Ende des laufenden Betriebs an Ihrer Seite.<\/p> <p>Vision\u00e4re Innovationen sind unsere Expertise. Wir stellen aber nicht nur modernste Technologie f\u00fcr eine m\u00f6glichst effiziente Nutzung Ihrer Fl\u00e4chen zur Verf\u00fcgung, sondern beraten Sie bei allen notwendigen technologischen und verfahrensrechtlichen Schritten zur Nutzung Ihrer Fl\u00e4chen mit Photovoltaik. Damit vereinfachen wir Ihren Zugang zu einem nachhaltigen Investitionsmodell: Der Nutzung von Photovoltaik auf Ihren landwirtschaftlichen Nutzfl\u00e4chen ebenso wie auf bereits vorhandenen oder konzipierten Dachfl\u00e4chen gro\u00dfer Anlagen, bspw. in der Viehzucht. Seit \u00fcber 15 Jahren finden wir optimale L\u00f6sungen und verbinden den globalen Energiewandel mit einer lohnenden Investition in Ihre und unser aller Zukunft. Wir freuen uns auf den Austausch mit Ihnen und auf gemeinsame herausfordernde Projekte.<\/p> <h2 class=\"title\">FRV in Zahlen<\/h2> 4 KONTINENTE 50+ ANLAGEN 5+ GW (BISHER) INSTALLIERTE LEISTUNGSKAPAZIT\u00c4T 4+ MILLIARDEN USD AN PROJEKTFINANZIERUNG <h2 class=\"title\">Timeline<\/h2> <p>Seit mehr als 15 Jahren bieten wir unseren Kundinnen und Kunden saubere, effiziente und wettbewerbsf\u00e4hige Energiel\u00f6sungen.<\/p> <h3 class=\"item-title\">2006<\/h3> <p>Unser erstes Bauprojekt: La Magascona (Spanien) mit 23 MW Gleichstrom \u2013 damals die gr\u00f6\u00dfte Photovoltaikanlage der Welt.<\/p> <h3 class=\"item-title\">2007<\/h3> <p>FRV wird der erste Entwickler von gro\u00df angelegten Solarenergieprojekten in Spanien.<\/p> <h3 class=\"item-title\">2008<\/h3> <p>FRV-Expansion nach Italien<\/p> <h3 class=\"item-title\">2010<\/h3> <p>FRV wird der erste unabh\u00e4ngige Hersteller von Photovoltaikanlagen in den USA. &#8212;<\/p> <h3 class=\"item-title\">2013<\/h3> <p>2013 beginnt FRV mit dem Bau von Royalla, dem ersten australischen Solarkraftwerk im gro\u00dfen Stil mit einer Gesamtleistung von 24 GW. Als einer der ersten Entwickler von Solarenergie erkannten wir das Potenzial des Landes: Royalla ist nach der vom Australian Capital Territory (ACT) durchgef\u00fchrten Auktion das erste ans Netz angeschlossene Solarprojekt in Australien.<\/p> <h3 class=\"item-title\">2015<\/h3> <p>Die Solaranlage La Jacinta mit einer Gesamtleistung von 65 MW wird in Uruguay in Betrieb genommen. Die Anlage ist das erste gro\u00dfe Solarprojekt des Landes und die zu diesem Zeitpunkt gr\u00f6\u00dfte Photovoltaikanlage in Lateinamerika. Bis heute handelt es sich um eines der gr\u00f6\u00dften Photovoltaikprojekte des Kontinents.<\/p> <h3 class=\"item-title\">2017<\/h3> <p>Finanzieller Abschluss von Clare in Australien (125 MW Gesamtleistung). Die von FRV entwickelte Anlage war das erste gro\u00df angelegte Solarprojekt in Australien, das von der Regierung mit einem Stromabnahmevertrag (PPA) ohne Subventionen finanziert wurde.<\/p> <p>Er\u00f6ffnung des Solarkraftwerks Moree in Australien mit 70 MW Gesamtleistung. Moree ist die erste gro\u00dfe Solaranlage des Landes, die ein einachsiges Nachf\u00fchrsystem verwendet, um die tags\u00fcber erzeugte Energie zu maximieren.<\/p> <p>Au\u00dferdem: FRV erh\u00e4lt den Zuschlag, ein Projekt in Chile mit einer Gesamtleistung von 200 MW umzusetzen \u2013 das erste Hybridprojekt des Unternehmens.<\/p> <h3 class=\"item-title\">2018<\/h3> <p>Jordanien startet mit der Unterst\u00fctzung von FRV seinen ersten Nanosatelliten.<\/p> <h3 class=\"item-title\">2019<\/h3> <p>FRV sichert die Finanzierung f\u00fcr Potrero Solar, mit 296 MW Gesamtleistung eines der gr\u00f6\u00dften Technologieprojekte weltweit mit bifazialen PV-Modulen. Potrero Solar ist das erste FRV-Projekt in Mexiko, das ohne langlaufende Stromliefervertr\u00e4ge (PPA) oder Subventionen finanziert wurde.<\/p> <h3 class=\"item-title\">2020<\/h3> <p>Finanzierungsabschluss des Solarkraftwerks Winton in Australien mit einer Gesamtleistung von 100 MW.<\/p> <p>Inbetriebnahme des Solanilla-Kraftwerks mit einer Gesamtleistung von 50 MW.<\/p> <p>Das von FRV und Harmony Energy entwickelte Projekt Holes Bay (7 MW Gesamtleistung) nimmt den Betrieb auf und wird zu einer der gr\u00f6\u00dften Energiespeicheranlagen im S\u00fcden des Vereinigten K\u00f6nigreichs und ganz Europas.<\/p> <p>Der Bau von Goonumbla in Australien mit einer Gesamtleistung von 69,75 MW Gleichstrom wird abgeschlossen.<\/p> <p>Finanzierungsabschluss von San Servan mit einer Gesamtleistung von 138 MW. Au\u00dferdem erh\u00e4lt FRV die erste Klimabond-Zertifizierung in Spanien.<\/p> <p>Finanzierungsabschluss der Sebastopol Solar Farm mit einer Gesamtleistung von 109 MW, dem ersten Green Finance Gesch\u00e4ft von FRV in Australien und einem der ersten Projekte im Bereich erneuerbare Energien \u00fcberhaupt, das anhand einer solchen Finanzierungsvereinbarung realisiert wird.<\/p> <p>Zweites Batterieprojekt im Vereinigten K\u00f6nigreich: Contego mit einer Gesamtleistung von 34 MW.<\/p> <p>FRV erh\u00e4lt die Baugenehmigung f\u00fcr Walla Walla in Australien mit einer Gesamtleistung von 300 MW Wechselstrom.<\/p> <p>Finanzierungsabschluss des Projekts Metz in Australien mit einer Gesamtleistung von 115 MW Wechselstrom.<\/p> <h3 class=\"item-title\">2021<\/h3> <p>Finanzierungsabschluss von Masrik \u2013 mit 62 MW Gesamtleistung die erste gro\u00dfe Photovoltaikanlage in Armenien.<\/p> <p>Teilnahme am Projekt \u201aInspira Madrid\u2018: FRV tr\u00e4gt durch gr\u00fcnen Wasserstoff zur Dekarbonisierung der \u00f6ffentlichen Mobilit\u00e4t in der spanischen Hauptstadt teil.<\/p> <p>FRV und Vectalia arbeiten gemeinsam an einem nachhaltigen, mit gr\u00fcnem Wasserstoff betriebenen Stadtverkehr.<\/p> <p>FRV best\u00e4tigt die Entwicklung seines ersten Solar-Batterie-Hybridprojekts in Australien: Die Anlage Dalby verf\u00fcgt \u00fcber Photovoltaik-Module mit einer Gesamtleistung von 2,4 MW Wechselstrom und ein Energiespeichersystem (BESS) mit einer Gesamtleistung von 2,5 MW Wechselstrom und 5 MWh Kapazit\u00e4t.<\/p> <p>FRV erzielt einen Finanzierungsabschluss mit NatWest f\u00fcr sein Batterieprojekt in Holes Bay (UK).<\/p> <p>FRV begr\u00fc\u00dft OMERS Infrastructure als neuen Partner f\u00fcr seine Plattform f\u00fcr erneuerbare Energien in Australien.<\/p> <p>FRV Australien erweitert seine regionalen Aktivit\u00e4ten auf Neuseeland: In Partnerschaft mit dem Energieunternehmen Genesis ist die Entwicklung von bis zu 500 MW Gesamtleistung geplant.<\/p> <p>Sebastopol \u2013 eine Anlage mit einer Gesamtleistung von 90 MW Wechselstrom \u2013 startet in New South Wales (Australien) mit der Erzeugung sauberer Energie.<\/p> <p>Baubeginn f\u00fcr San Serv\u00e1n 3, 4 und 5 mit 150 MW Gesamtleistung in Extremadura, Spanien.<\/p> <p>FRV weitet seine regionalen Aktivit\u00e4ten in Partnerschaft mit Tundra Advisory auf Polen aus.<\/p> <h3 class=\"item-title\">2022<\/h3> <p>FRV unterzeichnet ein Partnerschaftsabkommen mit Hexagon f\u00fcr die Wasserstoffproduktion in Australien.<\/p> <p>San Serv\u00e1n 220 (Gesamtleistung 138 MW) beginnt im spanischen Extremadura mit der Energieerzeugung.<\/p> <p>FRV f\u00fchrt in Mexiko ein wegweisendes Modell f\u00fcr die Energiespeicherung als Dienstleistung ein (EnSaaS).<\/p> ","search_term":"","_links":{"self":[{"href":"https:\/\/frv.com\/de\/wp-json\/wp\/v2\/pages\/14531","targetHints":{"allow":["GET"]}}],"collection":[{"href":"https:\/\/frv.com\/de\/wp-json\/wp\/v2\/pages"}],"about":[{"href":"https:\/\/frv.com\/de\/wp-json\/wp\/v2\/types\/page"}],"author":[{"embeddable":true,"href":"https:\/\/frv.com\/de\/wp-json\/wp\/v2\/users\/1"}],"replies":[{"embeddable":true,"href":"https:\/\/frv.com\/de\/wp-json\/wp\/v2\/comments?post=14531"}],"version-history":[{"count":54,"href":"https:\/\/frv.com\/de\/wp-json\/wp\/v2\/pages\/14531\/revisions"}],"predecessor-version":[{"id":17851,"href":"https:\/\/frv.com\/de\/wp-json\/wp\/v2\/pages\/14531\/revisions\/17851"}],"wp:featuredmedia":[{"embeddable":true,"href":"https:\/\/frv.com\/de\/wp-json\/"}],"wp:attachment":[{"href":"https:\/\/frv.com\/de\/wp-json\/wp\/v2\/media?parent=14531"}],"curies":[{"name":"wp","href":"https:\/\/api.w.org\/{rel}","templated":true}]}}